{"id":458020,"date":"2026-02-19T16:02:54","date_gmt":"2026-02-19T14:02:54","guid":{"rendered":"https:\/\/smedlunds.com\/?post_type=product&#038;p=458020"},"modified":"2026-02-19T16:36:23","modified_gmt":"2026-02-19T14:36:23","slug":"kalevala-haave-kaulakoru-pronssi-kopia","status":"publish","type":"product","link":"https:\/\/smedlunds.com\/fi\/tuote\/kalevala-haave-kaulakoru-pronssi-kopia\/","title":{"rendered":"KALEVALA VETOVOIMA KAULAKORU PRONSSI 327018350"},"content":{"rendered":"","protected":false},"excerpt":{"rendered":"<p><strong>Kalevala <b>Vetovoima\u00a0<\/b><b>kaulakoru<\/b><\/strong><\/p>\n<ul>\n<li>Ketjun pituus: 42\/45\/50cm<\/li>\n<li>Korun koko: 16<span data-measurement=\"height\">\u00a0x 16<\/span>mm<\/li>\n<li>Materiaali: Pronssi<\/li>\n<li>Design: Juslin-Maunula<\/li>\n<\/ul>\n<p style=\"text-align: center;\"><em>\u201dAsiat eiv\u00e4t ole aina sit\u00e4, milt\u00e4 n\u00e4ytt\u00e4v\u00e4t.<br \/>\nMalta pys\u00e4hty\u00e4, katsoa ja kuunnella<br \/>\nAvoimin mielin, ennakkoluulottomasti<br \/>\nSaatat n\u00e4hd\u00e4 asioita aivan uudessa valossa<br \/>\nL\u00f6yt\u00e4\u00e4 kauneutta sielt\u00e4 mist\u00e4 et uskonut sit\u00e4 l\u00f6yt\u00e4v\u00e4si<br \/>\nHuomata, kuinka vastakohdat voivat t\u00e4ydent\u00e4\u00e4 toisiaan<br \/>\nMuodostaen harmonisia kokonaisuuksia\u201d -Kalevala<\/em><strong>\u00a0<\/strong><\/p>\n<p style=\"text-align: center;\">\n","protected":false},"featured_media":458028,"template":"","meta":{"site-sidebar-layout":"default","site-content-layout":"","ast-site-content-layout":"default","site-content-style":"default","site-sidebar-style":"default","ast-global-header-display":"","ast-banner-title-visibility":"","ast-main-header-display":"","ast-hfb-above-header-display":"","ast-hfb-below-header-display":"","ast-hfb-mobile-header-display":"","site-post-title":"","ast-breadcrumbs-content":"","ast-featured-img":"","footer-sml-layout":"","ast-disable-related-posts":"","theme-transparent-header-meta":"default","adv-header-id-meta":"","stick-header-meta":"","header-above-stick-meta":"","header-main-stick-meta":"","header-below-stick-meta":"","astra-migrate-meta-layouts":"default","ast-page-background-enabled":"default","ast-page-background-meta":{"desktop":{"background-color":"","background-image":"","background-repeat":"repeat","background-position":"center center","background-size":"auto","background-attachment":"scroll","background-type":"","background-media":"","overlay-type":"","overlay-color":"","overlay-opacity":"","overlay-gradient":""},"tablet":{"background-color":"","background-image":"","background-repeat":"repeat","background-position":"center center","background-size":"auto","background-attachment":"scroll","background-type":"","background-media":"","overlay-type":"","overlay-color":"","overlay-opacity":"","overlay-gradient":""},"mobile":{"background-color":"","background-image":"","background-repeat":"repeat","background-position":"center center","background-size":"auto","background-attachment":"scroll","background-type":"","background-media":"","overlay-type":"","overlay-color":"","overlay-opacity":"","overlay-gradient":""}},"ast-content-background-meta":{"desktop":{"background-color":"var(--ast-global-color-5)","background-image":"","background-repeat":"repeat","background-position":"center center","background-size":"auto","background-attachment":"scroll","background-type":"","background-media":"","overlay-type":"","overlay-color":"","overlay-opacity":"","overlay-gradient":""},"tablet":{"background-color":"var(--ast-global-color-5)","background-image":"","background-repeat":"repeat","background-position":"center center","background-size":"auto","background-attachment":"scroll","background-type":"","background-media":"","overlay-type":"","overlay-color":"","overlay-opacity":"","overlay-gradient":""},"mobile":{"background-color":"var(--ast-global-color-5)","background-image":"","background-repeat":"repeat","background-position":"center center","background-size":"auto","background-attachment":"scroll","background-type":"","background-media":"","overlay-type":"","overlay-color":"","overlay-opacity":"","overlay-gradient":""}}},"product_brand":[],"product_cat":[600,108,111],"product_tag":[],"class_list":{"0":"post-458020","1":"product","2":"type-product","3":"status-publish","4":"has-post-thumbnail","6":"product_cat-kaulakorut","7":"product_cat-korut","8":"product_cat-naisten-korut","9":"pa_marke-kalevala-fi","10":"pa_material-pronssi","11":"pa_smyckestyp-kaulakorut","12":"desktop-align-center","13":"tablet-align-center","14":"mobile-align-center","15":"ast-product-gallery-layout-vertical","16":"ast-product-tabs-layout-horizontal","17":"ast-qv-on-image","19":"first","20":"instock","21":"taxable","22":"shipping-taxable","23":"purchasable","24":"product-type-simple"},"_links":{"self":[{"href":"https:\/\/smedlunds.com\/fi\/wp-json\/wp\/v2\/product\/458020","targetHints":{"allow":["GET"]}}],"collection":[{"href":"https:\/\/smedlunds.com\/fi\/wp-json\/wp\/v2\/product"}],"about":[{"href":"https:\/\/smedlunds.com\/fi\/wp-json\/wp\/v2\/types\/product"}],"wp:featuredmedia":[{"embeddable":true,"href":"https:\/\/smedlunds.com\/fi\/wp-json\/wp\/v2\/media\/458028"}],"wp:attachment":[{"href":"https:\/\/smedlunds.com\/fi\/wp-json\/wp\/v2\/media?parent=458020"}],"wp:term":[{"taxonomy":"product_brand","embeddable":true,"href":"https:\/\/smedlunds.com\/fi\/wp-json\/wp\/v2\/product_brand?post=458020"},{"taxonomy":"product_cat","embeddable":true,"href":"https:\/\/smedlunds.com\/fi\/wp-json\/wp\/v2\/product_cat?post=458020"},{"taxonomy":"product_tag","embeddable":true,"href":"https:\/\/smedlunds.com\/fi\/wp-json\/wp\/v2\/product_tag?post=458020"}],"curies":[{"name":"wp","href":"https:\/\/api.w.org\/{rel}","templated":true}]}}