{"id":457800,"date":"2026-02-02T12:41:05","date_gmt":"2026-02-02T10:41:05","guid":{"rendered":"https:\/\/smedlunds.com\/?post_type=product&#038;p=457800"},"modified":"2026-03-23T11:21:46","modified_gmt":"2026-03-23T09:21:46","slug":"kalevala-vaino-riipus-kopia","status":"publish","type":"product","link":"https:\/\/smedlunds.com\/fi\/tuote\/kalevala-vaino-riipus-kopia\/","title":{"rendered":"KALEVALA KANTTIRISTI RIIPUS 227026150"},"content":{"rendered":"","protected":false},"excerpt":{"rendered":"<p><strong>Kalevala K<b>anttiristi riipus<\/b><\/strong><\/p>\n<ul>\n<li>Ketjun pituus: 45\/50cm<\/li>\n<li>Korun korkeus: 30 x 15mm<\/li>\n<li>Materiaali: Hopea<\/li>\n<li>Suunnittelija: Kirsti Doukas<\/li>\n<\/ul>\n<p style=\"text-align: center;\"><em>&#8221;Ristiriipus kantaa muistoa el\u00e4m\u00e4n t\u00e4rkeist\u00e4 hetkist\u00e4. Se antaa rohkeutta kulkea eteenp\u00e4in. Anna tuulten puhaltaa ja nostaa sinut siivillesi. Lenn\u00e4 avoimin mielin kohti kiehtovaa seikkailua nimelt\u00e4 el\u00e4m\u00e4. Siipesi kantavat kyll\u00e4 &#8211; ristiriipus muistuttaa sinua siit\u00e4.&#8221; -Kalevala<\/em><\/p>\n<p>Kaiverrus sis\u00e4ltyy hintaan!<\/p>\n<p><strong>HUOM! Kaiverretuilla tuotteilla ei ole palautusoikeutta.\u00a0<\/strong><\/p>\n<p style=\"text-align: center;\">\n","protected":false},"featured_media":457804,"template":"","meta":{"site-sidebar-layout":"default","site-content-layout":"","ast-site-content-layout":"default","site-content-style":"default","site-sidebar-style":"default","ast-global-header-display":"","ast-banner-title-visibility":"","ast-main-header-display":"","ast-hfb-above-header-display":"","ast-hfb-below-header-display":"","ast-hfb-mobile-header-display":"","site-post-title":"","ast-breadcrumbs-content":"","ast-featured-img":"","footer-sml-layout":"","ast-disable-related-posts":"","theme-transparent-header-meta":"default","adv-header-id-meta":"","stick-header-meta":"","header-above-stick-meta":"","header-main-stick-meta":"","header-below-stick-meta":"","astra-migrate-meta-layouts":"set","ast-page-background-enabled":"default","ast-page-background-meta":{"desktop":{"background-color":"","background-image":"","background-repeat":"repeat","background-position":"center center","background-size":"auto","background-attachment":"scroll","background-type":"","background-media":"","overlay-type":"","overlay-color":"","overlay-opacity":"","overlay-gradient":""},"tablet":{"background-color":"","background-image":"","background-repeat":"repeat","background-position":"center center","background-size":"auto","background-attachment":"scroll","background-type":"","background-media":"","overlay-type":"","overlay-color":"","overlay-opacity":"","overlay-gradient":""},"mobile":{"background-color":"","background-image":"","background-repeat":"repeat","background-position":"center center","background-size":"auto","background-attachment":"scroll","background-type":"","background-media":"","overlay-type":"","overlay-color":"","overlay-opacity":"","overlay-gradient":""}},"ast-content-background-meta":{"desktop":{"background-color":"var(--ast-global-color-5)","background-image":"","background-repeat":"repeat","background-position":"center center","background-size":"auto","background-attachment":"scroll","background-type":"","background-media":"","overlay-type":"","overlay-color":"","overlay-opacity":"","overlay-gradient":""},"tablet":{"background-color":"var(--ast-global-color-5)","background-image":"","background-repeat":"repeat","background-position":"center center","background-size":"auto","background-attachment":"scroll","background-type":"","background-media":"","overlay-type":"","overlay-color":"","overlay-opacity":"","overlay-gradient":""},"mobile":{"background-color":"var(--ast-global-color-5)","background-image":"","background-repeat":"repeat","background-position":"center center","background-size":"auto","background-attachment":"scroll","background-type":"","background-media":"","overlay-type":"","overlay-color":"","overlay-opacity":"","overlay-gradient":""}}},"product_brand":[],"product_cat":[607,108,112,113],"product_tag":[],"class_list":{"0":"post-457800","1":"product","2":"type-product","3":"status-publish","4":"has-post-thumbnail","6":"product_cat-kaulakorut-fi","7":"product_cat-korut","8":"product_cat-miesten-korut","9":"product_cat-ristiriipukset","10":"pa_marke-kalevala-fi","11":"pa_material-hopea","12":"pa_smyckestyp-kaulakorut","13":"desktop-align-center","14":"tablet-align-center","15":"mobile-align-center","16":"ast-product-gallery-layout-vertical","17":"ast-product-gallery-with-no-image","18":"ast-product-tabs-layout-horizontal","19":"ast-qv-on-image","21":"first","22":"instock","23":"taxable","24":"shipping-taxable","25":"purchasable","26":"product-type-simple"},"_links":{"self":[{"href":"https:\/\/smedlunds.com\/fi\/wp-json\/wp\/v2\/product\/457800","targetHints":{"allow":["GET"]}}],"collection":[{"href":"https:\/\/smedlunds.com\/fi\/wp-json\/wp\/v2\/product"}],"about":[{"href":"https:\/\/smedlunds.com\/fi\/wp-json\/wp\/v2\/types\/product"}],"wp:featuredmedia":[{"embeddable":true,"href":"https:\/\/smedlunds.com\/fi\/wp-json\/wp\/v2\/media\/457804"}],"wp:attachment":[{"href":"https:\/\/smedlunds.com\/fi\/wp-json\/wp\/v2\/media?parent=457800"}],"wp:term":[{"taxonomy":"product_brand","embeddable":true,"href":"https:\/\/smedlunds.com\/fi\/wp-json\/wp\/v2\/product_brand?post=457800"},{"taxonomy":"product_cat","embeddable":true,"href":"https:\/\/smedlunds.com\/fi\/wp-json\/wp\/v2\/product_cat?post=457800"},{"taxonomy":"product_tag","embeddable":true,"href":"https:\/\/smedlunds.com\/fi\/wp-json\/wp\/v2\/product_tag?post=457800"}],"curies":[{"name":"wp","href":"https:\/\/api.w.org\/{rel}","templated":true}]}}