{"id":455842,"date":"2025-08-30T11:21:06","date_gmt":"2025-08-30T08:21:06","guid":{"rendered":"https:\/\/smedlunds.com\/?post_type=product&#038;p=455842"},"modified":"2026-03-23T11:26:48","modified_gmt":"2026-03-23T09:26:48","slug":"kalevala-valoisa-rannekoru-kopia","status":"publish","type":"product","link":"https:\/\/smedlunds.com\/fi\/tuote\/kalevala-valoisa-rannekoru-kopia\/","title":{"rendered":"KALEVALA ROOSA NAUHA 2025 VALOISA RANNEKORU PINKKI ZIRKONIA 2569483J"},"content":{"rendered":"","protected":false},"excerpt":{"rendered":"<p><strong>Kalevala Roosa nauha 2025 <b>valoisa\u00a0<\/b>rannekoru<\/strong><\/p>\n<ul>\n<li>Pituus: 19,5cm<\/li>\n<li>Materiaali: Hopea<\/li>\n<li>Kivi: Pinkki zirkonia<\/li>\n<li>Design: Tiina Arkko<\/li>\n<\/ul>\n<p><em><strong><span class=\"TextRun SCXW199152350 BCX0\" lang=\"FI-FI\" data-contrast=\"auto\"><span class=\"NormalTextRun SCXW199152350 BCX0\">Kalevala Koru on ollut vuodesta 2015 mukana tukemassa t\u00e4rke\u00e4\u00e4 asiaa. Jokaisesta vuoden 2025 Roosa nauha \u2013korusta lahjoitetaan ker\u00e4ykseen 10 \u20ac.<\/span><\/span><span class=\"EOP SCXW199152350 BCX0\" data-ccp-props=\"{&quot;335559738&quot;:240,&quot;335559739&quot;:240}\">\u00a0<\/span><\/strong><\/em><\/p>\n<p style=\"text-align: center;\"><em>\u201dAnna aikaa yst\u00e4villesi<br \/>\nYst\u00e4vyys l\u00e4mmitt\u00e4\u00e4<br \/>\nValaa voimaa ja rohkeutta<br \/>\nYst\u00e4vyyden ympyr\u00e4, valon kirkas keh\u00e4<br \/>\nSulkee sis\u00e4\u00e4ns\u00e4 ilot ja surut ja syd\u00e4nten salat<br \/>\nSuo aikaa my\u00f6s itsellesi<br \/>\n\u00c4l\u00e4k\u00e4 unohda olla<br \/>\nItsesi paras yst\u00e4v\u00e4\u201d -Kalevala<\/em><\/p>\n<p>&nbsp;<\/p>\n","protected":false},"featured_media":455846,"template":"","meta":{"site-sidebar-layout":"default","site-content-layout":"","ast-site-content-layout":"default","site-content-style":"default","site-sidebar-style":"default","ast-global-header-display":"","ast-banner-title-visibility":"","ast-main-header-display":"","ast-hfb-above-header-display":"","ast-hfb-below-header-display":"","ast-hfb-mobile-header-display":"","site-post-title":"","ast-breadcrumbs-content":"","ast-featured-img":"","footer-sml-layout":"","ast-disable-related-posts":"","theme-transparent-header-meta":"default","adv-header-id-meta":"","stick-header-meta":"","header-above-stick-meta":"","header-main-stick-meta":"","header-below-stick-meta":"","astra-migrate-meta-layouts":"default","ast-page-background-enabled":"default","ast-page-background-meta":{"desktop":{"background-color":"","background-image":"","background-repeat":"repeat","background-position":"center center","background-size":"auto","background-attachment":"scroll","background-type":"","background-media":"","overlay-type":"","overlay-color":"","overlay-opacity":"","overlay-gradient":""},"tablet":{"background-color":"","background-image":"","background-repeat":"repeat","background-position":"center center","background-size":"auto","background-attachment":"scroll","background-type":"","background-media":"","overlay-type":"","overlay-color":"","overlay-opacity":"","overlay-gradient":""},"mobile":{"background-color":"","background-image":"","background-repeat":"repeat","background-position":"center center","background-size":"auto","background-attachment":"scroll","background-type":"","background-media":"","overlay-type":"","overlay-color":"","overlay-opacity":"","overlay-gradient":""}},"ast-content-background-meta":{"desktop":{"background-color":"var(--ast-global-color-5)","background-image":"","background-repeat":"repeat","background-position":"center center","background-size":"auto","background-attachment":"scroll","background-type":"","background-media":"","overlay-type":"","overlay-color":"","overlay-opacity":"","overlay-gradient":""},"tablet":{"background-color":"var(--ast-global-color-5)","background-image":"","background-repeat":"repeat","background-position":"center center","background-size":"auto","background-attachment":"scroll","background-type":"","background-media":"","overlay-type":"","overlay-color":"","overlay-opacity":"","overlay-gradient":""},"mobile":{"background-color":"var(--ast-global-color-5)","background-image":"","background-repeat":"repeat","background-position":"center center","background-size":"auto","background-attachment":"scroll","background-type":"","background-media":"","overlay-type":"","overlay-color":"","overlay-opacity":"","overlay-gradient":""}}},"product_brand":[],"product_cat":[108,111,598],"product_tag":[],"class_list":{"0":"post-455842","1":"product","2":"type-product","3":"status-publish","4":"has-post-thumbnail","6":"product_cat-korut","7":"product_cat-naisten-korut","8":"product_cat-rannekorut","9":"pa_marke-kalevala-fi","10":"pa_material-hopea","11":"pa_smyckestyp-rannekorut","12":"desktop-align-center","13":"tablet-align-center","14":"mobile-align-center","15":"ast-product-gallery-layout-vertical","16":"ast-product-tabs-layout-horizontal","17":"ast-qv-on-image","19":"first","20":"instock","21":"taxable","22":"shipping-taxable","23":"purchasable","24":"product-type-simple"},"_links":{"self":[{"href":"https:\/\/smedlunds.com\/fi\/wp-json\/wp\/v2\/product\/455842","targetHints":{"allow":["GET"]}}],"collection":[{"href":"https:\/\/smedlunds.com\/fi\/wp-json\/wp\/v2\/product"}],"about":[{"href":"https:\/\/smedlunds.com\/fi\/wp-json\/wp\/v2\/types\/product"}],"wp:featuredmedia":[{"embeddable":true,"href":"https:\/\/smedlunds.com\/fi\/wp-json\/wp\/v2\/media\/455846"}],"wp:attachment":[{"href":"https:\/\/smedlunds.com\/fi\/wp-json\/wp\/v2\/media?parent=455842"}],"wp:term":[{"taxonomy":"product_brand","embeddable":true,"href":"https:\/\/smedlunds.com\/fi\/wp-json\/wp\/v2\/product_brand?post=455842"},{"taxonomy":"product_cat","embeddable":true,"href":"https:\/\/smedlunds.com\/fi\/wp-json\/wp\/v2\/product_cat?post=455842"},{"taxonomy":"product_tag","embeddable":true,"href":"https:\/\/smedlunds.com\/fi\/wp-json\/wp\/v2\/product_tag?post=455842"}],"curies":[{"name":"wp","href":"https:\/\/api.w.org\/{rel}","templated":true}]}}