{"id":455156,"date":"2025-04-03T15:32:45","date_gmt":"2025-04-03T12:32:45","guid":{"rendered":"https:\/\/smedlunds.com\/?post_type=product&#038;p=455156"},"modified":"2025-04-03T15:36:28","modified_gmt":"2025-04-03T12:36:28","slug":"efva-attling-little-wrapped-hoops-korvakorut-kopia","status":"publish","type":"product","link":"https:\/\/smedlunds.com\/fi\/tuote\/efva-attling-little-wrapped-hoops-korvakorut-kopia\/","title":{"rendered":"EFVA ATTLING WRAPPED HOOPS KORVAKORUT"},"content":{"rendered":"<p>Kierr\u00e4tetyst\u00e4 strelinghopeasta valmistetut korvakorut, joissa on kierretty muotoilu.<\/p>\n","protected":false},"excerpt":{"rendered":"<p><strong><b>Efva Attling Wrapped Hoops korvakorut<\/b><\/strong><\/p>\n<ul>\n<li>Koko: \u00d8 53mm<\/li>\n<li style=\"text-align: left;\">Materiaali: Hopea<br \/>\n<i class=\"xl:pr-8 font-didot-24 text-h2\"><\/i><\/li>\n<\/ul>\n<p style=\"text-align: center;\"><i class=\"xl:pr-8 font-didot-24 text-h2\">\u201dN\u00e4ytt\u00e4v\u00e4 jokap\u00e4iv\u00e4inen mallisto k\u00e4\u00e4rittyn\u00e4 925-hopeaan tai 18k-kultaan.\u201d<\/i><span class=\"text-xs uppercase block text-dark mt-1 tracking-0.063rem\">\u2013 Efva Attling<\/span><\/p>\n<p>&nbsp;<\/p>\n","protected":false},"featured_media":455164,"template":"","meta":{"site-sidebar-layout":"default","site-content-layout":"","ast-site-content-layout":"default","site-content-style":"default","site-sidebar-style":"default","ast-global-header-display":"","ast-banner-title-visibility":"","ast-main-header-display":"","ast-hfb-above-header-display":"","ast-hfb-below-header-display":"","ast-hfb-mobile-header-display":"","site-post-title":"","ast-breadcrumbs-content":"","ast-featured-img":"","footer-sml-layout":"","ast-disable-related-posts":"","theme-transparent-header-meta":"default","adv-header-id-meta":"","stick-header-meta":"","header-above-stick-meta":"","header-main-stick-meta":"","header-below-stick-meta":"","astra-migrate-meta-layouts":"set","ast-page-background-enabled":"default","ast-page-background-meta":{"desktop":{"background-color":"","background-image":"","background-repeat":"repeat","background-position":"center center","background-size":"auto","background-attachment":"scroll","background-type":"","background-media":"","overlay-type":"","overlay-color":"","overlay-opacity":"","overlay-gradient":""},"tablet":{"background-color":"","background-image":"","background-repeat":"repeat","background-position":"center center","background-size":"auto","background-attachment":"scroll","background-type":"","background-media":"","overlay-type":"","overlay-color":"","overlay-opacity":"","overlay-gradient":""},"mobile":{"background-color":"","background-image":"","background-repeat":"repeat","background-position":"center center","background-size":"auto","background-attachment":"scroll","background-type":"","background-media":"","overlay-type":"","overlay-color":"","overlay-opacity":"","overlay-gradient":""}},"ast-content-background-meta":{"desktop":{"background-color":"var(--ast-global-color-5)","background-image":"","background-repeat":"repeat","background-position":"center center","background-size":"auto","background-attachment":"scroll","background-type":"","background-media":"","overlay-type":"","overlay-color":"","overlay-opacity":"","overlay-gradient":""},"tablet":{"background-color":"var(--ast-global-color-5)","background-image":"","background-repeat":"repeat","background-position":"center center","background-size":"auto","background-attachment":"scroll","background-type":"","background-media":"","overlay-type":"","overlay-color":"","overlay-opacity":"","overlay-gradient":""},"mobile":{"background-color":"var(--ast-global-color-5)","background-image":"","background-repeat":"repeat","background-position":"center center","background-size":"auto","background-attachment":"scroll","background-type":"","background-media":"","overlay-type":"","overlay-color":"","overlay-opacity":"","overlay-gradient":""}}},"product_brand":[],"product_cat":[108,603,111],"product_tag":[],"class_list":{"0":"post-455156","1":"product","2":"type-product","3":"status-publish","4":"has-post-thumbnail","6":"product_cat-korut","7":"product_cat-korvakorut","8":"product_cat-naisten-korut","9":"pa_marke-efva-attling-fi","10":"pa_material-hopea","11":"pa_smyckestyp-korvakorut","12":"desktop-align-center","13":"tablet-align-center","14":"mobile-align-center","15":"ast-product-gallery-layout-vertical","16":"ast-product-tabs-layout-horizontal","17":"ast-qv-on-image","19":"first","20":"instock","21":"taxable","22":"shipping-taxable","23":"purchasable","24":"product-type-simple"},"_links":{"self":[{"href":"https:\/\/smedlunds.com\/fi\/wp-json\/wp\/v2\/product\/455156","targetHints":{"allow":["GET"]}}],"collection":[{"href":"https:\/\/smedlunds.com\/fi\/wp-json\/wp\/v2\/product"}],"about":[{"href":"https:\/\/smedlunds.com\/fi\/wp-json\/wp\/v2\/types\/product"}],"wp:featuredmedia":[{"embeddable":true,"href":"https:\/\/smedlunds.com\/fi\/wp-json\/wp\/v2\/media\/455164"}],"wp:attachment":[{"href":"https:\/\/smedlunds.com\/fi\/wp-json\/wp\/v2\/media?parent=455156"}],"wp:term":[{"taxonomy":"product_brand","embeddable":true,"href":"https:\/\/smedlunds.com\/fi\/wp-json\/wp\/v2\/product_brand?post=455156"},{"taxonomy":"product_cat","embeddable":true,"href":"https:\/\/smedlunds.com\/fi\/wp-json\/wp\/v2\/product_cat?post=455156"},{"taxonomy":"product_tag","embeddable":true,"href":"https:\/\/smedlunds.com\/fi\/wp-json\/wp\/v2\/product_tag?post=455156"}],"curies":[{"name":"wp","href":"https:\/\/api.w.org\/{rel}","templated":true}]}}