{"id":454965,"date":"2025-03-27T12:45:52","date_gmt":"2025-03-27T10:45:52","guid":{"rendered":"https:\/\/smedlunds.com\/?post_type=product&#038;p=454965"},"modified":"2025-03-27T12:51:02","modified_gmt":"2025-03-27T10:51:02","slug":"kalevala-my-foolish-heart-lahjasetti-kopia","status":"publish","type":"product","link":"https:\/\/smedlunds.com\/fi\/tuote\/kalevala-my-foolish-heart-lahjasetti-kopia\/","title":{"rendered":"KALEVALA MY FOOLISH HEART KAULAKORU"},"content":{"rendered":"<p>Korutaiteilija ja kuvanveist\u00e4j\u00e4 Bj\u00f6rn Weckstr\u00f6m on Suomen kansainv\u00e4lisesti tunnetuin korumuotoilija. Weckstr\u00f6min 1960-luvulla suunnittelemat veistokselliset korut merkitsiv\u00e4t vallankumousta tuolloin viel\u00e4 kovin konservatiivisessa korumaailmassa ja tekiv\u00e4t h\u00e4nest\u00e4 maailmankuulun. Monet Bj\u00f6rn Weckstr\u00f6min muotoilemat hopeakorut ovat saaneet innoituksensa Pohjolan talven kylm\u00e4st\u00e4 kauneudesta. Koruihin on ikuistettu tuulen hangelle kinostamat alati muuttuvat veistokselliset muodot, peilikirkkaan ja himme\u00e4n mattaisena hohtavan hopean vuoropuhelu taas tuo mieleen puhtaan pakkaslumen ja talviauringossa v\u00e4lkehtiv\u00e4n j\u00e4\u00e4n. T\u00e4m\u00e4n korun aiheena on syd\u00e4n, joka korun nimen mukaisesti ei aina kuuntele j\u00e4rjen \u00e4\u00e4nt\u00e4.<\/p>\n","protected":false},"excerpt":{"rendered":"<p><strong>Kalevala <b>My Foolish Heart<\/b><b> riipus<\/b><\/strong><\/p>\n<ul>\n<li>Ketjun pituus: 46cm<\/li>\n<li>Materiaali: Hopea<\/li>\n<li>Design: Bj\u00f6rn Weckstr\u00f6m<\/li>\n<\/ul>\n<p style=\"text-align: center;\">\n","protected":false},"featured_media":454967,"template":"","meta":{"site-sidebar-layout":"default","site-content-layout":"","ast-site-content-layout":"default","site-content-style":"default","site-sidebar-style":"default","ast-global-header-display":"","ast-banner-title-visibility":"","ast-main-header-display":"","ast-hfb-above-header-display":"","ast-hfb-below-header-display":"","ast-hfb-mobile-header-display":"","site-post-title":"","ast-breadcrumbs-content":"","ast-featured-img":"","footer-sml-layout":"","ast-disable-related-posts":"","theme-transparent-header-meta":"default","adv-header-id-meta":"","stick-header-meta":"","header-above-stick-meta":"","header-main-stick-meta":"","header-below-stick-meta":"","astra-migrate-meta-layouts":"default","ast-page-background-enabled":"default","ast-page-background-meta":{"desktop":{"background-color":"","background-image":"","background-repeat":"repeat","background-position":"center center","background-size":"auto","background-attachment":"scroll","background-type":"","background-media":"","overlay-type":"","overlay-color":"","overlay-opacity":"","overlay-gradient":""},"tablet":{"background-color":"","background-image":"","background-repeat":"repeat","background-position":"center center","background-size":"auto","background-attachment":"scroll","background-type":"","background-media":"","overlay-type":"","overlay-color":"","overlay-opacity":"","overlay-gradient":""},"mobile":{"background-color":"","background-image":"","background-repeat":"repeat","background-position":"center center","background-size":"auto","background-attachment":"scroll","background-type":"","background-media":"","overlay-type":"","overlay-color":"","overlay-opacity":"","overlay-gradient":""}},"ast-content-background-meta":{"desktop":{"background-color":"var(--ast-global-color-5)","background-image":"","background-repeat":"repeat","background-position":"center center","background-size":"auto","background-attachment":"scroll","background-type":"","background-media":"","overlay-type":"","overlay-color":"","overlay-opacity":"","overlay-gradient":""},"tablet":{"background-color":"var(--ast-global-color-5)","background-image":"","background-repeat":"repeat","background-position":"center center","background-size":"auto","background-attachment":"scroll","background-type":"","background-media":"","overlay-type":"","overlay-color":"","overlay-opacity":"","overlay-gradient":""},"mobile":{"background-color":"var(--ast-global-color-5)","background-image":"","background-repeat":"repeat","background-position":"center center","background-size":"auto","background-attachment":"scroll","background-type":"","background-media":"","overlay-type":"","overlay-color":"","overlay-opacity":"","overlay-gradient":""}}},"product_brand":[],"product_cat":[600,108,111],"product_tag":[],"class_list":{"0":"post-454965","1":"product","2":"type-product","3":"status-publish","4":"has-post-thumbnail","6":"product_cat-kaulakorut","7":"product_cat-korut","8":"product_cat-naisten-korut","9":"pa_marke-kalevala-fi","10":"pa_material-hopea","11":"pa_smyckestyp-kaulakorut","12":"desktop-align-center","13":"tablet-align-center","14":"mobile-align-center","15":"ast-product-gallery-layout-vertical","16":"ast-product-gallery-with-no-image","17":"ast-product-tabs-layout-horizontal","18":"ast-qv-on-image","20":"first","21":"instock","22":"taxable","23":"shipping-taxable","24":"purchasable","25":"product-type-simple"},"_links":{"self":[{"href":"https:\/\/smedlunds.com\/fi\/wp-json\/wp\/v2\/product\/454965","targetHints":{"allow":["GET"]}}],"collection":[{"href":"https:\/\/smedlunds.com\/fi\/wp-json\/wp\/v2\/product"}],"about":[{"href":"https:\/\/smedlunds.com\/fi\/wp-json\/wp\/v2\/types\/product"}],"wp:featuredmedia":[{"embeddable":true,"href":"https:\/\/smedlunds.com\/fi\/wp-json\/wp\/v2\/media\/454967"}],"wp:attachment":[{"href":"https:\/\/smedlunds.com\/fi\/wp-json\/wp\/v2\/media?parent=454965"}],"wp:term":[{"taxonomy":"product_brand","embeddable":true,"href":"https:\/\/smedlunds.com\/fi\/wp-json\/wp\/v2\/product_brand?post=454965"},{"taxonomy":"product_cat","embeddable":true,"href":"https:\/\/smedlunds.com\/fi\/wp-json\/wp\/v2\/product_cat?post=454965"},{"taxonomy":"product_tag","embeddable":true,"href":"https:\/\/smedlunds.com\/fi\/wp-json\/wp\/v2\/product_tag?post=454965"}],"curies":[{"name":"wp","href":"https:\/\/api.w.org\/{rel}","templated":true}]}}