{"id":454247,"date":"2025-01-31T16:06:59","date_gmt":"2025-01-31T14:06:59","guid":{"rendered":"https:\/\/smedlunds.com\/?post_type=product&#038;p=454247"},"modified":"2025-01-31T16:15:46","modified_gmt":"2025-01-31T14:15:46","slug":"focus-scenery-10x50-kopia","status":"publish","type":"product","link":"https:\/\/smedlunds.com\/fi\/tuote\/focus-scenery-10x50-kopia\/","title":{"rendered":"FOCUS SCENERY 8&#215;40"},"content":{"rendered":"","protected":false},"excerpt":{"rendered":"<p><em>Focus Sceneryn vakaa k\u00e4densija ja kirkas, ter\u00e4v\u00e4 optiikka takaavat koko n\u00e4k\u00f6kent\u00e4lle loistavan kuvanlaadun. Kiikarit tarjoavat rauhallista, vakaata ja kirkkaudeltaan hyv\u00e4\u00e4 kuvaa ja niiden n\u00e4k\u00f6kentt\u00e4 on laaja 5,8\u20137,5 astetta (sarjan mallista riippuen), eli kohteen l\u00f6yt\u00e4minen on vaivatonta. Focus Scenery -kiikarit ovat joustavat ja monik\u00e4ytt\u00f6iset, ne sopivat yht\u00e4 hyvin mets\u00e4stykseen, lintuharrastamiseen ja monenlaisiin muihin luontoel\u00e4myksiin.<\/em><\/p>\n<p><em>Kiikarit on pinnoitettu kest\u00e4v\u00e4ll\u00e4 suojakumilla, joka takaa ihanteellista mukavuutta ja parhaan mahdollisen otteen jopa k\u00e4sineiden v\u00e4lityksell\u00e4. Kiikareissa on k\u00e4\u00e4nnett\u00e4v\u00e4t silm\u00e4suojaimet, jotka tekev\u00e4t pitk\u00e4st\u00e4kin katselusta mukavaa, silm\u00e4laseilla tai ilman.<\/em><\/p>\n<ul>\n<li style=\"list-style-type: none;\">\n<ul>\n<li>Mitat: 135 x 80 x 182mm<\/li>\n<li>Suurennos (x): 8<\/li>\n<li>Objektiivin halkaisija: 40mm<\/li>\n<li>Kest\u00e4v\u00e4 kumirengas<\/li>\n<li>Laaja n\u00e4k\u00f6kentt\u00e4<\/li>\n<li>Suuri tarkennuss\u00e4\u00e4din mahdollistaa nopean ja helpon tarkennuksen<\/li>\n<li>K\u00e4\u00e4nnett\u00e4v\u00e4t silm\u00e4suojaimet<\/li>\n<li>\u00a05 vuoden takuu<\/li>\n<\/ul>\n<\/li>\n<\/ul>\n","protected":false},"featured_media":454249,"template":"","meta":{"site-sidebar-layout":"default","site-content-layout":"default","ast-site-content-layout":"default","site-content-style":"default","site-sidebar-style":"default","ast-global-header-display":"","ast-banner-title-visibility":"","ast-main-header-display":"","ast-hfb-above-header-display":"","ast-hfb-below-header-display":"","ast-hfb-mobile-header-display":"","site-post-title":"","ast-breadcrumbs-content":"","ast-featured-img":"","footer-sml-layout":"","ast-disable-related-posts":"","theme-transparent-header-meta":"default","adv-header-id-meta":"","stick-header-meta":"","header-above-stick-meta":"","header-main-stick-meta":"","header-below-stick-meta":"","astra-migrate-meta-layouts":"default","ast-page-background-enabled":"default","ast-page-background-meta":{"desktop":{"background-color":"","background-image":"","background-repeat":"repeat","background-position":"center center","background-size":"auto","background-attachment":"scroll","background-type":"","background-media":"","overlay-type":"","overlay-color":"","overlay-opacity":"","overlay-gradient":""},"tablet":{"background-color":"","background-image":"","background-repeat":"repeat","background-position":"center center","background-size":"auto","background-attachment":"scroll","background-type":"","background-media":"","overlay-type":"","overlay-color":"","overlay-opacity":"","overlay-gradient":""},"mobile":{"background-color":"","background-image":"","background-repeat":"repeat","background-position":"center center","background-size":"auto","background-attachment":"scroll","background-type":"","background-media":"","overlay-type":"","overlay-color":"","overlay-opacity":"","overlay-gradient":""}},"ast-content-background-meta":{"desktop":{"background-color":"var(--ast-global-color-5)","background-image":"","background-repeat":"repeat","background-position":"center center","background-size":"auto","background-attachment":"scroll","background-type":"","background-media":"","overlay-type":"","overlay-color":"","overlay-opacity":"","overlay-gradient":""},"tablet":{"background-color":"var(--ast-global-color-5)","background-image":"","background-repeat":"repeat","background-position":"center center","background-size":"auto","background-attachment":"scroll","background-type":"","background-media":"","overlay-type":"","overlay-color":"","overlay-opacity":"","overlay-gradient":""},"mobile":{"background-color":"var(--ast-global-color-5)","background-image":"","background-repeat":"repeat","background-position":"center center","background-size":"auto","background-attachment":"scroll","background-type":"","background-media":"","overlay-type":"","overlay-color":"","overlay-opacity":"","overlay-gradient":""}}},"product_brand":[],"product_cat":[114,110],"product_tag":[],"class_list":{"0":"post-454247","1":"product","2":"type-product","3":"status-publish","4":"has-post-thumbnail","6":"product_cat-kiikarit","7":"product_cat-muut-tuotteet","8":"pa_marke-focus-fi","9":"desktop-align-center","10":"tablet-align-center","11":"mobile-align-center","12":"ast-product-gallery-layout-vertical","13":"ast-product-tabs-layout-horizontal","14":"ast-qv-on-image","16":"first","17":"instock","18":"taxable","19":"shipping-taxable","20":"purchasable","21":"product-type-simple"},"_links":{"self":[{"href":"https:\/\/smedlunds.com\/fi\/wp-json\/wp\/v2\/product\/454247","targetHints":{"allow":["GET"]}}],"collection":[{"href":"https:\/\/smedlunds.com\/fi\/wp-json\/wp\/v2\/product"}],"about":[{"href":"https:\/\/smedlunds.com\/fi\/wp-json\/wp\/v2\/types\/product"}],"wp:featuredmedia":[{"embeddable":true,"href":"https:\/\/smedlunds.com\/fi\/wp-json\/wp\/v2\/media\/454249"}],"wp:attachment":[{"href":"https:\/\/smedlunds.com\/fi\/wp-json\/wp\/v2\/media?parent=454247"}],"wp:term":[{"taxonomy":"product_brand","embeddable":true,"href":"https:\/\/smedlunds.com\/fi\/wp-json\/wp\/v2\/product_brand?post=454247"},{"taxonomy":"product_cat","embeddable":true,"href":"https:\/\/smedlunds.com\/fi\/wp-json\/wp\/v2\/product_cat?post=454247"},{"taxonomy":"product_tag","embeddable":true,"href":"https:\/\/smedlunds.com\/fi\/wp-json\/wp\/v2\/product_tag?post=454247"}],"curies":[{"name":"wp","href":"https:\/\/api.w.org\/{rel}","templated":true}]}}