{"id":452652,"date":"2024-11-11T11:24:46","date_gmt":"2024-11-11T09:24:46","guid":{"rendered":"https:\/\/smedlunds.com\/?post_type=product&#038;p=452652"},"modified":"2025-10-16T13:25:49","modified_gmt":"2025-10-16T10:25:49","slug":"seiko-5-automatic-srpg29k1-kopia","status":"publish","type":"product","link":"https:\/\/smedlunds.com\/fi\/tuote\/seiko-5-automatic-srpg29k1-kopia\/","title":{"rendered":"SEIKO 5 SPORTS AUTOMATIC SRPG35K1"},"content":{"rendered":"","protected":false},"excerpt":{"rendered":"<p><strong>Seiko automatic SRPG35K1<\/strong><\/p>\n<ul>\n<li>Automaattikello, k\u00e4yntivara 41h<\/li>\n<li>Ruostumaton ter\u00e4s<\/li>\n<li>Beige nylon ranneke<\/li>\n<li>Vesitiiveys: 100m (10ATM)<\/li>\n<li>Hardlex-lasi<\/li>\n<li>L\u00e4pin\u00e4kyv\u00e4 takapohja<\/li>\n<li>P\u00e4iv\u00e4m\u00e4\u00e4r\u00e4- ja viikonp\u00e4iv\u00e4n\u00e4ytt\u00f6<\/li>\n<li>Lumibrite<\/li>\n<li>Rungon leveys: 39,4mm<\/li>\n<li>Taulun v\u00e4ri: Musta<\/li>\n<\/ul>\n<p>Automaattikoneisto kello lataa k\u00e4ytt\u00f6virtansa sinun liikkeitesi avulla.<\/p>\n<p>Kaikille Seiko kelloille my\u00f6nnet\u00e4\u00e4n 3 vuoden takuu.<\/p>\n","protected":false},"featured_media":452658,"template":"","meta":{"site-sidebar-layout":"default","site-content-layout":"default","ast-site-content-layout":"default","site-content-style":"default","site-sidebar-style":"default","ast-global-header-display":"","ast-banner-title-visibility":"","ast-main-header-display":"","ast-hfb-above-header-display":"","ast-hfb-below-header-display":"","ast-hfb-mobile-header-display":"","site-post-title":"","ast-breadcrumbs-content":"","ast-featured-img":"","footer-sml-layout":"","ast-disable-related-posts":"","theme-transparent-header-meta":"default","adv-header-id-meta":"","stick-header-meta":"","header-above-stick-meta":"","header-main-stick-meta":"","header-below-stick-meta":"","astra-migrate-meta-layouts":"default","ast-page-background-enabled":"default","ast-page-background-meta":{"desktop":{"background-color":"","background-image":"","background-repeat":"repeat","background-position":"center center","background-size":"auto","background-attachment":"scroll","background-type":"","background-media":"","overlay-type":"","overlay-color":"","overlay-opacity":"","overlay-gradient":""},"tablet":{"background-color":"","background-image":"","background-repeat":"repeat","background-position":"center center","background-size":"auto","background-attachment":"scroll","background-type":"","background-media":"","overlay-type":"","overlay-color":"","overlay-opacity":"","overlay-gradient":""},"mobile":{"background-color":"","background-image":"","background-repeat":"repeat","background-position":"center center","background-size":"auto","background-attachment":"scroll","background-type":"","background-media":"","overlay-type":"","overlay-color":"","overlay-opacity":"","overlay-gradient":""}},"ast-content-background-meta":{"desktop":{"background-color":"var(--ast-global-color-5)","background-image":"","background-repeat":"repeat","background-position":"center center","background-size":"auto","background-attachment":"scroll","background-type":"","background-media":"","overlay-type":"","overlay-color":"","overlay-opacity":"","overlay-gradient":""},"tablet":{"background-color":"var(--ast-global-color-5)","background-image":"","background-repeat":"repeat","background-position":"center center","background-size":"auto","background-attachment":"scroll","background-type":"","background-media":"","overlay-type":"","overlay-color":"","overlay-opacity":"","overlay-gradient":""},"mobile":{"background-color":"var(--ast-global-color-5)","background-image":"","background-repeat":"repeat","background-position":"center center","background-size":"auto","background-attachment":"scroll","background-type":"","background-media":"","overlay-type":"","overlay-color":"","overlay-opacity":"","overlay-gradient":""}}},"product_brand":[],"product_cat":[102,104],"product_tag":[],"class_list":{"0":"post-452652","1":"product","2":"type-product","3":"status-publish","4":"has-post-thumbnail","6":"product_cat-kellot","7":"product_cat-miesten-kellot","8":"pa_marke-seiko-fi","9":"pa_material-kangas","10":"pa_material-ruostumaton-teras","11":"desktop-align-center","12":"tablet-align-center","13":"mobile-align-center","14":"ast-product-gallery-layout-vertical","15":"ast-product-tabs-layout-horizontal","16":"ast-qv-on-image","18":"first","19":"instock","20":"taxable","21":"shipping-taxable","22":"purchasable","23":"product-type-simple"},"_links":{"self":[{"href":"https:\/\/smedlunds.com\/fi\/wp-json\/wp\/v2\/product\/452652","targetHints":{"allow":["GET"]}}],"collection":[{"href":"https:\/\/smedlunds.com\/fi\/wp-json\/wp\/v2\/product"}],"about":[{"href":"https:\/\/smedlunds.com\/fi\/wp-json\/wp\/v2\/types\/product"}],"wp:featuredmedia":[{"embeddable":true,"href":"https:\/\/smedlunds.com\/fi\/wp-json\/wp\/v2\/media\/452658"}],"wp:attachment":[{"href":"https:\/\/smedlunds.com\/fi\/wp-json\/wp\/v2\/media?parent=452652"}],"wp:term":[{"taxonomy":"product_brand","embeddable":true,"href":"https:\/\/smedlunds.com\/fi\/wp-json\/wp\/v2\/product_brand?post=452652"},{"taxonomy":"product_cat","embeddable":true,"href":"https:\/\/smedlunds.com\/fi\/wp-json\/wp\/v2\/product_cat?post=452652"},{"taxonomy":"product_tag","embeddable":true,"href":"https:\/\/smedlunds.com\/fi\/wp-json\/wp\/v2\/product_tag?post=452652"}],"curies":[{"name":"wp","href":"https:\/\/api.w.org\/{rel}","templated":true}]}}