{"id":452062,"date":"2024-10-23T11:01:37","date_gmt":"2024-10-23T08:01:37","guid":{"rendered":"https:\/\/smedlunds.com\/?post_type=product&#038;p=452062"},"modified":"2024-10-23T11:09:09","modified_gmt":"2024-10-23T08:09:09","slug":"thomas-sabo-charm-club-mustalla-helmilla-kopia","status":"publish","type":"product","link":"https:\/\/smedlunds.com\/fi\/tuote\/thomas-sabo-charm-club-mustalla-helmilla-kopia\/","title":{"rendered":"THOMAS SABO CHARM CLUB RANNEKORU CHARMISTA COIN VALKOISILLA HELMILL\u00c4"},"content":{"rendered":"<p>Charm Carrier: Charm-rannekoru tekee vaikutuksen j\u00e4nnitt\u00e4v\u00e4ll\u00e4 yhdistelm\u00e4ll\u00e4 viljeltyj\u00e4 makeanveden helmi\u00e4 ja linkkirannekorua ankkuriketjun ilmeess\u00e4. T\u00e4m\u00e4 on valmistettu eksklusiivisesta 925 sterlinghopeasta, samoin kuin viljeltyjen makeanveden helmien p\u00e4\u00e4t, jotka on suunniteltu tyylikk\u00e4\u00e4sti kaiverretuilla viivoilla. Rannekorun p\u00e4\u00e4t\u00e4 koristaa py\u00f6re\u00e4 THOMAS SABO Charm Club Charmista -kolikko, joka on k\u00e4sinmaalattu hohtavan valkoisella emalilla.<br \/>\nCharm-rannekorua on saatavana eri pituuksina. Se voidaan yhdist\u00e4\u00e4 erilaisiin koruihin, jotka ripustetaan helposti linkkiin. T\u00e4ll\u00e4 tavalla voidaan luoda henkil\u00f6kohtaisia \u200b\u200bkoruja.<\/p>\n","protected":false},"excerpt":{"rendered":"<p><strong>Thomas Sabo Charm Club rannekoru<\/strong><\/p>\n<ul>\n<li style=\"list-style-type: none;\">\n<ul>\n<li>Pituus: 16-19cm<\/li>\n<li>Materiaali: 925 Sterling hopea, kylm\u00e4emali<\/li>\n<li>Makeavedenhelmet<\/li>\n<li>Malli: Rannekoru<\/li>\n<\/ul>\n<\/li>\n<\/ul>\n","protected":false},"featured_media":452064,"template":"","meta":{"site-sidebar-layout":"default","site-content-layout":"default","ast-site-content-layout":"default","site-content-style":"default","site-sidebar-style":"default","ast-global-header-display":"","ast-banner-title-visibility":"","ast-main-header-display":"","ast-hfb-above-header-display":"","ast-hfb-below-header-display":"","ast-hfb-mobile-header-display":"","site-post-title":"","ast-breadcrumbs-content":"","ast-featured-img":"","footer-sml-layout":"","ast-disable-related-posts":"","theme-transparent-header-meta":"default","adv-header-id-meta":"","stick-header-meta":"","header-above-stick-meta":"","header-main-stick-meta":"","header-below-stick-meta":"","astra-migrate-meta-layouts":"default","ast-page-background-enabled":"default","ast-page-background-meta":{"desktop":{"background-color":"","background-image":"","background-repeat":"repeat","background-position":"center center","background-size":"auto","background-attachment":"scroll","background-type":"","background-media":"","overlay-type":"","overlay-color":"","overlay-opacity":"","overlay-gradient":""},"tablet":{"background-color":"","background-image":"","background-repeat":"repeat","background-position":"center center","background-size":"auto","background-attachment":"scroll","background-type":"","background-media":"","overlay-type":"","overlay-color":"","overlay-opacity":"","overlay-gradient":""},"mobile":{"background-color":"","background-image":"","background-repeat":"repeat","background-position":"center center","background-size":"auto","background-attachment":"scroll","background-type":"","background-media":"","overlay-type":"","overlay-color":"","overlay-opacity":"","overlay-gradient":""}},"ast-content-background-meta":{"desktop":{"background-color":"var(--ast-global-color-5)","background-image":"","background-repeat":"repeat","background-position":"center center","background-size":"auto","background-attachment":"scroll","background-type":"","background-media":"","overlay-type":"","overlay-color":"","overlay-opacity":"","overlay-gradient":""},"tablet":{"background-color":"var(--ast-global-color-5)","background-image":"","background-repeat":"repeat","background-position":"center center","background-size":"auto","background-attachment":"scroll","background-type":"","background-media":"","overlay-type":"","overlay-color":"","overlay-opacity":"","overlay-gradient":""},"mobile":{"background-color":"var(--ast-global-color-5)","background-image":"","background-repeat":"repeat","background-position":"center center","background-size":"auto","background-attachment":"scroll","background-type":"","background-media":"","overlay-type":"","overlay-color":"","overlay-opacity":"","overlay-gradient":""}}},"product_brand":[],"product_cat":[108,111,598],"product_tag":[],"class_list":{"0":"post-452062","1":"product","2":"type-product","3":"status-publish","4":"has-post-thumbnail","6":"product_cat-korut","7":"product_cat-naisten-korut","8":"product_cat-rannekorut","9":"pa_marke-thomas-sabo-fi","10":"pa_material-helmet","11":"pa_material-hopea","12":"pa_smyckestyp-rannekorut","13":"desktop-align-center","14":"tablet-align-center","15":"mobile-align-center","16":"ast-product-gallery-layout-vertical","17":"ast-product-tabs-layout-horizontal","18":"ast-qv-on-image","20":"first","21":"instock","22":"taxable","23":"shipping-taxable","24":"purchasable","25":"product-type-simple"},"_links":{"self":[{"href":"https:\/\/smedlunds.com\/fi\/wp-json\/wp\/v2\/product\/452062","targetHints":{"allow":["GET"]}}],"collection":[{"href":"https:\/\/smedlunds.com\/fi\/wp-json\/wp\/v2\/product"}],"about":[{"href":"https:\/\/smedlunds.com\/fi\/wp-json\/wp\/v2\/types\/product"}],"wp:featuredmedia":[{"embeddable":true,"href":"https:\/\/smedlunds.com\/fi\/wp-json\/wp\/v2\/media\/452064"}],"wp:attachment":[{"href":"https:\/\/smedlunds.com\/fi\/wp-json\/wp\/v2\/media?parent=452062"}],"wp:term":[{"taxonomy":"product_brand","embeddable":true,"href":"https:\/\/smedlunds.com\/fi\/wp-json\/wp\/v2\/product_brand?post=452062"},{"taxonomy":"product_cat","embeddable":true,"href":"https:\/\/smedlunds.com\/fi\/wp-json\/wp\/v2\/product_cat?post=452062"},{"taxonomy":"product_tag","embeddable":true,"href":"https:\/\/smedlunds.com\/fi\/wp-json\/wp\/v2\/product_tag?post=452062"}],"curies":[{"name":"wp","href":"https:\/\/api.w.org\/{rel}","templated":true}]}}