{"id":451884,"date":"2024-10-21T11:22:32","date_gmt":"2024-10-21T08:22:32","guid":{"rendered":"https:\/\/smedlunds.com\/?post_type=product&#038;p=451884"},"modified":"2024-10-21T11:27:15","modified_gmt":"2024-10-21T08:27:15","slug":"thomas-sabo-korvakorut-vaaleanpunaisilla-kivilla-kopia","status":"publish","type":"product","link":"https:\/\/smedlunds.com\/fi\/tuote\/thomas-sabo-korvakorut-vaaleanpunaisilla-kivilla-kopia\/","title":{"rendered":"THOMAS SABO KORVAKORUT VAALEANPUNAISET SYD\u00c4MENMUOTOISET KIVET"},"content":{"rendered":"<p>Romanttinen lausunto: N\u00e4m\u00e4 yksinkertaiset ja tyylikk\u00e4\u00e4t korvakorut, jotka on valmistettu kierr\u00e4tetyst\u00e4 hopeasta, ovat merkitt\u00e4v\u00e4 katseenvangitsija. Suuri, vaaleanpunainen, syd\u00e4men kiillotettu zirkonikivi kiinnitt\u00e4\u00e4 kaikkien huomion. T\u00e4m\u00e4 tarkoittaa, ett\u00e4 korvakorut eiv\u00e4t ole vain t\u00e4ydellisi\u00e4 jokaiseen ulkoasuun ja tilaisuuteen, vaan niist\u00e4 tulee my\u00f6s talisman, joka yhdist\u00e4\u00e4 suosikkihenkil\u00f6\u00f6n. Loistava lahja yst\u00e4v\u00e4np\u00e4iv\u00e4ksi, vuosip\u00e4iv\u00e4ksi tai h\u00e4\u00e4p\u00e4iv\u00e4ksi.<\/p>\n","protected":false},"excerpt":{"rendered":"<p><strong>Thomas Sabo korvakorut vaaleanpunaisilla kivill\u00e4<\/strong><\/p>\n<ul>\n<li>Koko: 18 x 9mm<\/li>\n<li>Materiaali: 925 Sterling hopea<\/li>\n<li>Kivet: Zirkonit<\/li>\n<li>Kiinnitys: Korvakorut koukussa<\/li>\n<\/ul>\n","protected":false},"featured_media":451886,"template":"","meta":{"site-sidebar-layout":"default","site-content-layout":"default","ast-site-content-layout":"default","site-content-style":"default","site-sidebar-style":"default","ast-global-header-display":"","ast-banner-title-visibility":"","ast-main-header-display":"","ast-hfb-above-header-display":"","ast-hfb-below-header-display":"","ast-hfb-mobile-header-display":"","site-post-title":"","ast-breadcrumbs-content":"","ast-featured-img":"","footer-sml-layout":"","ast-disable-related-posts":"","theme-transparent-header-meta":"default","adv-header-id-meta":"","stick-header-meta":"","header-above-stick-meta":"","header-main-stick-meta":"","header-below-stick-meta":"","astra-migrate-meta-layouts":"default","ast-page-background-enabled":"default","ast-page-background-meta":{"desktop":{"background-color":"","background-image":"","background-repeat":"repeat","background-position":"center center","background-size":"auto","background-attachment":"scroll","background-type":"","background-media":"","overlay-type":"","overlay-color":"","overlay-opacity":"","overlay-gradient":""},"tablet":{"background-color":"","background-image":"","background-repeat":"repeat","background-position":"center center","background-size":"auto","background-attachment":"scroll","background-type":"","background-media":"","overlay-type":"","overlay-color":"","overlay-opacity":"","overlay-gradient":""},"mobile":{"background-color":"","background-image":"","background-repeat":"repeat","background-position":"center center","background-size":"auto","background-attachment":"scroll","background-type":"","background-media":"","overlay-type":"","overlay-color":"","overlay-opacity":"","overlay-gradient":""}},"ast-content-background-meta":{"desktop":{"background-color":"var(--ast-global-color-5)","background-image":"","background-repeat":"repeat","background-position":"center center","background-size":"auto","background-attachment":"scroll","background-type":"","background-media":"","overlay-type":"","overlay-color":"","overlay-opacity":"","overlay-gradient":""},"tablet":{"background-color":"var(--ast-global-color-5)","background-image":"","background-repeat":"repeat","background-position":"center center","background-size":"auto","background-attachment":"scroll","background-type":"","background-media":"","overlay-type":"","overlay-color":"","overlay-opacity":"","overlay-gradient":""},"mobile":{"background-color":"var(--ast-global-color-5)","background-image":"","background-repeat":"repeat","background-position":"center center","background-size":"auto","background-attachment":"scroll","background-type":"","background-media":"","overlay-type":"","overlay-color":"","overlay-opacity":"","overlay-gradient":""}}},"product_brand":[],"product_cat":[108,603,111],"product_tag":[],"class_list":{"0":"post-451884","1":"product","2":"type-product","3":"status-publish","4":"has-post-thumbnail","6":"product_cat-korut","7":"product_cat-korvakorut","8":"product_cat-naisten-korut","9":"pa_marke-thomas-sabo-fi","10":"pa_material-hopea","11":"pa_smyckestyp-korvakorut","12":"desktop-align-center","13":"tablet-align-center","14":"mobile-align-center","15":"ast-product-gallery-layout-vertical","16":"ast-product-tabs-layout-horizontal","17":"ast-qv-on-image","19":"first","20":"instock","21":"taxable","22":"shipping-taxable","23":"purchasable","24":"product-type-simple"},"_links":{"self":[{"href":"https:\/\/smedlunds.com\/fi\/wp-json\/wp\/v2\/product\/451884","targetHints":{"allow":["GET"]}}],"collection":[{"href":"https:\/\/smedlunds.com\/fi\/wp-json\/wp\/v2\/product"}],"about":[{"href":"https:\/\/smedlunds.com\/fi\/wp-json\/wp\/v2\/types\/product"}],"wp:featuredmedia":[{"embeddable":true,"href":"https:\/\/smedlunds.com\/fi\/wp-json\/wp\/v2\/media\/451886"}],"wp:attachment":[{"href":"https:\/\/smedlunds.com\/fi\/wp-json\/wp\/v2\/media?parent=451884"}],"wp:term":[{"taxonomy":"product_brand","embeddable":true,"href":"https:\/\/smedlunds.com\/fi\/wp-json\/wp\/v2\/product_brand?post=451884"},{"taxonomy":"product_cat","embeddable":true,"href":"https:\/\/smedlunds.com\/fi\/wp-json\/wp\/v2\/product_cat?post=451884"},{"taxonomy":"product_tag","embeddable":true,"href":"https:\/\/smedlunds.com\/fi\/wp-json\/wp\/v2\/product_tag?post=451884"}],"curies":[{"name":"wp","href":"https:\/\/api.w.org\/{rel}","templated":true}]}}