{"id":451786,"date":"2024-10-17T15:10:20","date_gmt":"2024-10-17T12:10:20","guid":{"rendered":"https:\/\/smedlunds.com\/?post_type=product&#038;p=451786"},"modified":"2024-10-17T15:15:39","modified_gmt":"2024-10-17T12:15:39","slug":"thomas-sabo-rannekoru-kirkkaalla-kivella-kopia","status":"publish","type":"product","link":"https:\/\/smedlunds.com\/fi\/tuote\/thomas-sabo-rannekoru-kirkkaalla-kivella-kopia\/","title":{"rendered":"THOMAS SABO RANNEKORU YHDISTETYT SYD\u00c4MET KULLATTU"},"content":{"rendered":"<p>N\u00e4yt\u00e4 suosikkihenkil\u00f6llesi, kuinka syv\u00e4 rakkautesi on. T\u00e4m\u00e4 vieh\u00e4tt\u00e4v\u00e4 rannekoru, joka on valmistettu kierr\u00e4tetyst\u00e4 hopeasta 18K kullauksella, symboloi ikuista sidett\u00e4 kahden rakastajan v\u00e4lill\u00e4. Sit\u00e4 koristaa kaksi toisiinsa liittyv\u00e4\u00e4 syd\u00e4nt\u00e4. Yksi syd\u00e4n on eritt\u00e4in kiillotettu, toinen on koristeltu valkoisilla zirkonikivill\u00e4. Suunnittelussa korostetaan erityist\u00e4 merkityst\u00e4.<\/p>\n","protected":false},"excerpt":{"rendered":"<p><strong>Thomas Sabo rannekoru yhdistetyt syd\u00e4met<\/strong><\/p>\n<ul>\n<li>Pituus: 16-19cm<\/li>\n<li>Korun koko: 11 x 18mm<\/li>\n<li>Materiaali: 925 Sterling hopea, 18K kullattu<\/li>\n<li>Kivet: Zirkonia<\/li>\n<li>Malli: Rannekoru<\/li>\n<\/ul>\n","protected":false},"featured_media":451788,"template":"","meta":{"site-sidebar-layout":"default","site-content-layout":"default","ast-site-content-layout":"default","site-content-style":"default","site-sidebar-style":"default","ast-global-header-display":"","ast-banner-title-visibility":"","ast-main-header-display":"","ast-hfb-above-header-display":"","ast-hfb-below-header-display":"","ast-hfb-mobile-header-display":"","site-post-title":"","ast-breadcrumbs-content":"","ast-featured-img":"","footer-sml-layout":"","ast-disable-related-posts":"","theme-transparent-header-meta":"default","adv-header-id-meta":"","stick-header-meta":"","header-above-stick-meta":"","header-main-stick-meta":"","header-below-stick-meta":"","astra-migrate-meta-layouts":"default","ast-page-background-enabled":"default","ast-page-background-meta":{"desktop":{"background-color":"","background-image":"","background-repeat":"repeat","background-position":"center center","background-size":"auto","background-attachment":"scroll","background-type":"","background-media":"","overlay-type":"","overlay-color":"","overlay-opacity":"","overlay-gradient":""},"tablet":{"background-color":"","background-image":"","background-repeat":"repeat","background-position":"center center","background-size":"auto","background-attachment":"scroll","background-type":"","background-media":"","overlay-type":"","overlay-color":"","overlay-opacity":"","overlay-gradient":""},"mobile":{"background-color":"","background-image":"","background-repeat":"repeat","background-position":"center center","background-size":"auto","background-attachment":"scroll","background-type":"","background-media":"","overlay-type":"","overlay-color":"","overlay-opacity":"","overlay-gradient":""}},"ast-content-background-meta":{"desktop":{"background-color":"var(--ast-global-color-5)","background-image":"","background-repeat":"repeat","background-position":"center center","background-size":"auto","background-attachment":"scroll","background-type":"","background-media":"","overlay-type":"","overlay-color":"","overlay-opacity":"","overlay-gradient":""},"tablet":{"background-color":"var(--ast-global-color-5)","background-image":"","background-repeat":"repeat","background-position":"center center","background-size":"auto","background-attachment":"scroll","background-type":"","background-media":"","overlay-type":"","overlay-color":"","overlay-opacity":"","overlay-gradient":""},"mobile":{"background-color":"var(--ast-global-color-5)","background-image":"","background-repeat":"repeat","background-position":"center center","background-size":"auto","background-attachment":"scroll","background-type":"","background-media":"","overlay-type":"","overlay-color":"","overlay-opacity":"","overlay-gradient":""}}},"product_brand":[],"product_cat":[108,111,598],"product_tag":[],"class_list":{"0":"post-451786","1":"product","2":"type-product","3":"status-publish","4":"has-post-thumbnail","6":"product_cat-korut","7":"product_cat-naisten-korut","8":"product_cat-rannekorut","9":"pa_marke-thomas-sabo-fi","10":"pa_material-hopea","11":"pa_material-kulta","12":"pa_smyckestyp-rannekorut","13":"desktop-align-center","14":"tablet-align-center","15":"mobile-align-center","16":"ast-product-gallery-layout-vertical","17":"ast-product-tabs-layout-horizontal","18":"ast-qv-on-image","20":"first","21":"instock","22":"taxable","23":"shipping-taxable","24":"purchasable","25":"product-type-simple"},"_links":{"self":[{"href":"https:\/\/smedlunds.com\/fi\/wp-json\/wp\/v2\/product\/451786","targetHints":{"allow":["GET"]}}],"collection":[{"href":"https:\/\/smedlunds.com\/fi\/wp-json\/wp\/v2\/product"}],"about":[{"href":"https:\/\/smedlunds.com\/fi\/wp-json\/wp\/v2\/types\/product"}],"wp:featuredmedia":[{"embeddable":true,"href":"https:\/\/smedlunds.com\/fi\/wp-json\/wp\/v2\/media\/451788"}],"wp:attachment":[{"href":"https:\/\/smedlunds.com\/fi\/wp-json\/wp\/v2\/media?parent=451786"}],"wp:term":[{"taxonomy":"product_brand","embeddable":true,"href":"https:\/\/smedlunds.com\/fi\/wp-json\/wp\/v2\/product_brand?post=451786"},{"taxonomy":"product_cat","embeddable":true,"href":"https:\/\/smedlunds.com\/fi\/wp-json\/wp\/v2\/product_cat?post=451786"},{"taxonomy":"product_tag","embeddable":true,"href":"https:\/\/smedlunds.com\/fi\/wp-json\/wp\/v2\/product_tag?post=451786"}],"curies":[{"name":"wp","href":"https:\/\/api.w.org\/{rel}","templated":true}]}}