{"id":451774,"date":"2024-10-17T14:34:06","date_gmt":"2024-10-17T11:34:06","guid":{"rendered":"https:\/\/smedlunds.com\/?post_type=product&#038;p=451774"},"modified":"2024-10-17T14:37:56","modified_gmt":"2024-10-17T11:37:56","slug":"thomas-sabo-rannekoru-sydamenmuotoinen-kivi-kopia-2","status":"publish","type":"product","link":"https:\/\/smedlunds.com\/fi\/tuote\/thomas-sabo-rannekoru-sydamenmuotoinen-kivi-kopia-2\/","title":{"rendered":"THOMAS SABO RANNEKORU T\u00c4HDELL\u00c4"},"content":{"rendered":"<p>Ota onnent\u00e4htesi alas taivaalta ja laita se ranteeseesi. T\u00e4m\u00e4n kauniin kierr\u00e4tetyst\u00e4 hopeasta valmistetun rannekorun avulla kannat sit\u00e4 aina mukanasi. Yksinkertainen avoimen muotoinen t\u00e4hti istuu rannekorun keskell\u00e4. Jatkoketjun avulla voit s\u00e4\u00e4t\u00e4\u00e4 pituutta v\u00e4lill\u00e4 16-19 cm.<\/p>\n","protected":false},"excerpt":{"rendered":"<p><strong>Thomas Sabo rannekoru t\u00e4hdell\u00e4\u00a0<\/strong><\/p>\n<ul>\n<li>Pituus: 16-19cm<\/li>\n<li>Korun koko: 14 x 17mm<\/li>\n<li>Materiaali: 925 Sterling hopea<\/li>\n<li>Malli: Rannekoru<\/li>\n<\/ul>\n","protected":false},"featured_media":451776,"template":"","meta":{"site-sidebar-layout":"default","site-content-layout":"default","ast-site-content-layout":"default","site-content-style":"default","site-sidebar-style":"default","ast-global-header-display":"","ast-banner-title-visibility":"","ast-main-header-display":"","ast-hfb-above-header-display":"","ast-hfb-below-header-display":"","ast-hfb-mobile-header-display":"","site-post-title":"","ast-breadcrumbs-content":"","ast-featured-img":"","footer-sml-layout":"","ast-disable-related-posts":"","theme-transparent-header-meta":"default","adv-header-id-meta":"","stick-header-meta":"","header-above-stick-meta":"","header-main-stick-meta":"","header-below-stick-meta":"","astra-migrate-meta-layouts":"default","ast-page-background-enabled":"default","ast-page-background-meta":{"desktop":{"background-color":"","background-image":"","background-repeat":"repeat","background-position":"center center","background-size":"auto","background-attachment":"scroll","background-type":"","background-media":"","overlay-type":"","overlay-color":"","overlay-opacity":"","overlay-gradient":""},"tablet":{"background-color":"","background-image":"","background-repeat":"repeat","background-position":"center center","background-size":"auto","background-attachment":"scroll","background-type":"","background-media":"","overlay-type":"","overlay-color":"","overlay-opacity":"","overlay-gradient":""},"mobile":{"background-color":"","background-image":"","background-repeat":"repeat","background-position":"center center","background-size":"auto","background-attachment":"scroll","background-type":"","background-media":"","overlay-type":"","overlay-color":"","overlay-opacity":"","overlay-gradient":""}},"ast-content-background-meta":{"desktop":{"background-color":"var(--ast-global-color-5)","background-image":"","background-repeat":"repeat","background-position":"center center","background-size":"auto","background-attachment":"scroll","background-type":"","background-media":"","overlay-type":"","overlay-color":"","overlay-opacity":"","overlay-gradient":""},"tablet":{"background-color":"var(--ast-global-color-5)","background-image":"","background-repeat":"repeat","background-position":"center center","background-size":"auto","background-attachment":"scroll","background-type":"","background-media":"","overlay-type":"","overlay-color":"","overlay-opacity":"","overlay-gradient":""},"mobile":{"background-color":"var(--ast-global-color-5)","background-image":"","background-repeat":"repeat","background-position":"center center","background-size":"auto","background-attachment":"scroll","background-type":"","background-media":"","overlay-type":"","overlay-color":"","overlay-opacity":"","overlay-gradient":""}}},"product_brand":[],"product_cat":[108,111,598],"product_tag":[],"class_list":{"0":"post-451774","1":"product","2":"type-product","3":"status-publish","4":"has-post-thumbnail","6":"product_cat-korut","7":"product_cat-naisten-korut","8":"product_cat-rannekorut","9":"pa_marke-thomas-sabo-fi","10":"pa_material-hopea","11":"pa_smyckestyp-rannekorut","12":"desktop-align-center","13":"tablet-align-center","14":"mobile-align-center","15":"ast-product-gallery-layout-vertical","16":"ast-product-tabs-layout-horizontal","17":"ast-qv-on-image","19":"first","20":"instock","21":"taxable","22":"shipping-taxable","23":"purchasable","24":"product-type-simple"},"_links":{"self":[{"href":"https:\/\/smedlunds.com\/fi\/wp-json\/wp\/v2\/product\/451774","targetHints":{"allow":["GET"]}}],"collection":[{"href":"https:\/\/smedlunds.com\/fi\/wp-json\/wp\/v2\/product"}],"about":[{"href":"https:\/\/smedlunds.com\/fi\/wp-json\/wp\/v2\/types\/product"}],"wp:featuredmedia":[{"embeddable":true,"href":"https:\/\/smedlunds.com\/fi\/wp-json\/wp\/v2\/media\/451776"}],"wp:attachment":[{"href":"https:\/\/smedlunds.com\/fi\/wp-json\/wp\/v2\/media?parent=451774"}],"wp:term":[{"taxonomy":"product_brand","embeddable":true,"href":"https:\/\/smedlunds.com\/fi\/wp-json\/wp\/v2\/product_brand?post=451774"},{"taxonomy":"product_cat","embeddable":true,"href":"https:\/\/smedlunds.com\/fi\/wp-json\/wp\/v2\/product_cat?post=451774"},{"taxonomy":"product_tag","embeddable":true,"href":"https:\/\/smedlunds.com\/fi\/wp-json\/wp\/v2\/product_tag?post=451774"}],"curies":[{"name":"wp","href":"https:\/\/api.w.org\/{rel}","templated":true}]}}