{"id":451726,"date":"2024-10-16T12:29:56","date_gmt":"2024-10-16T09:29:56","guid":{"rendered":"https:\/\/smedlunds.com\/?post_type=product&#038;p=451726"},"modified":"2024-10-16T12:35:09","modified_gmt":"2024-10-16T09:35:09","slug":"thomas-sabo-kaulakoru-helmella-kullattu-kopia","status":"publish","type":"product","link":"https:\/\/smedlunds.com\/fi\/tuote\/thomas-sabo-kaulakoru-helmella-kullattu-kopia\/","title":{"rendered":"THOMAS SABO KAULAKORU TREE OF LOVE KULLATTU"},"content":{"rendered":"<p>N\u00e4yt\u00e4 syv\u00e4 mieltymyksesi suosikkihenkil\u00f6\u00f6si: T\u00e4ll\u00e4 kaulakorulla, jossa on kierr\u00e4tetyst\u00e4 hopeasta valmistettu riipus, jossa on 18K kullattu, on symbolinen merkitys el\u00e4m\u00e4npuuaiheellaan. Hienosti suunnitellulla, merkitt\u00e4v\u00e4ll\u00e4 valkoisella emalilla olevalla puulla on mutkittelevat oksat ja sit\u00e4 kehyst\u00e4v\u00e4t pienet pisteet. Anna riipuksen positiivisen merkityksen seurata sinua joka p\u00e4iv\u00e4 &#8211; kauniin kaulakorun pituutta voidaan s\u00e4\u00e4t\u00e4\u00e4 38-45 cm.<\/p>\n","protected":false},"excerpt":{"rendered":"<p><strong>Thomas Sabo kaulakoru el\u00e4m\u00e4n puu<\/strong><\/p>\n<ul>\n<li>Pituus: 38-45cm<\/li>\n<li>Korun koko: 22 x 17mm<\/li>\n<li>Materiaali: 925 Sterling hopea, 18K kullattu<\/li>\n<\/ul>\n","protected":false},"featured_media":451728,"template":"","meta":{"site-sidebar-layout":"default","site-content-layout":"default","ast-site-content-layout":"default","site-content-style":"default","site-sidebar-style":"default","ast-global-header-display":"","ast-banner-title-visibility":"","ast-main-header-display":"","ast-hfb-above-header-display":"","ast-hfb-below-header-display":"","ast-hfb-mobile-header-display":"","site-post-title":"","ast-breadcrumbs-content":"","ast-featured-img":"","footer-sml-layout":"","ast-disable-related-posts":"","theme-transparent-header-meta":"default","adv-header-id-meta":"","stick-header-meta":"","header-above-stick-meta":"","header-main-stick-meta":"","header-below-stick-meta":"","astra-migrate-meta-layouts":"default","ast-page-background-enabled":"default","ast-page-background-meta":{"desktop":{"background-color":"","background-image":"","background-repeat":"repeat","background-position":"center center","background-size":"auto","background-attachment":"scroll","background-type":"","background-media":"","overlay-type":"","overlay-color":"","overlay-opacity":"","overlay-gradient":""},"tablet":{"background-color":"","background-image":"","background-repeat":"repeat","background-position":"center center","background-size":"auto","background-attachment":"scroll","background-type":"","background-media":"","overlay-type":"","overlay-color":"","overlay-opacity":"","overlay-gradient":""},"mobile":{"background-color":"","background-image":"","background-repeat":"repeat","background-position":"center center","background-size":"auto","background-attachment":"scroll","background-type":"","background-media":"","overlay-type":"","overlay-color":"","overlay-opacity":"","overlay-gradient":""}},"ast-content-background-meta":{"desktop":{"background-color":"var(--ast-global-color-5)","background-image":"","background-repeat":"repeat","background-position":"center center","background-size":"auto","background-attachment":"scroll","background-type":"","background-media":"","overlay-type":"","overlay-color":"","overlay-opacity":"","overlay-gradient":""},"tablet":{"background-color":"var(--ast-global-color-5)","background-image":"","background-repeat":"repeat","background-position":"center center","background-size":"auto","background-attachment":"scroll","background-type":"","background-media":"","overlay-type":"","overlay-color":"","overlay-opacity":"","overlay-gradient":""},"mobile":{"background-color":"var(--ast-global-color-5)","background-image":"","background-repeat":"repeat","background-position":"center center","background-size":"auto","background-attachment":"scroll","background-type":"","background-media":"","overlay-type":"","overlay-color":"","overlay-opacity":"","overlay-gradient":""}}},"product_brand":[],"product_cat":[600,108,111],"product_tag":[],"class_list":{"0":"post-451726","1":"product","2":"type-product","3":"status-publish","4":"has-post-thumbnail","6":"product_cat-kaulakorut","7":"product_cat-korut","8":"product_cat-naisten-korut","9":"pa_marke-thomas-sabo-fi","10":"pa_material-hopea","11":"pa_material-kulta","12":"pa_smyckestyp-kaulakorut","13":"desktop-align-center","14":"tablet-align-center","15":"mobile-align-center","16":"ast-product-gallery-layout-vertical","17":"ast-product-tabs-layout-horizontal","18":"ast-qv-on-image","20":"first","21":"instock","22":"taxable","23":"shipping-taxable","24":"purchasable","25":"product-type-simple"},"_links":{"self":[{"href":"https:\/\/smedlunds.com\/fi\/wp-json\/wp\/v2\/product\/451726","targetHints":{"allow":["GET"]}}],"collection":[{"href":"https:\/\/smedlunds.com\/fi\/wp-json\/wp\/v2\/product"}],"about":[{"href":"https:\/\/smedlunds.com\/fi\/wp-json\/wp\/v2\/types\/product"}],"wp:featuredmedia":[{"embeddable":true,"href":"https:\/\/smedlunds.com\/fi\/wp-json\/wp\/v2\/media\/451728"}],"wp:attachment":[{"href":"https:\/\/smedlunds.com\/fi\/wp-json\/wp\/v2\/media?parent=451726"}],"wp:term":[{"taxonomy":"product_brand","embeddable":true,"href":"https:\/\/smedlunds.com\/fi\/wp-json\/wp\/v2\/product_brand?post=451726"},{"taxonomy":"product_cat","embeddable":true,"href":"https:\/\/smedlunds.com\/fi\/wp-json\/wp\/v2\/product_cat?post=451726"},{"taxonomy":"product_tag","embeddable":true,"href":"https:\/\/smedlunds.com\/fi\/wp-json\/wp\/v2\/product_tag?post=451726"}],"curies":[{"name":"wp","href":"https:\/\/api.w.org\/{rel}","templated":true}]}}