{"id":451702,"date":"2024-10-16T12:04:04","date_gmt":"2024-10-16T09:04:04","guid":{"rendered":"https:\/\/smedlunds.com\/?post_type=product&#038;p=451702"},"modified":"2024-10-16T12:07:39","modified_gmt":"2024-10-16T09:07:39","slug":"thomas-sabo-kaulakoru-infinity-kopia-kopia","status":"publish","type":"product","link":"https:\/\/smedlunds.com\/fi\/tuote\/thomas-sabo-kaulakoru-infinity-kopia-kopia\/","title":{"rendered":"THOMAS SABO KAULAKORU SYD\u00c4N KULLATTU"},"content":{"rendered":"<p>Ajaton muotoilu ajatonta symboliikkaa varten: Syd\u00e4n on edustanut ihmisten v\u00e4list\u00e4 rakkautta vuosisatojen ajan \u2013 se voi olla rakastavaisten, yst\u00e4vien, sisarusten tai vanhempien ja lasten v\u00e4lill\u00e4. Riipuksen minimalistinen muotoilu korostaa syd\u00e4men merkityst\u00e4. T\u00e4m\u00e4n merkitt\u00e4v\u00e4n korun mukana tulee mukava kaulakoru ja sit\u00e4 voidaan k\u00e4ytt\u00e4\u00e4 joka p\u00e4iv\u00e4. Sek\u00e4 riipus ett\u00e4 ketju on valmistettu kierr\u00e4tetyst\u00e4 hopeasta 18K kullauksella.<\/p>\n","protected":false},"excerpt":{"rendered":"<p><strong>Thomas Sabo kaulakoru syd\u00e4n<\/strong><\/p>\n<ul>\n<li>Pituus: 38-45cm<\/li>\n<li>Korun koko: 11 x 10mm<\/li>\n<li>Materiaali: 925 Sterling hopea, 18K kullattu<\/li>\n<\/ul>\n","protected":false},"featured_media":451704,"template":"","meta":{"site-sidebar-layout":"default","site-content-layout":"default","ast-site-content-layout":"default","site-content-style":"default","site-sidebar-style":"default","ast-global-header-display":"","ast-banner-title-visibility":"","ast-main-header-display":"","ast-hfb-above-header-display":"","ast-hfb-below-header-display":"","ast-hfb-mobile-header-display":"","site-post-title":"","ast-breadcrumbs-content":"","ast-featured-img":"","footer-sml-layout":"","ast-disable-related-posts":"","theme-transparent-header-meta":"default","adv-header-id-meta":"","stick-header-meta":"","header-above-stick-meta":"","header-main-stick-meta":"","header-below-stick-meta":"","astra-migrate-meta-layouts":"default","ast-page-background-enabled":"default","ast-page-background-meta":{"desktop":{"background-color":"","background-image":"","background-repeat":"repeat","background-position":"center center","background-size":"auto","background-attachment":"scroll","background-type":"","background-media":"","overlay-type":"","overlay-color":"","overlay-opacity":"","overlay-gradient":""},"tablet":{"background-color":"","background-image":"","background-repeat":"repeat","background-position":"center center","background-size":"auto","background-attachment":"scroll","background-type":"","background-media":"","overlay-type":"","overlay-color":"","overlay-opacity":"","overlay-gradient":""},"mobile":{"background-color":"","background-image":"","background-repeat":"repeat","background-position":"center center","background-size":"auto","background-attachment":"scroll","background-type":"","background-media":"","overlay-type":"","overlay-color":"","overlay-opacity":"","overlay-gradient":""}},"ast-content-background-meta":{"desktop":{"background-color":"var(--ast-global-color-5)","background-image":"","background-repeat":"repeat","background-position":"center center","background-size":"auto","background-attachment":"scroll","background-type":"","background-media":"","overlay-type":"","overlay-color":"","overlay-opacity":"","overlay-gradient":""},"tablet":{"background-color":"var(--ast-global-color-5)","background-image":"","background-repeat":"repeat","background-position":"center center","background-size":"auto","background-attachment":"scroll","background-type":"","background-media":"","overlay-type":"","overlay-color":"","overlay-opacity":"","overlay-gradient":""},"mobile":{"background-color":"var(--ast-global-color-5)","background-image":"","background-repeat":"repeat","background-position":"center center","background-size":"auto","background-attachment":"scroll","background-type":"","background-media":"","overlay-type":"","overlay-color":"","overlay-opacity":"","overlay-gradient":""}}},"product_brand":[],"product_cat":[600,108,111],"product_tag":[],"class_list":{"0":"post-451702","1":"product","2":"type-product","3":"status-publish","4":"has-post-thumbnail","6":"product_cat-kaulakorut","7":"product_cat-korut","8":"product_cat-naisten-korut","9":"pa_marke-thomas-sabo-fi","10":"pa_material-hopea","11":"pa_material-kulta","12":"pa_smyckestyp-kaulakorut","13":"desktop-align-center","14":"tablet-align-center","15":"mobile-align-center","16":"ast-product-gallery-layout-vertical","17":"ast-product-tabs-layout-horizontal","18":"ast-qv-on-image","20":"first","21":"instock","22":"taxable","23":"shipping-taxable","24":"purchasable","25":"product-type-simple"},"_links":{"self":[{"href":"https:\/\/smedlunds.com\/fi\/wp-json\/wp\/v2\/product\/451702","targetHints":{"allow":["GET"]}}],"collection":[{"href":"https:\/\/smedlunds.com\/fi\/wp-json\/wp\/v2\/product"}],"about":[{"href":"https:\/\/smedlunds.com\/fi\/wp-json\/wp\/v2\/types\/product"}],"wp:featuredmedia":[{"embeddable":true,"href":"https:\/\/smedlunds.com\/fi\/wp-json\/wp\/v2\/media\/451704"}],"wp:attachment":[{"href":"https:\/\/smedlunds.com\/fi\/wp-json\/wp\/v2\/media?parent=451702"}],"wp:term":[{"taxonomy":"product_brand","embeddable":true,"href":"https:\/\/smedlunds.com\/fi\/wp-json\/wp\/v2\/product_brand?post=451702"},{"taxonomy":"product_cat","embeddable":true,"href":"https:\/\/smedlunds.com\/fi\/wp-json\/wp\/v2\/product_cat?post=451702"},{"taxonomy":"product_tag","embeddable":true,"href":"https:\/\/smedlunds.com\/fi\/wp-json\/wp\/v2\/product_tag?post=451702"}],"curies":[{"name":"wp","href":"https:\/\/api.w.org\/{rel}","templated":true}]}}