{"id":451652,"date":"2024-10-16T11:06:09","date_gmt":"2024-10-16T08:06:09","guid":{"rendered":"https:\/\/smedlunds.com\/?post_type=product&#038;p=451652"},"modified":"2024-10-16T11:13:07","modified_gmt":"2024-10-16T08:13:07","slug":"thomas-sabo-kaulakoru-tahti-kopia","status":"publish","type":"product","link":"https:\/\/smedlunds.com\/fi\/tuote\/thomas-sabo-kaulakoru-tahti-kopia\/","title":{"rendered":"THOMAS SABO KAULAKORU SYD\u00c4N PUNAISELLA KIVELL\u00c4"},"content":{"rendered":"<p>Saa suosikkihenkil\u00f6si syd\u00e4n ly\u00f6m\u00e4\u00e4n nopeammin: T\u00e4m\u00e4 kaulakoru, jossa on kierr\u00e4tetyst\u00e4 hopeasta valmistettu riipus, on t\u00e4ydellinen lahja yst\u00e4v\u00e4np\u00e4iv\u00e4ksi tai mihin tahansa vuosip\u00e4iv\u00e4\u00e4n. Riipusta koristaa tummanpunainen, syd\u00e4meen leikattu zirkonikivi. Sen voimakas kirkkaus heijastaa syvi\u00e4 tunteitasi upealla tavalla.<\/p>\n","protected":false},"excerpt":{"rendered":"<p><strong>Thomas Sabo kaulakoru syd\u00e4n<\/strong><\/p>\n<ul>\n<li>Pituus: 38-45cm<\/li>\n<li>Korun koko: 15 x 11mm<\/li>\n<li>Materiaali: 925 Sterling hopea<\/li>\n<li>Kivi: Zirkonia<\/li>\n<\/ul>\n","protected":false},"featured_media":451654,"template":"","meta":{"site-sidebar-layout":"default","site-content-layout":"default","ast-site-content-layout":"default","site-content-style":"default","site-sidebar-style":"default","ast-global-header-display":"","ast-banner-title-visibility":"","ast-main-header-display":"","ast-hfb-above-header-display":"","ast-hfb-below-header-display":"","ast-hfb-mobile-header-display":"","site-post-title":"","ast-breadcrumbs-content":"","ast-featured-img":"","footer-sml-layout":"","ast-disable-related-posts":"","theme-transparent-header-meta":"default","adv-header-id-meta":"","stick-header-meta":"","header-above-stick-meta":"","header-main-stick-meta":"","header-below-stick-meta":"","astra-migrate-meta-layouts":"default","ast-page-background-enabled":"default","ast-page-background-meta":{"desktop":{"background-color":"","background-image":"","background-repeat":"repeat","background-position":"center center","background-size":"auto","background-attachment":"scroll","background-type":"","background-media":"","overlay-type":"","overlay-color":"","overlay-opacity":"","overlay-gradient":""},"tablet":{"background-color":"","background-image":"","background-repeat":"repeat","background-position":"center center","background-size":"auto","background-attachment":"scroll","background-type":"","background-media":"","overlay-type":"","overlay-color":"","overlay-opacity":"","overlay-gradient":""},"mobile":{"background-color":"","background-image":"","background-repeat":"repeat","background-position":"center center","background-size":"auto","background-attachment":"scroll","background-type":"","background-media":"","overlay-type":"","overlay-color":"","overlay-opacity":"","overlay-gradient":""}},"ast-content-background-meta":{"desktop":{"background-color":"var(--ast-global-color-5)","background-image":"","background-repeat":"repeat","background-position":"center center","background-size":"auto","background-attachment":"scroll","background-type":"","background-media":"","overlay-type":"","overlay-color":"","overlay-opacity":"","overlay-gradient":""},"tablet":{"background-color":"var(--ast-global-color-5)","background-image":"","background-repeat":"repeat","background-position":"center center","background-size":"auto","background-attachment":"scroll","background-type":"","background-media":"","overlay-type":"","overlay-color":"","overlay-opacity":"","overlay-gradient":""},"mobile":{"background-color":"var(--ast-global-color-5)","background-image":"","background-repeat":"repeat","background-position":"center center","background-size":"auto","background-attachment":"scroll","background-type":"","background-media":"","overlay-type":"","overlay-color":"","overlay-opacity":"","overlay-gradient":""}}},"product_brand":[],"product_cat":[600,108,111],"product_tag":[],"class_list":{"0":"post-451652","1":"product","2":"type-product","3":"status-publish","4":"has-post-thumbnail","6":"product_cat-kaulakorut","7":"product_cat-korut","8":"product_cat-naisten-korut","9":"pa_marke-thomas-sabo-fi","10":"pa_material-hopea","11":"pa_smyckestyp-kaulakorut","12":"desktop-align-center","13":"tablet-align-center","14":"mobile-align-center","15":"ast-product-gallery-layout-vertical","16":"ast-product-tabs-layout-horizontal","17":"ast-qv-on-image","19":"first","20":"instock","21":"taxable","22":"shipping-taxable","23":"purchasable","24":"product-type-simple"},"_links":{"self":[{"href":"https:\/\/smedlunds.com\/fi\/wp-json\/wp\/v2\/product\/451652","targetHints":{"allow":["GET"]}}],"collection":[{"href":"https:\/\/smedlunds.com\/fi\/wp-json\/wp\/v2\/product"}],"about":[{"href":"https:\/\/smedlunds.com\/fi\/wp-json\/wp\/v2\/types\/product"}],"wp:featuredmedia":[{"embeddable":true,"href":"https:\/\/smedlunds.com\/fi\/wp-json\/wp\/v2\/media\/451654"}],"wp:attachment":[{"href":"https:\/\/smedlunds.com\/fi\/wp-json\/wp\/v2\/media?parent=451652"}],"wp:term":[{"taxonomy":"product_brand","embeddable":true,"href":"https:\/\/smedlunds.com\/fi\/wp-json\/wp\/v2\/product_brand?post=451652"},{"taxonomy":"product_cat","embeddable":true,"href":"https:\/\/smedlunds.com\/fi\/wp-json\/wp\/v2\/product_cat?post=451652"},{"taxonomy":"product_tag","embeddable":true,"href":"https:\/\/smedlunds.com\/fi\/wp-json\/wp\/v2\/product_tag?post=451652"}],"curies":[{"name":"wp","href":"https:\/\/api.w.org\/{rel}","templated":true}]}}