{"id":451044,"date":"2024-10-09T17:01:48","date_gmt":"2024-10-09T14:01:49","guid":{"rendered":"https:\/\/smedlunds.com\/?post_type=product&#038;p=451044"},"modified":"2024-10-09T17:07:09","modified_gmt":"2024-10-09T14:07:09","slug":"casio-vintage-a168wa-1yes-kopia","status":"publish","type":"product","link":"https:\/\/smedlunds.com\/fi\/tuote\/casio-vintage-a168wa-1yes-kopia\/","title":{"rendered":"CASIO VINTAGE A159WGEA-1EF"},"content":{"rendered":"","protected":false},"excerpt":{"rendered":"<p><strong>CASIO VINTAGE A159WGEA-1EF<\/strong><\/p>\n<div>\n<form id=\"AddToCartForm\" class=\"product_form\" accept-charset=\"UTF-8\" action=\"https:\/\/smedlunds.com\/cart\/add\" enctype=\"multipart\/form-data\" method=\"post\" data-product-form=\" { &quot;money_format&quot;: &quot;\u20ac{{amount_with_comma_separator}}&quot;, &quot;enable_history&quot;: true, &quot;sold_out&quot;: &quot;Sold Out&quot;, &quot;button&quot;: &quot;Add to Cart&quot;, &quot;unavailable&quot;: &quot;Unavailable&quot;, &quot;quickview&quot;: false } \" data-product-id=\"6647535108281\">\n<div>\n<ul>\n<li style=\"font-size: 16px;\">Vesitiiveys: 30m<\/li>\n<li>Ranneke: Ruostumaton ter\u00e4s, kullattu<\/li>\n<li style=\"font-size: 16px;\">Rungon leveys: 33mm<\/li>\n<li>Taustavalo<\/li>\n<li>Ajanotto<\/li>\n<li>H\u00e4lytys<\/li>\n<li>Kalenteri<\/li>\n<li>12\/24 tunnin n\u00e4ytt\u00f6<\/li>\n<li>7:n vuoden paristo<\/li>\n<\/ul>\n<\/div>\n<p>Kaikille Casio kelloille my\u00f6nnet\u00e4\u00e4n 2 vuoden takuu.<\/p>\n<\/form>\n<\/div>\n","protected":false},"featured_media":451048,"template":"","meta":{"site-sidebar-layout":"default","site-content-layout":"default","ast-site-content-layout":"default","site-content-style":"default","site-sidebar-style":"default","ast-global-header-display":"","ast-banner-title-visibility":"","ast-main-header-display":"","ast-hfb-above-header-display":"","ast-hfb-below-header-display":"","ast-hfb-mobile-header-display":"","site-post-title":"","ast-breadcrumbs-content":"","ast-featured-img":"","footer-sml-layout":"","ast-disable-related-posts":"","theme-transparent-header-meta":"default","adv-header-id-meta":"","stick-header-meta":"","header-above-stick-meta":"","header-main-stick-meta":"","header-below-stick-meta":"","astra-migrate-meta-layouts":"default","ast-page-background-enabled":"default","ast-page-background-meta":{"desktop":{"background-color":"","background-image":"","background-repeat":"repeat","background-position":"center center","background-size":"auto","background-attachment":"scroll","background-type":"","background-media":"","overlay-type":"","overlay-color":"","overlay-opacity":"","overlay-gradient":""},"tablet":{"background-color":"","background-image":"","background-repeat":"repeat","background-position":"center center","background-size":"auto","background-attachment":"scroll","background-type":"","background-media":"","overlay-type":"","overlay-color":"","overlay-opacity":"","overlay-gradient":""},"mobile":{"background-color":"","background-image":"","background-repeat":"repeat","background-position":"center center","background-size":"auto","background-attachment":"scroll","background-type":"","background-media":"","overlay-type":"","overlay-color":"","overlay-opacity":"","overlay-gradient":""}},"ast-content-background-meta":{"desktop":{"background-color":"var(--ast-global-color-5)","background-image":"","background-repeat":"repeat","background-position":"center center","background-size":"auto","background-attachment":"scroll","background-type":"","background-media":"","overlay-type":"","overlay-color":"","overlay-opacity":"","overlay-gradient":""},"tablet":{"background-color":"var(--ast-global-color-5)","background-image":"","background-repeat":"repeat","background-position":"center center","background-size":"auto","background-attachment":"scroll","background-type":"","background-media":"","overlay-type":"","overlay-color":"","overlay-opacity":"","overlay-gradient":""},"mobile":{"background-color":"var(--ast-global-color-5)","background-image":"","background-repeat":"repeat","background-position":"center center","background-size":"auto","background-attachment":"scroll","background-type":"","background-media":"","overlay-type":"","overlay-color":"","overlay-opacity":"","overlay-gradient":""}}},"product_brand":[],"product_cat":[102,104],"product_tag":[],"class_list":{"0":"post-451044","1":"product","2":"type-product","3":"status-publish","4":"has-post-thumbnail","6":"product_cat-kellot","7":"product_cat-miesten-kellot","8":"pa_marke-casio-fi","9":"pa_material-muovi","10":"desktop-align-center","11":"tablet-align-center","12":"mobile-align-center","13":"ast-product-gallery-layout-vertical","14":"ast-product-tabs-layout-horizontal","15":"ast-qv-on-image","17":"first","18":"instock","19":"taxable","20":"shipping-taxable","21":"purchasable","22":"product-type-simple"},"_links":{"self":[{"href":"https:\/\/smedlunds.com\/fi\/wp-json\/wp\/v2\/product\/451044","targetHints":{"allow":["GET"]}}],"collection":[{"href":"https:\/\/smedlunds.com\/fi\/wp-json\/wp\/v2\/product"}],"about":[{"href":"https:\/\/smedlunds.com\/fi\/wp-json\/wp\/v2\/types\/product"}],"wp:featuredmedia":[{"embeddable":true,"href":"https:\/\/smedlunds.com\/fi\/wp-json\/wp\/v2\/media\/451048"}],"wp:attachment":[{"href":"https:\/\/smedlunds.com\/fi\/wp-json\/wp\/v2\/media?parent=451044"}],"wp:term":[{"taxonomy":"product_brand","embeddable":true,"href":"https:\/\/smedlunds.com\/fi\/wp-json\/wp\/v2\/product_brand?post=451044"},{"taxonomy":"product_cat","embeddable":true,"href":"https:\/\/smedlunds.com\/fi\/wp-json\/wp\/v2\/product_cat?post=451044"},{"taxonomy":"product_tag","embeddable":true,"href":"https:\/\/smedlunds.com\/fi\/wp-json\/wp\/v2\/product_tag?post=451044"}],"curies":[{"name":"wp","href":"https:\/\/api.w.org\/{rel}","templated":true}]}}