{"id":450727,"date":"2024-10-07T16:34:49","date_gmt":"2024-10-07T13:34:49","guid":{"rendered":"https:\/\/smedlunds.com\/?post_type=product&#038;p=450727"},"modified":"2024-10-07T16:44:58","modified_gmt":"2024-10-07T13:44:58","slug":"efva-attling-mini-crazy-heart-rannekoru-kopia-2","status":"publish","type":"product","link":"https:\/\/smedlunds.com\/fi\/tuote\/efva-attling-mini-crazy-heart-rannekoru-kopia-2\/","title":{"rendered":"EFVA ATTLING MINI LOVE RANNEKORU"},"content":{"rendered":"<p>Rannekoru, jossa on rakkauden symboleja \u2013 \u201dPencez de Moy\u201d, \u201dTwosome\u201d ja \u201dCrazy Heart\u201d.<\/p>\n","protected":false},"excerpt":{"rendered":"<p><strong><b>Efva Attling Mini Love <\/b>rannekoru<\/strong><\/p>\n<ul>\n<li>S\u00e4\u00e4dett\u00e4v\u00e4 pituus: 17 tai 19cm<\/li>\n<li>Materiaali: Hopea<\/li>\n<li>Koriste: \u00d8 10 &#8211; 12 mm<\/li>\n<\/ul>\n<p style=\"text-align: center;\"><span class=\"text-xs uppercase block text-dark mt-1 tracking-0.063rem\"><i class=\"xl:pr-8 font-didot-24 text-h2\">\u201dKuuntele syd\u00e4nt\u00e4si, seuraa sen \u00e4\u00e4nt\u00e4 ja anna sen pysy\u00e4 aina hulluna.\u201d<\/i>\u2013 Efva Attling<\/span><\/p>\n<p>&nbsp;<\/p>\n","protected":false},"featured_media":450735,"template":"","meta":{"site-sidebar-layout":"default","site-content-layout":"","ast-site-content-layout":"default","site-content-style":"default","site-sidebar-style":"default","ast-global-header-display":"","ast-banner-title-visibility":"","ast-main-header-display":"","ast-hfb-above-header-display":"","ast-hfb-below-header-display":"","ast-hfb-mobile-header-display":"","site-post-title":"","ast-breadcrumbs-content":"","ast-featured-img":"","footer-sml-layout":"","ast-disable-related-posts":"","theme-transparent-header-meta":"default","adv-header-id-meta":"","stick-header-meta":"","header-above-stick-meta":"","header-main-stick-meta":"","header-below-stick-meta":"","astra-migrate-meta-layouts":"default","ast-page-background-enabled":"default","ast-page-background-meta":{"desktop":{"background-color":"","background-image":"","background-repeat":"repeat","background-position":"center center","background-size":"auto","background-attachment":"scroll","background-type":"","background-media":"","overlay-type":"","overlay-color":"","overlay-opacity":"","overlay-gradient":""},"tablet":{"background-color":"","background-image":"","background-repeat":"repeat","background-position":"center center","background-size":"auto","background-attachment":"scroll","background-type":"","background-media":"","overlay-type":"","overlay-color":"","overlay-opacity":"","overlay-gradient":""},"mobile":{"background-color":"","background-image":"","background-repeat":"repeat","background-position":"center center","background-size":"auto","background-attachment":"scroll","background-type":"","background-media":"","overlay-type":"","overlay-color":"","overlay-opacity":"","overlay-gradient":""}},"ast-content-background-meta":{"desktop":{"background-color":"var(--ast-global-color-5)","background-image":"","background-repeat":"repeat","background-position":"center center","background-size":"auto","background-attachment":"scroll","background-type":"","background-media":"","overlay-type":"","overlay-color":"","overlay-opacity":"","overlay-gradient":""},"tablet":{"background-color":"var(--ast-global-color-5)","background-image":"","background-repeat":"repeat","background-position":"center center","background-size":"auto","background-attachment":"scroll","background-type":"","background-media":"","overlay-type":"","overlay-color":"","overlay-opacity":"","overlay-gradient":""},"mobile":{"background-color":"var(--ast-global-color-5)","background-image":"","background-repeat":"repeat","background-position":"center center","background-size":"auto","background-attachment":"scroll","background-type":"","background-media":"","overlay-type":"","overlay-color":"","overlay-opacity":"","overlay-gradient":""}}},"product_brand":[],"product_cat":[108,111,598],"product_tag":[],"class_list":{"0":"post-450727","1":"product","2":"type-product","3":"status-publish","4":"has-post-thumbnail","6":"product_cat-korut","7":"product_cat-naisten-korut","8":"product_cat-rannekorut","9":"pa_marke-efva-attling-fi","10":"pa_material-hopea","11":"pa_smyckestyp-rannekorut","12":"desktop-align-center","13":"tablet-align-center","14":"mobile-align-center","15":"ast-product-gallery-layout-vertical","16":"ast-product-tabs-layout-horizontal","17":"ast-qv-on-image","19":"first","20":"instock","21":"taxable","22":"shipping-taxable","23":"purchasable","24":"product-type-simple"},"_links":{"self":[{"href":"https:\/\/smedlunds.com\/fi\/wp-json\/wp\/v2\/product\/450727","targetHints":{"allow":["GET"]}}],"collection":[{"href":"https:\/\/smedlunds.com\/fi\/wp-json\/wp\/v2\/product"}],"about":[{"href":"https:\/\/smedlunds.com\/fi\/wp-json\/wp\/v2\/types\/product"}],"wp:featuredmedia":[{"embeddable":true,"href":"https:\/\/smedlunds.com\/fi\/wp-json\/wp\/v2\/media\/450735"}],"wp:attachment":[{"href":"https:\/\/smedlunds.com\/fi\/wp-json\/wp\/v2\/media?parent=450727"}],"wp:term":[{"taxonomy":"product_brand","embeddable":true,"href":"https:\/\/smedlunds.com\/fi\/wp-json\/wp\/v2\/product_brand?post=450727"},{"taxonomy":"product_cat","embeddable":true,"href":"https:\/\/smedlunds.com\/fi\/wp-json\/wp\/v2\/product_cat?post=450727"},{"taxonomy":"product_tag","embeddable":true,"href":"https:\/\/smedlunds.com\/fi\/wp-json\/wp\/v2\/product_tag?post=450727"}],"curies":[{"name":"wp","href":"https:\/\/api.w.org\/{rel}","templated":true}]}}