{"id":450369,"date":"2024-06-30T16:16:42","date_gmt":"2024-06-30T13:16:42","guid":{"rendered":"https:\/\/smedlunds.com\/?post_type=product&#038;p=450369"},"modified":"2024-06-30T16:19:20","modified_gmt":"2024-06-30T13:19:20","slug":"orrefors-carat-kynttilanjalka-183mm-kopia","status":"publish","type":"product","link":"https:\/\/smedlunds.com\/fi\/tuote\/orrefors-carat-kynttilanjalka-183mm-kopia\/","title":{"rendered":"ORREFORS CARAT KYNTTIL\u00c4NJALKA 297mm"},"content":{"rendered":"<p>Carat-sarja perustuu nykyaikaiseen tulkintaan perinteisest\u00e4 lasileikkauksesta, joka on tehnyt Orreforsin maailmankuulun. Ep\u00e4s\u00e4\u00e4nn\u00f6llinen geometria luo kauniita valon heijastuksia kristallilasiin. Suunnittelija Lena Bergstr\u00f6m.<\/p>\n","protected":false},"excerpt":{"rendered":"<p><em>Carat-sarja perustuu nykyaikaiseen tulkintaan perinteisest\u00e4 lasileikkauksesta, joka on tehnyt Orreforsin maailmankuulun. Ep\u00e4s\u00e4\u00e4nn\u00f6llinen geometria luo kauniita valon heijastuksia kristallilasiin.<\/em><\/p>\n<ul>\n<li>Korkeus: 297mm<\/li>\n<li>Leveys: 108mm<\/li>\n<li>Materiaali: Ruostumaton ter\u00e4s, kristallilasi<\/li>\n<li>Suunnittelija: Lena Bergstr\u00f6m<\/li>\n<\/ul>\n<p>Kaiverrus sis\u00e4ltyy hintaan.<\/p>\n<p>Kaiverrus tehd\u00e4\u00e4n erilliselle hopeanv\u00e4riselle laatalle.<\/p>\n","protected":false},"featured_media":450373,"template":"","meta":{"site-sidebar-layout":"default","site-content-layout":"default","ast-site-content-layout":"default","site-content-style":"default","site-sidebar-style":"default","ast-global-header-display":"","ast-banner-title-visibility":"","ast-main-header-display":"","ast-hfb-above-header-display":"","ast-hfb-below-header-display":"","ast-hfb-mobile-header-display":"","site-post-title":"","ast-breadcrumbs-content":"","ast-featured-img":"","footer-sml-layout":"","ast-disable-related-posts":"","theme-transparent-header-meta":"default","adv-header-id-meta":"","stick-header-meta":"","header-above-stick-meta":"","header-main-stick-meta":"","header-below-stick-meta":"","astra-migrate-meta-layouts":"default","ast-page-background-enabled":"default","ast-page-background-meta":{"desktop":{"background-color":"","background-image":"","background-repeat":"repeat","background-position":"center center","background-size":"auto","background-attachment":"scroll","background-type":"","background-media":"","overlay-type":"","overlay-color":"","overlay-opacity":"","overlay-gradient":""},"tablet":{"background-color":"","background-image":"","background-repeat":"repeat","background-position":"center center","background-size":"auto","background-attachment":"scroll","background-type":"","background-media":"","overlay-type":"","overlay-color":"","overlay-opacity":"","overlay-gradient":""},"mobile":{"background-color":"","background-image":"","background-repeat":"repeat","background-position":"center center","background-size":"auto","background-attachment":"scroll","background-type":"","background-media":"","overlay-type":"","overlay-color":"","overlay-opacity":"","overlay-gradient":""}},"ast-content-background-meta":{"desktop":{"background-color":"var(--ast-global-color-5)","background-image":"","background-repeat":"repeat","background-position":"center center","background-size":"auto","background-attachment":"scroll","background-type":"","background-media":"","overlay-type":"","overlay-color":"","overlay-opacity":"","overlay-gradient":""},"tablet":{"background-color":"var(--ast-global-color-5)","background-image":"","background-repeat":"repeat","background-position":"center center","background-size":"auto","background-attachment":"scroll","background-type":"","background-media":"","overlay-type":"","overlay-color":"","overlay-opacity":"","overlay-gradient":""},"mobile":{"background-color":"var(--ast-global-color-5)","background-image":"","background-repeat":"repeat","background-position":"center center","background-size":"auto","background-attachment":"scroll","background-type":"","background-media":"","overlay-type":"","overlay-color":"","overlay-opacity":"","overlay-gradient":""}}},"product_brand":[],"product_cat":[1033,463],"product_tag":[],"class_list":{"0":"post-450369","1":"product","2":"type-product","3":"status-publish","4":"has-post-thumbnail","6":"product_cat-kynttilanjalat","7":"product_cat-lahjatavarat","8":"pa_marke-orrefors-fi","9":"desktop-align-center","10":"tablet-align-center","11":"mobile-align-center","12":"ast-product-gallery-layout-vertical","13":"ast-product-gallery-with-no-image","14":"ast-product-tabs-layout-horizontal","15":"ast-qv-on-image","17":"first","18":"instock","19":"taxable","20":"shipping-taxable","21":"purchasable","22":"product-type-simple"},"_links":{"self":[{"href":"https:\/\/smedlunds.com\/fi\/wp-json\/wp\/v2\/product\/450369","targetHints":{"allow":["GET"]}}],"collection":[{"href":"https:\/\/smedlunds.com\/fi\/wp-json\/wp\/v2\/product"}],"about":[{"href":"https:\/\/smedlunds.com\/fi\/wp-json\/wp\/v2\/types\/product"}],"wp:featuredmedia":[{"embeddable":true,"href":"https:\/\/smedlunds.com\/fi\/wp-json\/wp\/v2\/media\/450373"}],"wp:attachment":[{"href":"https:\/\/smedlunds.com\/fi\/wp-json\/wp\/v2\/media?parent=450369"}],"wp:term":[{"taxonomy":"product_brand","embeddable":true,"href":"https:\/\/smedlunds.com\/fi\/wp-json\/wp\/v2\/product_brand?post=450369"},{"taxonomy":"product_cat","embeddable":true,"href":"https:\/\/smedlunds.com\/fi\/wp-json\/wp\/v2\/product_cat?post=450369"},{"taxonomy":"product_tag","embeddable":true,"href":"https:\/\/smedlunds.com\/fi\/wp-json\/wp\/v2\/product_tag?post=450369"}],"curies":[{"name":"wp","href":"https:\/\/api.w.org\/{rel}","templated":true}]}}