{"id":447381,"date":"2024-02-16T10:00:51","date_gmt":"2024-02-16T08:00:51","guid":{"rendered":"https:\/\/smedlunds.com\/?post_type=product&#038;p=447381"},"modified":"2025-03-20T08:15:56","modified_gmt":"2025-03-20T06:15:56","slug":"bohemia-metropolitan-kristallimalja-305cm-kopia","status":"publish","type":"product","link":"https:\/\/smedlunds.com\/fi\/tuote\/bohemia-metropolitan-kristallimalja-305cm-kopia\/","title":{"rendered":"BOHEMIA ROXANA KRISTALLI KYNTTIL\u00c4NJALKA 25,5cm"},"content":{"rendered":"","protected":false},"excerpt":{"rendered":"<p><strong>Bohemia Roxana kristalli <em>kynttil\u00e4njalka <\/em><\/strong><\/p>\n<p><em>Roxana Bohemia kristalli -kynttil\u00e4njalka on yksinkertainen py\u00f6ristetty muotoilu. Se tuo valoa kotiisi ja luo kodikkaan tunnelman hetkess\u00e4. Valmistettu lyijykristallista, jolla on vertaansa vailla oleva kiilto ja kest\u00e4vyys. Kaunis laatulahja valmistettu Bohemia Tsekki.<\/em><\/p>\n<ul>\n<li>Korkeus: 25,5cm<\/li>\n<li>Astianpesukoneen kest\u00e4v\u00e4<\/li>\n<\/ul>\n<p>Kaiverrus sis\u00e4ltyy hintaan.<\/p>\n<p>Kaiverrus tehd\u00e4\u00e4n erilliselle hopeanv\u00e4riselle laatalle.<\/p>\n","protected":false},"featured_media":447385,"template":"","meta":{"site-sidebar-layout":"default","site-content-layout":"default","ast-site-content-layout":"default","site-content-style":"default","site-sidebar-style":"default","ast-global-header-display":"","ast-banner-title-visibility":"","ast-main-header-display":"","ast-hfb-above-header-display":"","ast-hfb-below-header-display":"","ast-hfb-mobile-header-display":"","site-post-title":"","ast-breadcrumbs-content":"","ast-featured-img":"","footer-sml-layout":"","ast-disable-related-posts":"","theme-transparent-header-meta":"default","adv-header-id-meta":"","stick-header-meta":"","header-above-stick-meta":"","header-main-stick-meta":"","header-below-stick-meta":"","astra-migrate-meta-layouts":"default","ast-page-background-enabled":"default","ast-page-background-meta":{"desktop":{"background-color":"","background-image":"","background-repeat":"repeat","background-position":"center center","background-size":"auto","background-attachment":"scroll","background-type":"","background-media":"","overlay-type":"","overlay-color":"","overlay-opacity":"","overlay-gradient":""},"tablet":{"background-color":"","background-image":"","background-repeat":"repeat","background-position":"center center","background-size":"auto","background-attachment":"scroll","background-type":"","background-media":"","overlay-type":"","overlay-color":"","overlay-opacity":"","overlay-gradient":""},"mobile":{"background-color":"","background-image":"","background-repeat":"repeat","background-position":"center center","background-size":"auto","background-attachment":"scroll","background-type":"","background-media":"","overlay-type":"","overlay-color":"","overlay-opacity":"","overlay-gradient":""}},"ast-content-background-meta":{"desktop":{"background-color":"var(--ast-global-color-5)","background-image":"","background-repeat":"repeat","background-position":"center center","background-size":"auto","background-attachment":"scroll","background-type":"","background-media":"","overlay-type":"","overlay-color":"","overlay-opacity":"","overlay-gradient":""},"tablet":{"background-color":"var(--ast-global-color-5)","background-image":"","background-repeat":"repeat","background-position":"center center","background-size":"auto","background-attachment":"scroll","background-type":"","background-media":"","overlay-type":"","overlay-color":"","overlay-opacity":"","overlay-gradient":""},"mobile":{"background-color":"var(--ast-global-color-5)","background-image":"","background-repeat":"repeat","background-position":"center center","background-size":"auto","background-attachment":"scroll","background-type":"","background-media":"","overlay-type":"","overlay-color":"","overlay-opacity":"","overlay-gradient":""}}},"product_brand":[],"product_cat":[1033,463],"product_tag":[],"class_list":{"0":"post-447381","1":"product","2":"type-product","3":"status-publish","4":"has-post-thumbnail","6":"product_cat-kynttilanjalat","7":"product_cat-lahjatavarat","8":"desktop-align-center","9":"tablet-align-center","10":"mobile-align-center","11":"ast-product-gallery-layout-vertical","12":"ast-product-gallery-with-no-image","13":"ast-product-tabs-layout-horizontal","14":"ast-qv-on-image","16":"first","17":"instock","18":"taxable","19":"shipping-taxable","20":"purchasable","21":"product-type-simple"},"_links":{"self":[{"href":"https:\/\/smedlunds.com\/fi\/wp-json\/wp\/v2\/product\/447381","targetHints":{"allow":["GET"]}}],"collection":[{"href":"https:\/\/smedlunds.com\/fi\/wp-json\/wp\/v2\/product"}],"about":[{"href":"https:\/\/smedlunds.com\/fi\/wp-json\/wp\/v2\/types\/product"}],"wp:featuredmedia":[{"embeddable":true,"href":"https:\/\/smedlunds.com\/fi\/wp-json\/wp\/v2\/media\/447385"}],"wp:attachment":[{"href":"https:\/\/smedlunds.com\/fi\/wp-json\/wp\/v2\/media?parent=447381"}],"wp:term":[{"taxonomy":"product_brand","embeddable":true,"href":"https:\/\/smedlunds.com\/fi\/wp-json\/wp\/v2\/product_brand?post=447381"},{"taxonomy":"product_cat","embeddable":true,"href":"https:\/\/smedlunds.com\/fi\/wp-json\/wp\/v2\/product_cat?post=447381"},{"taxonomy":"product_tag","embeddable":true,"href":"https:\/\/smedlunds.com\/fi\/wp-json\/wp\/v2\/product_tag?post=447381"}],"curies":[{"name":"wp","href":"https:\/\/api.w.org\/{rel}","templated":true}]}}