{"id":447366,"date":"2024-02-15T14:14:21","date_gmt":"2024-02-15T12:14:21","guid":{"rendered":"https:\/\/smedlunds.com\/?post_type=product&#038;p=447366"},"modified":"2024-02-15T15:01:05","modified_gmt":"2024-02-15T13:01:05","slug":"bohemia-okinawa-kristallimaljakko-255cm-kopia","status":"publish","type":"product","link":"https:\/\/smedlunds.com\/fi\/tuote\/bohemia-okinawa-kristallimaljakko-255cm-kopia\/","title":{"rendered":"BOHEMIA NOVA PINWHEEL KRISTALLIMALJAKKO 25cm"},"content":{"rendered":"","protected":false},"excerpt":{"rendered":"<p><strong>Bohemia Nova Pinwheel kristallimaljakko<\/strong><\/p>\n<p><em>Nova Pinwheel -malliston Bohemia Kristalli-maljakossa on perinteinen v\u00e4yl\u00e4muotoilu ja koristeellinen reuna. Klassikoiden ja rehellisten lasit\u00f6iden yst\u00e4v\u00e4t l\u00f6yt\u00e4v\u00e4t jotain mieleisekseen. Se n\u00e4ytt\u00e4\u00e4 tyylikk\u00e4\u00e4lt\u00e4 ja rikastuttaa t\u00e4ydellisesti jokaista sisustusta eritt\u00e4in ylellisell\u00e4 elementill\u00e4. Sill\u00e4 on suljetun kukan muoto. 25cm korkeudella se sopii pienempiin kimppuihin mutta se on kaunis my\u00f6s tyhj\u00e4n\u00e4. Kaunis laatulahja valmistettu Bohemia Tsekki.<\/em><\/p>\n<ul>\n<li>Korkeus: 25cm<\/li>\n<li>Leveys: 12,7cm<\/li>\n<li>Astianpesukoneen kest\u00e4v\u00e4<\/li>\n<\/ul>\n<p>Kaiverrus sis\u00e4ltyy hintaan.<\/p>\n<p>Kaiverrus tehd\u00e4\u00e4n erilliselle hopeanv\u00e4riselle laatalle.<\/p>\n","protected":false},"featured_media":447368,"template":"","meta":{"site-sidebar-layout":"default","site-content-layout":"default","ast-site-content-layout":"default","site-content-style":"default","site-sidebar-style":"default","ast-global-header-display":"","ast-banner-title-visibility":"","ast-main-header-display":"","ast-hfb-above-header-display":"","ast-hfb-below-header-display":"","ast-hfb-mobile-header-display":"","site-post-title":"","ast-breadcrumbs-content":"","ast-featured-img":"","footer-sml-layout":"","ast-disable-related-posts":"","theme-transparent-header-meta":"default","adv-header-id-meta":"","stick-header-meta":"","header-above-stick-meta":"","header-main-stick-meta":"","header-below-stick-meta":"","astra-migrate-meta-layouts":"default","ast-page-background-enabled":"default","ast-page-background-meta":{"desktop":{"background-color":"","background-image":"","background-repeat":"repeat","background-position":"center center","background-size":"auto","background-attachment":"scroll","background-type":"","background-media":"","overlay-type":"","overlay-color":"","overlay-opacity":"","overlay-gradient":""},"tablet":{"background-color":"","background-image":"","background-repeat":"repeat","background-position":"center center","background-size":"auto","background-attachment":"scroll","background-type":"","background-media":"","overlay-type":"","overlay-color":"","overlay-opacity":"","overlay-gradient":""},"mobile":{"background-color":"","background-image":"","background-repeat":"repeat","background-position":"center center","background-size":"auto","background-attachment":"scroll","background-type":"","background-media":"","overlay-type":"","overlay-color":"","overlay-opacity":"","overlay-gradient":""}},"ast-content-background-meta":{"desktop":{"background-color":"var(--ast-global-color-5)","background-image":"","background-repeat":"repeat","background-position":"center center","background-size":"auto","background-attachment":"scroll","background-type":"","background-media":"","overlay-type":"","overlay-color":"","overlay-opacity":"","overlay-gradient":""},"tablet":{"background-color":"var(--ast-global-color-5)","background-image":"","background-repeat":"repeat","background-position":"center center","background-size":"auto","background-attachment":"scroll","background-type":"","background-media":"","overlay-type":"","overlay-color":"","overlay-opacity":"","overlay-gradient":""},"mobile":{"background-color":"var(--ast-global-color-5)","background-image":"","background-repeat":"repeat","background-position":"center center","background-size":"auto","background-attachment":"scroll","background-type":"","background-media":"","overlay-type":"","overlay-color":"","overlay-opacity":"","overlay-gradient":""}}},"product_brand":[],"product_cat":[463,465],"product_tag":[],"class_list":{"0":"post-447366","1":"product","2":"type-product","3":"status-publish","4":"has-post-thumbnail","6":"product_cat-lahjatavarat","7":"product_cat-vaser-skalar-fi","8":"desktop-align-center","9":"tablet-align-center","10":"mobile-align-center","11":"ast-product-gallery-layout-vertical","12":"ast-product-gallery-with-no-image","13":"ast-product-tabs-layout-horizontal","14":"ast-qv-on-image","16":"first","17":"instock","18":"taxable","19":"shipping-taxable","20":"purchasable","21":"product-type-simple"},"_links":{"self":[{"href":"https:\/\/smedlunds.com\/fi\/wp-json\/wp\/v2\/product\/447366","targetHints":{"allow":["GET"]}}],"collection":[{"href":"https:\/\/smedlunds.com\/fi\/wp-json\/wp\/v2\/product"}],"about":[{"href":"https:\/\/smedlunds.com\/fi\/wp-json\/wp\/v2\/types\/product"}],"wp:featuredmedia":[{"embeddable":true,"href":"https:\/\/smedlunds.com\/fi\/wp-json\/wp\/v2\/media\/447368"}],"wp:attachment":[{"href":"https:\/\/smedlunds.com\/fi\/wp-json\/wp\/v2\/media?parent=447366"}],"wp:term":[{"taxonomy":"product_brand","embeddable":true,"href":"https:\/\/smedlunds.com\/fi\/wp-json\/wp\/v2\/product_brand?post=447366"},{"taxonomy":"product_cat","embeddable":true,"href":"https:\/\/smedlunds.com\/fi\/wp-json\/wp\/v2\/product_cat?post=447366"},{"taxonomy":"product_tag","embeddable":true,"href":"https:\/\/smedlunds.com\/fi\/wp-json\/wp\/v2\/product_tag?post=447366"}],"curies":[{"name":"wp","href":"https:\/\/api.w.org\/{rel}","templated":true}]}}