{"id":444797,"date":"2023-10-25T20:24:05","date_gmt":"2023-10-25T17:24:05","guid":{"rendered":"https:\/\/smedlunds.com\/?post_type=product&#038;p=444797"},"modified":"2026-03-23T11:42:37","modified_gmt":"2026-03-23T09:42:37","slug":"kalevala-mesikammen-kummilusikka","status":"publish","type":"product","link":"https:\/\/smedlunds.com\/fi\/tuote\/kalevala-mesikammen-kummilusikka\/","title":{"rendered":"KALEVALA MESIK\u00c4MMEN KUMMILUSIKKA 2866100"},"content":{"rendered":"","protected":false},"excerpt":{"rendered":"<p><strong>Kalevala Mesik\u00e4mmen\u00a0kummilusikka<\/strong><\/p>\n<ul>\n<li>Materiaali: Hopea<\/li>\n<li>Design: Tony Granholm<\/li>\n<\/ul>\n<p style=\"text-align: center;\"><em>&#8221;El\u00e4m\u00e4n juhlahetki\u00e4 ovat lapsen syntym\u00e4 ja kaste. Kastejuhlaan kuuluu lahjojen antaminen vastasyntyneelle. Sylikummit ovat mielell\u00e4\u00e4n antaneet lahjaksi kummilusikan. Kalevalan hopeisessa kummilusikassa kaksi pikkukarhua ly\u00f6 leikki\u00e4 kesken\u00e4\u00e4n. Karhu on ollut muinaisten suomalaisten rakastama, mutta my\u00f6s suuresti kunnioittama el\u00e4in. T\u00e4st\u00e4 kertovat lukemattomat erilaiset karhulle omistetut nimitykset Kalevala-eepoksessa.<\/em><em style=\"font-size: 16px;\">&#8221; -Kalevala<\/em><\/p>\n<p>Kaiverrus sis\u00e4ltyy hintaan!<\/p>\n<p><strong>Huom! Kaiverretuilla tuotteilla ei ole palautusoikeutta!<\/strong><\/p>\n","protected":false},"featured_media":444801,"template":"","meta":{"site-sidebar-layout":"default","site-content-layout":null,"ast-site-content-layout":"default","site-content-style":"default","site-sidebar-style":"default","ast-global-header-display":"","ast-banner-title-visibility":"","ast-main-header-display":"","ast-hfb-above-header-display":"","ast-hfb-below-header-display":"","ast-hfb-mobile-header-display":"","site-post-title":"","ast-breadcrumbs-content":"","ast-featured-img":"","footer-sml-layout":"","ast-disable-related-posts":"","theme-transparent-header-meta":"default","adv-header-id-meta":null,"stick-header-meta":null,"header-above-stick-meta":null,"header-main-stick-meta":null,"header-below-stick-meta":null,"astra-migrate-meta-layouts":"default","ast-page-background-enabled":"default","ast-page-background-meta":{"desktop":{"background-color":"","background-image":"","background-repeat":"repeat","background-position":"center center","background-size":"auto","background-attachment":"scroll","background-type":"","background-media":"","overlay-type":"","overlay-color":"","overlay-opacity":"","overlay-gradient":""},"tablet":{"background-color":"","background-image":"","background-repeat":"repeat","background-position":"center center","background-size":"auto","background-attachment":"scroll","background-type":"","background-media":"","overlay-type":"","overlay-color":"","overlay-opacity":"","overlay-gradient":""},"mobile":{"background-color":"","background-image":"","background-repeat":"repeat","background-position":"center center","background-size":"auto","background-attachment":"scroll","background-type":"","background-media":"","overlay-type":"","overlay-color":"","overlay-opacity":"","overlay-gradient":""}},"ast-content-background-meta":{"desktop":{"background-color":"var(--ast-global-color-5)","background-image":"","background-repeat":"repeat","background-position":"center center","background-size":"auto","background-attachment":"scroll","background-type":"","background-media":"","overlay-type":"","overlay-color":"","overlay-opacity":"","overlay-gradient":""},"tablet":{"background-color":"var(--ast-global-color-5)","background-image":"","background-repeat":"repeat","background-position":"center center","background-size":"auto","background-attachment":"scroll","background-type":"","background-media":"","overlay-type":"","overlay-color":"","overlay-opacity":"","overlay-gradient":""},"mobile":{"background-color":"var(--ast-global-color-5)","background-image":"","background-repeat":"repeat","background-position":"center center","background-size":"auto","background-attachment":"scroll","background-type":"","background-media":"","overlay-type":"","overlay-color":"","overlay-opacity":"","overlay-gradient":""}}},"product_brand":[],"product_cat":[103,1015],"product_tag":[],"class_list":{"0":"post-444797","1":"product","2":"type-product","3":"status-publish","4":"has-post-thumbnail","6":"product_cat-kastelahjat","7":"product_cat-kummilusikat-aterimet","8":"pa_marke-kalevala-fi","9":"pa_material-hopea","10":"desktop-align-center","11":"tablet-align-center","12":"mobile-align-center","13":"ast-product-gallery-layout-vertical","14":"ast-product-gallery-with-no-image","15":"ast-product-tabs-layout-horizontal","16":"ast-qv-on-image","18":"first","19":"instock","20":"taxable","21":"shipping-taxable","22":"purchasable","23":"product-type-simple"},"_links":{"self":[{"href":"https:\/\/smedlunds.com\/fi\/wp-json\/wp\/v2\/product\/444797","targetHints":{"allow":["GET"]}}],"collection":[{"href":"https:\/\/smedlunds.com\/fi\/wp-json\/wp\/v2\/product"}],"about":[{"href":"https:\/\/smedlunds.com\/fi\/wp-json\/wp\/v2\/types\/product"}],"wp:featuredmedia":[{"embeddable":true,"href":"https:\/\/smedlunds.com\/fi\/wp-json\/wp\/v2\/media\/444801"}],"wp:attachment":[{"href":"https:\/\/smedlunds.com\/fi\/wp-json\/wp\/v2\/media?parent=444797"}],"wp:term":[{"taxonomy":"product_brand","embeddable":true,"href":"https:\/\/smedlunds.com\/fi\/wp-json\/wp\/v2\/product_brand?post=444797"},{"taxonomy":"product_cat","embeddable":true,"href":"https:\/\/smedlunds.com\/fi\/wp-json\/wp\/v2\/product_cat?post=444797"},{"taxonomy":"product_tag","embeddable":true,"href":"https:\/\/smedlunds.com\/fi\/wp-json\/wp\/v2\/product_tag?post=444797"}],"curies":[{"name":"wp","href":"https:\/\/api.w.org\/{rel}","templated":true}]}}