{"id":444691,"date":"2023-10-25T18:43:08","date_gmt":"2023-10-25T15:43:08","guid":{"rendered":"https:\/\/smedlunds.com\/?post_type=product&#038;p=444691"},"modified":"2026-03-23T11:47:22","modified_gmt":"2026-03-23T09:47:22","slug":"kalevala-tundra-korvakorut-pronssi-2","status":"publish","type":"product","link":"https:\/\/smedlunds.com\/fi\/tuote\/kalevala-tundra-korvakorut-pronssi-2\/","title":{"rendered":"KALEVALA TUNDRA KORVAKORUT PRONSSI 3670320T"},"content":{"rendered":"","protected":false},"excerpt":{"rendered":"<p><strong>Kalevala <b>Tundra korvakorut<\/b><\/strong><\/p>\n<ul>\n<li>Koko: 40 x 25mm<\/li>\n<li>Materiaali: Pronssi<\/li>\n<li>Malli: Tappi<\/li>\n<li>Design: H\u00e1lo<\/li>\n<\/ul>\n<p style=\"text-align: center;\"><em>&#8221;Maan yll\u00e4, taivaan alla,\u00a0<\/em><br \/>\n<em>Tunturin laki autio<\/em><br \/>\n<em>Hallan panema, pakkasen purema,<\/em><br \/>\n<em>Pahan ilman pieks\u00e4m\u00e4<\/em><br \/>\n<em>Mik\u00e4 tuohon juurtuisi, mik\u00e4 tarttua tohtisi,<\/em><br \/>\n<em>Kiven kylm\u00e4n kaunistaisi?<\/em><em>\u00a0<\/em><br \/>\n<em>Viluinen varpu, sitke\u00e4 sammal,<\/em><br \/>\n<em>Joku j\u00e4\u00e4r\u00e4p\u00e4\u00e4 j\u00e4k\u00e4l\u00e4<\/em><br \/>\n<em>Ei itke elon autiutta, ei kyyneleit\u00e4 vuodata,<\/em><br \/>\n<em>Sure kairan karuutta<\/em><em>\u00a0<\/em><br \/>\n<em>Tuutii talven, her\u00e4\u00e4 el\u00e4m\u00e4n kev\u00e4\u00e4seen,<\/em><br \/>\n<em>Juo kes\u00e4n auringon valoa<\/em><em>\u00a0<\/em><br \/>\n<em>Maan yll\u00e4, tunturin laella,<\/em><br \/>\n<em>Pohjoisen taivas kattona&#8221; -Kalevala<\/em><\/p>\n<p style=\"text-align: center;\">\n","protected":false},"featured_media":444695,"template":"","meta":{"site-sidebar-layout":"default","site-content-layout":null,"ast-site-content-layout":"default","site-content-style":"default","site-sidebar-style":"default","ast-global-header-display":"","ast-banner-title-visibility":"","ast-main-header-display":"","ast-hfb-above-header-display":"","ast-hfb-below-header-display":"","ast-hfb-mobile-header-display":"","site-post-title":"","ast-breadcrumbs-content":"","ast-featured-img":"","footer-sml-layout":"","ast-disable-related-posts":"","theme-transparent-header-meta":"default","adv-header-id-meta":null,"stick-header-meta":null,"header-above-stick-meta":null,"header-main-stick-meta":null,"header-below-stick-meta":null,"astra-migrate-meta-layouts":"default","ast-page-background-enabled":"default","ast-page-background-meta":{"desktop":{"background-color":"","background-image":"","background-repeat":"repeat","background-position":"center center","background-size":"auto","background-attachment":"scroll","background-type":"","background-media":"","overlay-type":"","overlay-color":"","overlay-opacity":"","overlay-gradient":""},"tablet":{"background-color":"","background-image":"","background-repeat":"repeat","background-position":"center center","background-size":"auto","background-attachment":"scroll","background-type":"","background-media":"","overlay-type":"","overlay-color":"","overlay-opacity":"","overlay-gradient":""},"mobile":{"background-color":"","background-image":"","background-repeat":"repeat","background-position":"center center","background-size":"auto","background-attachment":"scroll","background-type":"","background-media":"","overlay-type":"","overlay-color":"","overlay-opacity":"","overlay-gradient":""}},"ast-content-background-meta":{"desktop":{"background-color":"var(--ast-global-color-5)","background-image":"","background-repeat":"repeat","background-position":"center center","background-size":"auto","background-attachment":"scroll","background-type":"","background-media":"","overlay-type":"","overlay-color":"","overlay-opacity":"","overlay-gradient":""},"tablet":{"background-color":"var(--ast-global-color-5)","background-image":"","background-repeat":"repeat","background-position":"center center","background-size":"auto","background-attachment":"scroll","background-type":"","background-media":"","overlay-type":"","overlay-color":"","overlay-opacity":"","overlay-gradient":""},"mobile":{"background-color":"var(--ast-global-color-5)","background-image":"","background-repeat":"repeat","background-position":"center center","background-size":"auto","background-attachment":"scroll","background-type":"","background-media":"","overlay-type":"","overlay-color":"","overlay-opacity":"","overlay-gradient":""}}},"product_brand":[],"product_cat":[108,603,111],"product_tag":[],"class_list":{"0":"post-444691","1":"product","2":"type-product","3":"status-publish","4":"has-post-thumbnail","6":"product_cat-korut","7":"product_cat-korvakorut","8":"product_cat-naisten-korut","9":"pa_marke-kalevala-fi","10":"pa_material-pronssi","11":"pa_smyckestyp-korvakorut","12":"desktop-align-center","13":"tablet-align-center","14":"mobile-align-center","15":"ast-product-gallery-layout-vertical","16":"ast-product-tabs-layout-horizontal","17":"ast-qv-on-image","19":"first","20":"instock","21":"taxable","22":"shipping-taxable","23":"purchasable","24":"product-type-simple"},"_links":{"self":[{"href":"https:\/\/smedlunds.com\/fi\/wp-json\/wp\/v2\/product\/444691","targetHints":{"allow":["GET"]}}],"collection":[{"href":"https:\/\/smedlunds.com\/fi\/wp-json\/wp\/v2\/product"}],"about":[{"href":"https:\/\/smedlunds.com\/fi\/wp-json\/wp\/v2\/types\/product"}],"wp:featuredmedia":[{"embeddable":true,"href":"https:\/\/smedlunds.com\/fi\/wp-json\/wp\/v2\/media\/444695"}],"wp:attachment":[{"href":"https:\/\/smedlunds.com\/fi\/wp-json\/wp\/v2\/media?parent=444691"}],"wp:term":[{"taxonomy":"product_brand","embeddable":true,"href":"https:\/\/smedlunds.com\/fi\/wp-json\/wp\/v2\/product_brand?post=444691"},{"taxonomy":"product_cat","embeddable":true,"href":"https:\/\/smedlunds.com\/fi\/wp-json\/wp\/v2\/product_cat?post=444691"},{"taxonomy":"product_tag","embeddable":true,"href":"https:\/\/smedlunds.com\/fi\/wp-json\/wp\/v2\/product_tag?post=444691"}],"curies":[{"name":"wp","href":"https:\/\/api.w.org\/{rel}","templated":true}]}}