{"id":444604,"date":"2023-10-24T23:46:20","date_gmt":"2023-10-24T20:46:20","guid":{"rendered":"https:\/\/smedlunds.com\/?post_type=product&#038;p=444604"},"modified":"2026-03-23T11:51:24","modified_gmt":"2026-03-23T09:51:24","slug":"kalevala-amuletti-korvakorut","status":"publish","type":"product","link":"https:\/\/smedlunds.com\/fi\/tuote\/kalevala-amuletti-korvakorut\/","title":{"rendered":"KALEVALA AMULETTI KORVAKORUT 2670310RT"},"content":{"rendered":"","protected":false},"excerpt":{"rendered":"<p><strong>Kalevala <b>Amuletti korvakorut<\/b><\/strong><\/p>\n<ul>\n<li>Koko: 20mm<\/li>\n<li>Materiaali: Hopea<\/li>\n<li>Malli: Tappi<\/li>\n<li>Design: Lina Simons<\/li>\n<\/ul>\n<p><em><strong>Luo oma uniikki Amuletti-korusi \u2013 yhdistelymahdollisuudet ovat rajattomat!<\/strong><\/em><\/p>\n<p><strong><em>Valitse sinua puhuttelevat Amuletti-pikkuhelat ja kiinnit\u00e4 ne korvarenkaisiin, ranneketjuun tai pujota kaulaketjuun. Voit my\u00f6s yhdistell\u00e4 pikkuheloja isompiin Amuletti-riipuksiin. Kaikki pikkuhelat, sek\u00e4 korvarenkaat ja ranneketjut ovat saatavilla pronssisina ja hopeisina.<\/em><\/strong><\/p>\n<p style=\"text-align: center;\"><em>&#8221;Amuletti, onnentuoja. Entisaikoina korut olivat kantajalleen enemm\u00e4n kuin vain kauniita esineit\u00e4. Monet esi\u00e4itiemme korujen kuviot ja koristeet olivat v\u00e4kevi\u00e4 symboleja, joiden uskottiin tuovan onnea, terveytt\u00e4 ja menestyst\u00e4, sek\u00e4 pit\u00e4v\u00e4n loitolla pahat henget ja ajatukset.\u00a0Kalevala Originals -koruissa\u00a0menneiden aikojen uskomukset her\u00e4\u00e4v\u00e4t eloon. Amuletti-korut ovat uusia tulkintoja muinaiskorujen salaper\u00e4isist\u00e4 symboleista.&#8221; -Kalevala<\/em><\/p>\n<p style=\"text-align: center;\">\n","protected":false},"featured_media":444612,"template":"","meta":{"site-sidebar-layout":"default","site-content-layout":null,"ast-site-content-layout":"default","site-content-style":"default","site-sidebar-style":"default","ast-global-header-display":"","ast-banner-title-visibility":"","ast-main-header-display":"","ast-hfb-above-header-display":"","ast-hfb-below-header-display":"","ast-hfb-mobile-header-display":"","site-post-title":"","ast-breadcrumbs-content":"","ast-featured-img":"","footer-sml-layout":"","ast-disable-related-posts":"","theme-transparent-header-meta":"default","adv-header-id-meta":null,"stick-header-meta":null,"header-above-stick-meta":null,"header-main-stick-meta":null,"header-below-stick-meta":null,"astra-migrate-meta-layouts":"default","ast-page-background-enabled":"default","ast-page-background-meta":{"desktop":{"background-color":"","background-image":"","background-repeat":"repeat","background-position":"center center","background-size":"auto","background-attachment":"scroll","background-type":"","background-media":"","overlay-type":"","overlay-color":"","overlay-opacity":"","overlay-gradient":""},"tablet":{"background-color":"","background-image":"","background-repeat":"repeat","background-position":"center center","background-size":"auto","background-attachment":"scroll","background-type":"","background-media":"","overlay-type":"","overlay-color":"","overlay-opacity":"","overlay-gradient":""},"mobile":{"background-color":"","background-image":"","background-repeat":"repeat","background-position":"center center","background-size":"auto","background-attachment":"scroll","background-type":"","background-media":"","overlay-type":"","overlay-color":"","overlay-opacity":"","overlay-gradient":""}},"ast-content-background-meta":{"desktop":{"background-color":"var(--ast-global-color-5)","background-image":"","background-repeat":"repeat","background-position":"center center","background-size":"auto","background-attachment":"scroll","background-type":"","background-media":"","overlay-type":"","overlay-color":"","overlay-opacity":"","overlay-gradient":""},"tablet":{"background-color":"var(--ast-global-color-5)","background-image":"","background-repeat":"repeat","background-position":"center center","background-size":"auto","background-attachment":"scroll","background-type":"","background-media":"","overlay-type":"","overlay-color":"","overlay-opacity":"","overlay-gradient":""},"mobile":{"background-color":"var(--ast-global-color-5)","background-image":"","background-repeat":"repeat","background-position":"center center","background-size":"auto","background-attachment":"scroll","background-type":"","background-media":"","overlay-type":"","overlay-color":"","overlay-opacity":"","overlay-gradient":""}}},"product_brand":[],"product_cat":[108,603,111],"product_tag":[],"class_list":{"0":"post-444604","1":"product","2":"type-product","3":"status-publish","4":"has-post-thumbnail","6":"product_cat-korut","7":"product_cat-korvakorut","8":"product_cat-naisten-korut","9":"pa_marke-kalevala-fi","10":"pa_material-hopea","11":"pa_smyckestyp-korvakorut","12":"desktop-align-center","13":"tablet-align-center","14":"mobile-align-center","15":"ast-product-gallery-layout-vertical","16":"ast-product-tabs-layout-horizontal","17":"ast-qv-on-image","19":"first","20":"instock","21":"taxable","22":"shipping-taxable","23":"purchasable","24":"product-type-simple"},"_links":{"self":[{"href":"https:\/\/smedlunds.com\/fi\/wp-json\/wp\/v2\/product\/444604","targetHints":{"allow":["GET"]}}],"collection":[{"href":"https:\/\/smedlunds.com\/fi\/wp-json\/wp\/v2\/product"}],"about":[{"href":"https:\/\/smedlunds.com\/fi\/wp-json\/wp\/v2\/types\/product"}],"wp:featuredmedia":[{"embeddable":true,"href":"https:\/\/smedlunds.com\/fi\/wp-json\/wp\/v2\/media\/444612"}],"wp:attachment":[{"href":"https:\/\/smedlunds.com\/fi\/wp-json\/wp\/v2\/media?parent=444604"}],"wp:term":[{"taxonomy":"product_brand","embeddable":true,"href":"https:\/\/smedlunds.com\/fi\/wp-json\/wp\/v2\/product_brand?post=444604"},{"taxonomy":"product_cat","embeddable":true,"href":"https:\/\/smedlunds.com\/fi\/wp-json\/wp\/v2\/product_cat?post=444604"},{"taxonomy":"product_tag","embeddable":true,"href":"https:\/\/smedlunds.com\/fi\/wp-json\/wp\/v2\/product_tag?post=444604"}],"curies":[{"name":"wp","href":"https:\/\/api.w.org\/{rel}","templated":true}]}}