{"id":444592,"date":"2023-10-24T23:35:23","date_gmt":"2023-10-24T20:35:23","guid":{"rendered":"https:\/\/smedlunds.com\/?post_type=product&#038;p=444592"},"modified":"2026-03-23T11:51:35","modified_gmt":"2026-03-23T09:51:35","slug":"kalevala-vanamo-korvakorut-vaaleanpunainen-helmi","status":"publish","type":"product","link":"https:\/\/smedlunds.com\/fi\/tuote\/kalevala-vanamo-korvakorut-vaaleanpunainen-helmi\/","title":{"rendered":"KALEVALA VANAMO KORVAKORUT VAALEANPUNAINEN HELMI 2665400HET"},"content":{"rendered":"","protected":false},"excerpt":{"rendered":"<p><strong>Kalevala <b>Vanamo korvakorut<\/b><\/strong><\/p>\n<ul>\n<li>Materiaali: Hopea<\/li>\n<li>Malli: Tappi<\/li>\n<li>Vaaleanpunainen makeaveden helmi<\/li>\n<li>Design: Kirsti Doukas<\/li>\n<\/ul>\n<p style=\"text-align: center;\"><em>&#8221;Vanamo, Linnaea borealis, on rehev\u00e4n kuusimets\u00e4n vieno kukka. Hento kasvi ratsastaa pehme\u00e4ll\u00e4 sammaleella ja nostaa varrestaan kukkavanan toisensa j\u00e4lkeen. Kaino vanamo on suomalaisen mets\u00e4n ujo kaunotar.<\/em><\/p>\n<p style=\"text-align: center;\"><em>Eino Leinon (1878 &#8211; 1926) rakastettu runo Nocturne hengitt\u00e4\u00e4 suomalaisen kes\u00e4y\u00f6n ajatonta viesti\u00e4:\u00a0Tuoksut vanamon ja varjot veen, niist\u00e4 syd\u00e4meni laulun teen.<\/em><\/p>\n<p style=\"text-align: center;\"><em>Nuoren Eino Leinon s\u00e4keet ovat innoittaneet my\u00f6s korumuotoilija Kirsti Doukasia. H\u00e4nen Vanamo-korujensa helmet hehkuvat vienoa suloa.&#8221; -Kalevala<\/em><\/p>\n<p style=\"text-align: center;\">\n","protected":false},"featured_media":444596,"template":"","meta":{"site-sidebar-layout":"default","site-content-layout":null,"ast-site-content-layout":"default","site-content-style":"default","site-sidebar-style":"default","ast-global-header-display":"","ast-banner-title-visibility":"","ast-main-header-display":"","ast-hfb-above-header-display":"","ast-hfb-below-header-display":"","ast-hfb-mobile-header-display":"","site-post-title":"","ast-breadcrumbs-content":"","ast-featured-img":"","footer-sml-layout":"","ast-disable-related-posts":"","theme-transparent-header-meta":"default","adv-header-id-meta":null,"stick-header-meta":null,"header-above-stick-meta":null,"header-main-stick-meta":null,"header-below-stick-meta":null,"astra-migrate-meta-layouts":"default","ast-page-background-enabled":"default","ast-page-background-meta":{"desktop":{"background-color":"","background-image":"","background-repeat":"repeat","background-position":"center center","background-size":"auto","background-attachment":"scroll","background-type":"","background-media":"","overlay-type":"","overlay-color":"","overlay-opacity":"","overlay-gradient":""},"tablet":{"background-color":"","background-image":"","background-repeat":"repeat","background-position":"center center","background-size":"auto","background-attachment":"scroll","background-type":"","background-media":"","overlay-type":"","overlay-color":"","overlay-opacity":"","overlay-gradient":""},"mobile":{"background-color":"","background-image":"","background-repeat":"repeat","background-position":"center center","background-size":"auto","background-attachment":"scroll","background-type":"","background-media":"","overlay-type":"","overlay-color":"","overlay-opacity":"","overlay-gradient":""}},"ast-content-background-meta":{"desktop":{"background-color":"var(--ast-global-color-5)","background-image":"","background-repeat":"repeat","background-position":"center center","background-size":"auto","background-attachment":"scroll","background-type":"","background-media":"","overlay-type":"","overlay-color":"","overlay-opacity":"","overlay-gradient":""},"tablet":{"background-color":"var(--ast-global-color-5)","background-image":"","background-repeat":"repeat","background-position":"center center","background-size":"auto","background-attachment":"scroll","background-type":"","background-media":"","overlay-type":"","overlay-color":"","overlay-opacity":"","overlay-gradient":""},"mobile":{"background-color":"var(--ast-global-color-5)","background-image":"","background-repeat":"repeat","background-position":"center center","background-size":"auto","background-attachment":"scroll","background-type":"","background-media":"","overlay-type":"","overlay-color":"","overlay-opacity":"","overlay-gradient":""}}},"product_brand":[],"product_cat":[108,603,111],"product_tag":[],"class_list":{"0":"post-444592","1":"product","2":"type-product","3":"status-publish","4":"has-post-thumbnail","6":"product_cat-korut","7":"product_cat-korvakorut","8":"product_cat-naisten-korut","9":"pa_marke-kalevala-fi","10":"pa_material-hopea","11":"pa_smyckestyp-korvakorut","12":"desktop-align-center","13":"tablet-align-center","14":"mobile-align-center","15":"ast-product-gallery-layout-vertical","16":"ast-product-gallery-with-no-image","17":"ast-product-tabs-layout-horizontal","18":"ast-qv-on-image","20":"first","21":"instock","22":"taxable","23":"shipping-taxable","24":"purchasable","25":"product-type-simple"},"_links":{"self":[{"href":"https:\/\/smedlunds.com\/fi\/wp-json\/wp\/v2\/product\/444592","targetHints":{"allow":["GET"]}}],"collection":[{"href":"https:\/\/smedlunds.com\/fi\/wp-json\/wp\/v2\/product"}],"about":[{"href":"https:\/\/smedlunds.com\/fi\/wp-json\/wp\/v2\/types\/product"}],"wp:featuredmedia":[{"embeddable":true,"href":"https:\/\/smedlunds.com\/fi\/wp-json\/wp\/v2\/media\/444596"}],"wp:attachment":[{"href":"https:\/\/smedlunds.com\/fi\/wp-json\/wp\/v2\/media?parent=444592"}],"wp:term":[{"taxonomy":"product_brand","embeddable":true,"href":"https:\/\/smedlunds.com\/fi\/wp-json\/wp\/v2\/product_brand?post=444592"},{"taxonomy":"product_cat","embeddable":true,"href":"https:\/\/smedlunds.com\/fi\/wp-json\/wp\/v2\/product_cat?post=444592"},{"taxonomy":"product_tag","embeddable":true,"href":"https:\/\/smedlunds.com\/fi\/wp-json\/wp\/v2\/product_tag?post=444592"}],"curies":[{"name":"wp","href":"https:\/\/api.w.org\/{rel}","templated":true}]}}