{"id":444474,"date":"2023-10-24T20:29:42","date_gmt":"2023-10-24T17:29:42","guid":{"rendered":"https:\/\/smedlunds.com\/?post_type=product&#038;p=444474"},"modified":"2026-03-23T12:00:36","modified_gmt":"2026-03-23T10:00:36","slug":"kalevala-onnenhelmi-korvakorut","status":"publish","type":"product","link":"https:\/\/smedlunds.com\/fi\/tuote\/kalevala-onnenhelmi-korvakorut\/","title":{"rendered":"KALEVALA ONNENHELMI KORVAKORUT 2669952K"},"content":{"rendered":"","protected":false},"excerpt":{"rendered":"<p><strong>Kalevala <b>Onnenhelmi\u00a0<\/b><b>korvakorut<\/b><\/strong><\/p>\n<ul>\n<li>Koko: 28,5 x 9,5mm<\/li>\n<li>Materiaali: Hopea<\/li>\n<li>Design: Lina Simons<\/li>\n<\/ul>\n<p style=\"text-align: center;\"><em>&#8221;Risaisia, rosoisia<\/em><br \/>\n<em>Meit\u00e4 on niin monia<\/em><br \/>\n<em>Jotkut villej\u00e4 ja vapaita<\/em><br \/>\n<em>Toiset kylmi\u00e4 ja kovia<\/em><br \/>\n<em>Vaan kaikki ulkokuoria<\/em><br \/>\n<em>\u00c4l\u00e4 anna niiden h\u00e4m\u00e4t\u00e4<\/em><br \/>\n<em>Kaikissa on sis\u00e4ll\u00e4<\/em><br \/>\n<em>Hohtavia onnenhelmi\u00e4&#8221; &#8211; Kalevala<\/em><\/p>\n<p style=\"text-align: center;\">\n","protected":false},"featured_media":444480,"template":"","meta":{"site-sidebar-layout":"default","site-content-layout":null,"ast-site-content-layout":"default","site-content-style":"default","site-sidebar-style":"default","ast-global-header-display":"","ast-banner-title-visibility":"","ast-main-header-display":"","ast-hfb-above-header-display":"","ast-hfb-below-header-display":"","ast-hfb-mobile-header-display":"","site-post-title":"","ast-breadcrumbs-content":"","ast-featured-img":"","footer-sml-layout":"","ast-disable-related-posts":"","theme-transparent-header-meta":"default","adv-header-id-meta":null,"stick-header-meta":null,"header-above-stick-meta":null,"header-main-stick-meta":null,"header-below-stick-meta":null,"astra-migrate-meta-layouts":"default","ast-page-background-enabled":"default","ast-page-background-meta":{"desktop":{"background-color":"","background-image":"","background-repeat":"repeat","background-position":"center center","background-size":"auto","background-attachment":"scroll","background-type":"","background-media":"","overlay-type":"","overlay-color":"","overlay-opacity":"","overlay-gradient":""},"tablet":{"background-color":"","background-image":"","background-repeat":"repeat","background-position":"center center","background-size":"auto","background-attachment":"scroll","background-type":"","background-media":"","overlay-type":"","overlay-color":"","overlay-opacity":"","overlay-gradient":""},"mobile":{"background-color":"","background-image":"","background-repeat":"repeat","background-position":"center center","background-size":"auto","background-attachment":"scroll","background-type":"","background-media":"","overlay-type":"","overlay-color":"","overlay-opacity":"","overlay-gradient":""}},"ast-content-background-meta":{"desktop":{"background-color":"var(--ast-global-color-5)","background-image":"","background-repeat":"repeat","background-position":"center center","background-size":"auto","background-attachment":"scroll","background-type":"","background-media":"","overlay-type":"","overlay-color":"","overlay-opacity":"","overlay-gradient":""},"tablet":{"background-color":"var(--ast-global-color-5)","background-image":"","background-repeat":"repeat","background-position":"center center","background-size":"auto","background-attachment":"scroll","background-type":"","background-media":"","overlay-type":"","overlay-color":"","overlay-opacity":"","overlay-gradient":""},"mobile":{"background-color":"var(--ast-global-color-5)","background-image":"","background-repeat":"repeat","background-position":"center center","background-size":"auto","background-attachment":"scroll","background-type":"","background-media":"","overlay-type":"","overlay-color":"","overlay-opacity":"","overlay-gradient":""}}},"product_brand":[],"product_cat":[108,603,111],"product_tag":[],"class_list":{"0":"post-444474","1":"product","2":"type-product","3":"status-publish","4":"has-post-thumbnail","6":"product_cat-korut","7":"product_cat-korvakorut","8":"product_cat-naisten-korut","9":"pa_marke-kalevala-fi","10":"pa_material-hopea","11":"pa_smyckestyp-korvakorut","12":"desktop-align-center","13":"tablet-align-center","14":"mobile-align-center","15":"ast-product-gallery-layout-vertical","16":"ast-product-tabs-layout-horizontal","17":"ast-qv-on-image","19":"first","20":"instock","21":"taxable","22":"shipping-taxable","23":"purchasable","24":"product-type-simple"},"_links":{"self":[{"href":"https:\/\/smedlunds.com\/fi\/wp-json\/wp\/v2\/product\/444474","targetHints":{"allow":["GET"]}}],"collection":[{"href":"https:\/\/smedlunds.com\/fi\/wp-json\/wp\/v2\/product"}],"about":[{"href":"https:\/\/smedlunds.com\/fi\/wp-json\/wp\/v2\/types\/product"}],"wp:featuredmedia":[{"embeddable":true,"href":"https:\/\/smedlunds.com\/fi\/wp-json\/wp\/v2\/media\/444480"}],"wp:attachment":[{"href":"https:\/\/smedlunds.com\/fi\/wp-json\/wp\/v2\/media?parent=444474"}],"wp:term":[{"taxonomy":"product_brand","embeddable":true,"href":"https:\/\/smedlunds.com\/fi\/wp-json\/wp\/v2\/product_brand?post=444474"},{"taxonomy":"product_cat","embeddable":true,"href":"https:\/\/smedlunds.com\/fi\/wp-json\/wp\/v2\/product_cat?post=444474"},{"taxonomy":"product_tag","embeddable":true,"href":"https:\/\/smedlunds.com\/fi\/wp-json\/wp\/v2\/product_tag?post=444474"}],"curies":[{"name":"wp","href":"https:\/\/api.w.org\/{rel}","templated":true}]}}