{"id":444298,"date":"2023-10-23T20:50:15","date_gmt":"2023-10-23T17:50:15","guid":{"rendered":"https:\/\/smedlunds.com\/?post_type=product&#038;p=444298"},"modified":"2026-03-23T12:01:54","modified_gmt":"2026-03-23T10:01:54","slug":"kalevala-kosmos-rannekoru-pronssi-meripihka","status":"publish","type":"product","link":"https:\/\/smedlunds.com\/fi\/tuote\/kalevala-kosmos-rannekoru-pronssi-meripihka\/","title":{"rendered":"KALEVALA KOSMOS RANNEKORU PRONSSI MERIPIHKA 3568770ME"},"content":{"rendered":"<p><br data-mce-bogus=\"1\"><\/p>\n","protected":false},"excerpt":{"rendered":"<p><strong>Kalevala <b>Kosmos<\/b><b>\u00a0<\/b>rannekoru<\/strong><\/p>\n<ul>\n<li>Koko:\u00a0\u00d8 57mm , \u00d8 63mm<\/li>\n<li>Materiaali: Pronssi<\/li>\n<li>Kivi: Meripihka<\/li>\n<li>Design: Antonio Mazzamauro<\/li>\n<\/ul>\n<p style=\"text-align: center;\"><em>&#8221;P\u00e4\u00e4ttym\u00e4t\u00f6n maailmankaikkeus<br \/>\nTaivaan loputon avaruus<br \/>\nTaivaankappaleiden vaellus<br \/>\nTuhannet t\u00e4hdet ja kuut ja galaksit<br \/>\nKukin omaan radallaan<br \/>\nKukin omaan tahtiinsa<br \/>\nTiet\u00e4v\u00e4t menneen ja tulevan<br \/>\nMutta kertovatko siit\u00e4 meille?<br \/>\nJa jos kertovat, ymm\u00e4rr\u00e4mmek\u00f6?&#8221; -Kalevala<\/em><\/p>\n<p>&nbsp;<\/p>\n","protected":false},"featured_media":444302,"template":"","meta":{"site-sidebar-layout":"default","site-content-layout":"default","ast-site-content-layout":"default","site-content-style":"default","site-sidebar-style":"default","ast-global-header-display":"","ast-banner-title-visibility":"","ast-main-header-display":"","ast-hfb-above-header-display":"","ast-hfb-below-header-display":"","ast-hfb-mobile-header-display":"","site-post-title":"","ast-breadcrumbs-content":"","ast-featured-img":"","footer-sml-layout":"","ast-disable-related-posts":"","theme-transparent-header-meta":"default","adv-header-id-meta":"","stick-header-meta":"","header-above-stick-meta":"","header-main-stick-meta":"","header-below-stick-meta":"","astra-migrate-meta-layouts":"default","ast-page-background-enabled":"default","ast-page-background-meta":{"desktop":{"background-color":"","background-image":"","background-repeat":"repeat","background-position":"center center","background-size":"auto","background-attachment":"scroll","background-type":"","background-media":"","overlay-type":"","overlay-color":"","overlay-opacity":"","overlay-gradient":""},"tablet":{"background-color":"","background-image":"","background-repeat":"repeat","background-position":"center center","background-size":"auto","background-attachment":"scroll","background-type":"","background-media":"","overlay-type":"","overlay-color":"","overlay-opacity":"","overlay-gradient":""},"mobile":{"background-color":"","background-image":"","background-repeat":"repeat","background-position":"center center","background-size":"auto","background-attachment":"scroll","background-type":"","background-media":"","overlay-type":"","overlay-color":"","overlay-opacity":"","overlay-gradient":""}},"ast-content-background-meta":{"desktop":{"background-color":"var(--ast-global-color-5)","background-image":"","background-repeat":"repeat","background-position":"center center","background-size":"auto","background-attachment":"scroll","background-type":"","background-media":"","overlay-type":"","overlay-color":"","overlay-opacity":"","overlay-gradient":""},"tablet":{"background-color":"var(--ast-global-color-5)","background-image":"","background-repeat":"repeat","background-position":"center center","background-size":"auto","background-attachment":"scroll","background-type":"","background-media":"","overlay-type":"","overlay-color":"","overlay-opacity":"","overlay-gradient":""},"mobile":{"background-color":"var(--ast-global-color-5)","background-image":"","background-repeat":"repeat","background-position":"center center","background-size":"auto","background-attachment":"scroll","background-type":"","background-media":"","overlay-type":"","overlay-color":"","overlay-opacity":"","overlay-gradient":""}}},"product_brand":[],"product_cat":[108,111,598],"product_tag":[],"class_list":{"0":"post-444298","1":"product","2":"type-product","3":"status-publish","4":"has-post-thumbnail","6":"product_cat-korut","7":"product_cat-naisten-korut","8":"product_cat-rannekorut","9":"pa_marke-kalevala-fi","10":"pa_material-pronssi","11":"pa_smyckestyp-rannekorut","12":"pa_storlek-o57-fi","13":"pa_storlek-o60-fi","14":"pa_storlek-o63-fi","15":"desktop-align-center","16":"tablet-align-center","17":"mobile-align-center","18":"ast-product-gallery-layout-vertical","19":"ast-product-gallery-with-no-image","20":"ast-product-single-variable","21":"ast-product-tabs-layout-horizontal","22":"ast-qv-on-image","24":"first","25":"instock","26":"taxable","27":"shipping-taxable","28":"purchasable","29":"product-type-variable"},"_links":{"self":[{"href":"https:\/\/smedlunds.com\/fi\/wp-json\/wp\/v2\/product\/444298","targetHints":{"allow":["GET"]}}],"collection":[{"href":"https:\/\/smedlunds.com\/fi\/wp-json\/wp\/v2\/product"}],"about":[{"href":"https:\/\/smedlunds.com\/fi\/wp-json\/wp\/v2\/types\/product"}],"wp:featuredmedia":[{"embeddable":true,"href":"https:\/\/smedlunds.com\/fi\/wp-json\/wp\/v2\/media\/444302"}],"wp:attachment":[{"href":"https:\/\/smedlunds.com\/fi\/wp-json\/wp\/v2\/media?parent=444298"}],"wp:term":[{"taxonomy":"product_brand","embeddable":true,"href":"https:\/\/smedlunds.com\/fi\/wp-json\/wp\/v2\/product_brand?post=444298"},{"taxonomy":"product_cat","embeddable":true,"href":"https:\/\/smedlunds.com\/fi\/wp-json\/wp\/v2\/product_cat?post=444298"},{"taxonomy":"product_tag","embeddable":true,"href":"https:\/\/smedlunds.com\/fi\/wp-json\/wp\/v2\/product_tag?post=444298"}],"curies":[{"name":"wp","href":"https:\/\/api.w.org\/{rel}","templated":true}]}}