{"id":444115,"date":"2023-10-22T20:59:06","date_gmt":"2023-10-22T17:59:06","guid":{"rendered":"https:\/\/smedlunds.com\/?post_type=product&#038;p=444115"},"modified":"2026-03-23T12:06:16","modified_gmt":"2026-03-23T10:06:16","slug":"kalevala-paratiisi-rannekoru","status":"publish","type":"product","link":"https:\/\/smedlunds.com\/fi\/tuote\/kalevala-paratiisi-rannekoru\/","title":{"rendered":"KALEVALA PARATIISI RANNEKORU 2502184195"},"content":{"rendered":"","protected":false},"excerpt":{"rendered":"<p><strong>Kalevala Paratiisi rannekoru<\/strong><\/p>\n<ul>\n<li>Pituus: 16,5\/19,5cm<\/li>\n<li>Materiaali: Hopea<\/li>\n<\/ul>\n<p style=\"text-align: center;\"><em>&#8221;Kauan sitten nykyisess\u00e4 H\u00e4meess\u00e4 mahtinainen kantoi yll\u00e4\u00e4n monirivisi\u00e4 pronssiketjuja. Ketjut yhdistiv\u00e4t kahta kirkkoholvin muotoista laattaa, joissa el\u00e4m\u00e4nveden maljaa vartioi kaksi riikinkukkoa. Emme tied\u00e4, mit\u00e4 koruun ikuistettu varhaiskristillisen taiteen paratiisisymboli kantajalleen merkitsi. Ehk\u00e4 pitk\u00e4kaulaiset linnut olivat h\u00e4nelle onnentuojia, ehk\u00e4 sanansaattajia ihmisten ja jumalten v\u00e4lill\u00e4, ehk\u00e4 jotain muuta, mink\u00e4 vain h\u00e4n tiesi. Aivan varmasti h\u00e4n on kuitenkin uskonut korussa piilev\u00e4n voimaa. Voimaa, joka on edelleen tallella. Paratiisi-korujen esikuvana on Janakkalan Kernaalasta l\u00f6ydetty koru, &#8221;h\u00e4m\u00e4l\u00e4inen juhlak\u00e4\u00e4ty&#8221;, joka on per\u00e4isin noin vuodelta 800 jKr.-Kalevala<\/em><\/p>\n<p>&nbsp;<\/p>\n","protected":false},"featured_media":444123,"template":"","meta":{"site-sidebar-layout":"default","site-content-layout":null,"ast-site-content-layout":"default","site-content-style":"default","site-sidebar-style":"default","ast-global-header-display":"","ast-banner-title-visibility":"","ast-main-header-display":"","ast-hfb-above-header-display":"","ast-hfb-below-header-display":"","ast-hfb-mobile-header-display":"","site-post-title":"","ast-breadcrumbs-content":"","ast-featured-img":"","footer-sml-layout":"","ast-disable-related-posts":"","theme-transparent-header-meta":"default","adv-header-id-meta":null,"stick-header-meta":null,"header-above-stick-meta":null,"header-main-stick-meta":null,"header-below-stick-meta":null,"astra-migrate-meta-layouts":"default","ast-page-background-enabled":"default","ast-page-background-meta":{"desktop":{"background-color":"","background-image":"","background-repeat":"repeat","background-position":"center center","background-size":"auto","background-attachment":"scroll","background-type":"","background-media":"","overlay-type":"","overlay-color":"","overlay-opacity":"","overlay-gradient":""},"tablet":{"background-color":"","background-image":"","background-repeat":"repeat","background-position":"center center","background-size":"auto","background-attachment":"scroll","background-type":"","background-media":"","overlay-type":"","overlay-color":"","overlay-opacity":"","overlay-gradient":""},"mobile":{"background-color":"","background-image":"","background-repeat":"repeat","background-position":"center center","background-size":"auto","background-attachment":"scroll","background-type":"","background-media":"","overlay-type":"","overlay-color":"","overlay-opacity":"","overlay-gradient":""}},"ast-content-background-meta":{"desktop":{"background-color":"var(--ast-global-color-5)","background-image":"","background-repeat":"repeat","background-position":"center center","background-size":"auto","background-attachment":"scroll","background-type":"","background-media":"","overlay-type":"","overlay-color":"","overlay-opacity":"","overlay-gradient":""},"tablet":{"background-color":"var(--ast-global-color-5)","background-image":"","background-repeat":"repeat","background-position":"center center","background-size":"auto","background-attachment":"scroll","background-type":"","background-media":"","overlay-type":"","overlay-color":"","overlay-opacity":"","overlay-gradient":""},"mobile":{"background-color":"var(--ast-global-color-5)","background-image":"","background-repeat":"repeat","background-position":"center center","background-size":"auto","background-attachment":"scroll","background-type":"","background-media":"","overlay-type":"","overlay-color":"","overlay-opacity":"","overlay-gradient":""}}},"product_brand":[],"product_cat":[108,111,598],"product_tag":[],"class_list":{"0":"post-444115","1":"product","2":"type-product","3":"status-publish","4":"has-post-thumbnail","6":"product_cat-korut","7":"product_cat-naisten-korut","8":"product_cat-rannekorut","9":"pa_marke-kalevala-fi","10":"pa_material-hopea","11":"pa_smyckestyp-rannekorut","12":"desktop-align-center","13":"tablet-align-center","14":"mobile-align-center","15":"ast-product-gallery-layout-vertical","16":"ast-product-tabs-layout-horizontal","17":"ast-qv-on-image","19":"first","20":"instock","21":"taxable","22":"shipping-taxable","23":"purchasable","24":"product-type-simple"},"_links":{"self":[{"href":"https:\/\/smedlunds.com\/fi\/wp-json\/wp\/v2\/product\/444115","targetHints":{"allow":["GET"]}}],"collection":[{"href":"https:\/\/smedlunds.com\/fi\/wp-json\/wp\/v2\/product"}],"about":[{"href":"https:\/\/smedlunds.com\/fi\/wp-json\/wp\/v2\/types\/product"}],"wp:featuredmedia":[{"embeddable":true,"href":"https:\/\/smedlunds.com\/fi\/wp-json\/wp\/v2\/media\/444123"}],"wp:attachment":[{"href":"https:\/\/smedlunds.com\/fi\/wp-json\/wp\/v2\/media?parent=444115"}],"wp:term":[{"taxonomy":"product_brand","embeddable":true,"href":"https:\/\/smedlunds.com\/fi\/wp-json\/wp\/v2\/product_brand?post=444115"},{"taxonomy":"product_cat","embeddable":true,"href":"https:\/\/smedlunds.com\/fi\/wp-json\/wp\/v2\/product_cat?post=444115"},{"taxonomy":"product_tag","embeddable":true,"href":"https:\/\/smedlunds.com\/fi\/wp-json\/wp\/v2\/product_tag?post=444115"}],"curies":[{"name":"wp","href":"https:\/\/api.w.org\/{rel}","templated":true}]}}