{"id":443953,"date":"2023-10-21T10:49:20","date_gmt":"2023-10-21T07:49:20","guid":{"rendered":"https:\/\/smedlunds.com\/?post_type=product&#038;p=443953"},"modified":"2026-03-23T12:17:00","modified_gmt":"2026-03-23T10:17:00","slug":"kalevala-elaman-roihu-ristiriipus","status":"publish","type":"product","link":"https:\/\/smedlunds.com\/fi\/tuote\/kalevala-elaman-roihu-ristiriipus\/","title":{"rendered":"KALEVALA EL\u00c4M\u00c4N ROIHU RISTIRIIPUS 226911750"},"content":{"rendered":"","protected":false},"excerpt":{"rendered":"<p><strong>Kalevala <b>El\u00e4m\u00e4n roihu risti<\/b>riipus<\/strong><\/p>\n<ul>\n<li>Ketjun pituus: 45\/50cm<\/li>\n<li>Korun koko: 26 x 16mm<\/li>\n<li>Materiaali: Hopea<\/li>\n<\/ul>\n<p style=\"text-align: center;\"><em>&#8221;Elet\u00e4\u00e4n t\u00e4t\u00e4 el\u00e4m\u00e4\u00e4 t\u00e4ysill\u00e4 ja isolla liekill\u00e4, niin notta jokaanen p\u00e4iv\u00e4 on el\u00e4misen arvoonen! Uskalletaan unelmoira ja toteutetaan niit\u00e4 asioita, mit\u00e4 itte el\u00e4m\u00e4lt\u00e4 halutaan. Vaikka v\u00e4lill\u00e4 tulee kolhuja kuoreen, niin ei j\u00e4\u00e4r\u00e4 tuleen makaamaan &#8211; n\u00e4ist\u00e4h\u00e4n ne tarinat ja seikkailut syntyy! Vanhana voiraan sitten tyytyv\u00e4\u00e4sen\u00e4 istua kiikkustuolissa ja kertoa hienoosta yst\u00e4vyyren hetkist\u00e4 ja suurella syr\u00e4mmell\u00e4 eletyist\u00e4 seikkailuista&#8221;. -Duudsonit<\/em><\/p>\n<p>&nbsp;<\/p>\n","protected":false},"featured_media":443959,"template":"","meta":{"site-sidebar-layout":"default","site-content-layout":null,"ast-site-content-layout":"default","site-content-style":"default","site-sidebar-style":"default","ast-global-header-display":"","ast-banner-title-visibility":"","ast-main-header-display":"","ast-hfb-above-header-display":"","ast-hfb-below-header-display":"","ast-hfb-mobile-header-display":"","site-post-title":"","ast-breadcrumbs-content":"","ast-featured-img":"","footer-sml-layout":"","ast-disable-related-posts":"","theme-transparent-header-meta":"default","adv-header-id-meta":null,"stick-header-meta":null,"header-above-stick-meta":null,"header-main-stick-meta":null,"header-below-stick-meta":null,"astra-migrate-meta-layouts":"default","ast-page-background-enabled":"default","ast-page-background-meta":{"desktop":{"background-color":"","background-image":"","background-repeat":"repeat","background-position":"center center","background-size":"auto","background-attachment":"scroll","background-type":"","background-media":"","overlay-type":"","overlay-color":"","overlay-opacity":"","overlay-gradient":""},"tablet":{"background-color":"","background-image":"","background-repeat":"repeat","background-position":"center center","background-size":"auto","background-attachment":"scroll","background-type":"","background-media":"","overlay-type":"","overlay-color":"","overlay-opacity":"","overlay-gradient":""},"mobile":{"background-color":"","background-image":"","background-repeat":"repeat","background-position":"center center","background-size":"auto","background-attachment":"scroll","background-type":"","background-media":"","overlay-type":"","overlay-color":"","overlay-opacity":"","overlay-gradient":""}},"ast-content-background-meta":{"desktop":{"background-color":"var(--ast-global-color-5)","background-image":"","background-repeat":"repeat","background-position":"center center","background-size":"auto","background-attachment":"scroll","background-type":"","background-media":"","overlay-type":"","overlay-color":"","overlay-opacity":"","overlay-gradient":""},"tablet":{"background-color":"var(--ast-global-color-5)","background-image":"","background-repeat":"repeat","background-position":"center center","background-size":"auto","background-attachment":"scroll","background-type":"","background-media":"","overlay-type":"","overlay-color":"","overlay-opacity":"","overlay-gradient":""},"mobile":{"background-color":"var(--ast-global-color-5)","background-image":"","background-repeat":"repeat","background-position":"center center","background-size":"auto","background-attachment":"scroll","background-type":"","background-media":"","overlay-type":"","overlay-color":"","overlay-opacity":"","overlay-gradient":""}}},"product_brand":[],"product_cat":[607,600,108,112,111,113],"product_tag":[],"class_list":{"0":"post-443953","1":"product","2":"type-product","3":"status-publish","4":"has-post-thumbnail","6":"product_cat-kaulakorut-fi","7":"product_cat-kaulakorut","8":"product_cat-korut","9":"product_cat-miesten-korut","10":"product_cat-naisten-korut","11":"product_cat-ristiriipukset","12":"pa_marke-kalevala-fi","13":"pa_material-hopea","14":"pa_smyckestyp-kaulakorut","15":"desktop-align-center","16":"tablet-align-center","17":"mobile-align-center","18":"ast-product-gallery-layout-vertical","19":"ast-product-tabs-layout-horizontal","20":"ast-qv-on-image","22":"first","23":"instock","24":"taxable","25":"shipping-taxable","26":"purchasable","27":"product-type-simple"},"_links":{"self":[{"href":"https:\/\/smedlunds.com\/fi\/wp-json\/wp\/v2\/product\/443953","targetHints":{"allow":["GET"]}}],"collection":[{"href":"https:\/\/smedlunds.com\/fi\/wp-json\/wp\/v2\/product"}],"about":[{"href":"https:\/\/smedlunds.com\/fi\/wp-json\/wp\/v2\/types\/product"}],"wp:featuredmedia":[{"embeddable":true,"href":"https:\/\/smedlunds.com\/fi\/wp-json\/wp\/v2\/media\/443959"}],"wp:attachment":[{"href":"https:\/\/smedlunds.com\/fi\/wp-json\/wp\/v2\/media?parent=443953"}],"wp:term":[{"taxonomy":"product_brand","embeddable":true,"href":"https:\/\/smedlunds.com\/fi\/wp-json\/wp\/v2\/product_brand?post=443953"},{"taxonomy":"product_cat","embeddable":true,"href":"https:\/\/smedlunds.com\/fi\/wp-json\/wp\/v2\/product_cat?post=443953"},{"taxonomy":"product_tag","embeddable":true,"href":"https:\/\/smedlunds.com\/fi\/wp-json\/wp\/v2\/product_tag?post=443953"}],"curies":[{"name":"wp","href":"https:\/\/api.w.org\/{rel}","templated":true}]}}