{"id":443833,"date":"2023-10-19T15:31:18","date_gmt":"2023-10-19T12:31:18","guid":{"rendered":"https:\/\/smedlunds.com\/?post_type=product&#038;p=443833"},"modified":"2026-03-23T12:28:53","modified_gmt":"2026-03-23T10:28:53","slug":"kalevala-amuletti-aurinkoleijona-riipus","status":"publish","type":"product","link":"https:\/\/smedlunds.com\/fi\/tuote\/kalevala-amuletti-aurinkoleijona-riipus\/","title":{"rendered":"KALEVALA AMULETTI AURINKOLEIJONA RIIPUS 227031360"},"content":{"rendered":"","protected":false},"excerpt":{"rendered":"<p><strong>Kalevala <b>Amuletti Aurinkoleijona\u00a0<\/b><b>riipus<\/b><\/strong><\/p>\n<ul>\n<li>Ketjun pituus: 40\/45\/50\/55\/60cm<\/li>\n<li>Korun koko: 20mm<\/li>\n<li>Materiaali: Hopea<\/li>\n<li>Design: Lina Simons<\/li>\n<\/ul>\n<p style=\"text-align: center;\"><em>&#8221;Amuletti, onnentuoja. Entisaikoina korut olivat kantajalleen enemm\u00e4n kuin vain kauniita esineit\u00e4. Monet esi\u00e4itiemme korujen kuviot ja koristeet olivat v\u00e4kevi\u00e4 symboleja, joiden uskottiin tuovan onnea, terveytt\u00e4 ja menestyst\u00e4, sek\u00e4 pit\u00e4v\u00e4n loitolla pahat henget ja ajatukset.\u00a0Kalevala Originals -koruissa\u00a0menneiden aikojen uskomukset her\u00e4\u00e4v\u00e4t eloon. Amuletti-korut ovat uusia tulkintoja muinaiskorujen salaper\u00e4isist\u00e4 symboleista.&#8221; -Kalevala<\/em><\/p>\n<p>Kaiverrus sis\u00e4ltyy hintaan!<\/p>\n<p><strong>HUOM! Kaiverretuilla tuotteilla ei ole palautusoikeutta.\u00a0<\/strong><\/p>\n<p style=\"text-align: center;\">\n","protected":false},"featured_media":443839,"template":"","meta":{"site-sidebar-layout":"default","site-content-layout":null,"ast-site-content-layout":"default","site-content-style":"default","site-sidebar-style":"default","ast-global-header-display":"","ast-banner-title-visibility":"","ast-main-header-display":"","ast-hfb-above-header-display":"","ast-hfb-below-header-display":"","ast-hfb-mobile-header-display":"","site-post-title":"","ast-breadcrumbs-content":"","ast-featured-img":"","footer-sml-layout":"","ast-disable-related-posts":"","theme-transparent-header-meta":"default","adv-header-id-meta":null,"stick-header-meta":null,"header-above-stick-meta":null,"header-main-stick-meta":null,"header-below-stick-meta":null,"astra-migrate-meta-layouts":"set","ast-page-background-enabled":"default","ast-page-background-meta":{"desktop":{"background-color":"","background-image":"","background-repeat":"repeat","background-position":"center center","background-size":"auto","background-attachment":"scroll","background-type":"","background-media":"","overlay-type":"","overlay-color":"","overlay-opacity":"","overlay-gradient":""},"tablet":{"background-color":"","background-image":"","background-repeat":"repeat","background-position":"center center","background-size":"auto","background-attachment":"scroll","background-type":"","background-media":"","overlay-type":"","overlay-color":"","overlay-opacity":"","overlay-gradient":""},"mobile":{"background-color":"","background-image":"","background-repeat":"repeat","background-position":"center center","background-size":"auto","background-attachment":"scroll","background-type":"","background-media":"","overlay-type":"","overlay-color":"","overlay-opacity":"","overlay-gradient":""}},"ast-content-background-meta":{"desktop":{"background-color":"var(--ast-global-color-5)","background-image":"","background-repeat":"repeat","background-position":"center center","background-size":"auto","background-attachment":"scroll","background-type":"","background-media":"","overlay-type":"","overlay-color":"","overlay-opacity":"","overlay-gradient":""},"tablet":{"background-color":"var(--ast-global-color-5)","background-image":"","background-repeat":"repeat","background-position":"center center","background-size":"auto","background-attachment":"scroll","background-type":"","background-media":"","overlay-type":"","overlay-color":"","overlay-opacity":"","overlay-gradient":""},"mobile":{"background-color":"var(--ast-global-color-5)","background-image":"","background-repeat":"repeat","background-position":"center center","background-size":"auto","background-attachment":"scroll","background-type":"","background-media":"","overlay-type":"","overlay-color":"","overlay-opacity":"","overlay-gradient":""}}},"product_brand":[],"product_cat":[600,108,111],"product_tag":[],"class_list":{"0":"post-443833","1":"product","2":"type-product","3":"status-publish","4":"has-post-thumbnail","6":"product_cat-kaulakorut","7":"product_cat-korut","8":"product_cat-naisten-korut","9":"pa_marke-kalevala-fi","10":"pa_material-hopea","11":"pa_smyckestyp-kaulakorut","12":"desktop-align-center","13":"tablet-align-center","14":"mobile-align-center","15":"ast-product-gallery-layout-vertical","16":"ast-product-tabs-layout-horizontal","17":"ast-qv-on-image","19":"first","20":"instock","21":"taxable","22":"shipping-taxable","23":"purchasable","24":"product-type-simple"},"_links":{"self":[{"href":"https:\/\/smedlunds.com\/fi\/wp-json\/wp\/v2\/product\/443833","targetHints":{"allow":["GET"]}}],"collection":[{"href":"https:\/\/smedlunds.com\/fi\/wp-json\/wp\/v2\/product"}],"about":[{"href":"https:\/\/smedlunds.com\/fi\/wp-json\/wp\/v2\/types\/product"}],"wp:featuredmedia":[{"embeddable":true,"href":"https:\/\/smedlunds.com\/fi\/wp-json\/wp\/v2\/media\/443839"}],"wp:attachment":[{"href":"https:\/\/smedlunds.com\/fi\/wp-json\/wp\/v2\/media?parent=443833"}],"wp:term":[{"taxonomy":"product_brand","embeddable":true,"href":"https:\/\/smedlunds.com\/fi\/wp-json\/wp\/v2\/product_brand?post=443833"},{"taxonomy":"product_cat","embeddable":true,"href":"https:\/\/smedlunds.com\/fi\/wp-json\/wp\/v2\/product_cat?post=443833"},{"taxonomy":"product_tag","embeddable":true,"href":"https:\/\/smedlunds.com\/fi\/wp-json\/wp\/v2\/product_tag?post=443833"}],"curies":[{"name":"wp","href":"https:\/\/api.w.org\/{rel}","templated":true}]}}