{"id":443007,"date":"2023-10-03T21:56:57","date_gmt":"2023-10-03T18:56:57","guid":{"rendered":"https:\/\/smedlunds.com\/?post_type=product&#038;p=443007"},"modified":"2026-03-23T13:07:04","modified_gmt":"2026-03-23T11:07:04","slug":"kalevala-vaino-riipus","status":"publish","type":"product","link":"https:\/\/smedlunds.com\/fi\/tuote\/kalevala-vaino-riipus\/","title":{"rendered":"KALEVALA V\u00c4IN\u00d6 RIIPUS 2266320"},"content":{"rendered":"","protected":false},"excerpt":{"rendered":"<p><strong>Kalevala <b>V\u00e4in\u00f6 riipus<\/b><\/strong><\/p>\n<ul>\n<li>Ketjun pituus: 45cm, 50cm<\/li>\n<li>Korun korkeus: 36mm<\/li>\n<li>Materiaali: Hopea<\/li>\n<\/ul>\n<p style=\"text-align: center;\"><em>&#8221;Vala eiliselle, vala huomiselle. Symboliikka ja kauneudenkaipuu syntyiv\u00e4t k\u00e4si k\u00e4dess\u00e4 ihmisyyden kanssa. Koruilla ihminen on viestinyt, kuka h\u00e4n on, mist\u00e4 h\u00e4n tulee, mihin h\u00e4n kuuluu, mihin h\u00e4n uskoo. Entisaikoina koruja saatettiin antaa mukaan my\u00f6s matkalle tuonpuoleiseen. Kalevala Originals -koruissa menneiden aikojen perint\u00f6 el\u00e4\u00e4 \u2013 voimme kantaa samoja koruja ja samoista syist\u00e4 kun esivanhempamme sukupolvia sitten. Korujen kauneus ei ole katoavaista.&#8221; -Kalevala<\/em><\/p>\n<p>Kaiverrus sis\u00e4ltyy hintaan!<\/p>\n<p><strong>HUOM! Kaiverretuilla tuotteilla ei ole palautusoikeutta.\u00a0<\/strong><\/p>\n<p style=\"text-align: center;\">\n","protected":false},"featured_media":448146,"template":"","meta":{"site-sidebar-layout":"default","site-content-layout":null,"ast-site-content-layout":"default","site-content-style":"default","site-sidebar-style":"default","ast-global-header-display":"","ast-banner-title-visibility":"","ast-main-header-display":"","ast-hfb-above-header-display":"","ast-hfb-below-header-display":"","ast-hfb-mobile-header-display":"","site-post-title":"","ast-breadcrumbs-content":"","ast-featured-img":"","footer-sml-layout":"","ast-disable-related-posts":"","theme-transparent-header-meta":"default","adv-header-id-meta":null,"stick-header-meta":null,"header-above-stick-meta":null,"header-main-stick-meta":null,"header-below-stick-meta":null,"astra-migrate-meta-layouts":"set","ast-page-background-enabled":"default","ast-page-background-meta":{"desktop":{"background-color":"","background-image":"","background-repeat":"repeat","background-position":"center center","background-size":"auto","background-attachment":"scroll","background-type":"","background-media":"","overlay-type":"","overlay-color":"","overlay-opacity":"","overlay-gradient":""},"tablet":{"background-color":"","background-image":"","background-repeat":"repeat","background-position":"center center","background-size":"auto","background-attachment":"scroll","background-type":"","background-media":"","overlay-type":"","overlay-color":"","overlay-opacity":"","overlay-gradient":""},"mobile":{"background-color":"","background-image":"","background-repeat":"repeat","background-position":"center center","background-size":"auto","background-attachment":"scroll","background-type":"","background-media":"","overlay-type":"","overlay-color":"","overlay-opacity":"","overlay-gradient":""}},"ast-content-background-meta":{"desktop":{"background-color":"var(--ast-global-color-5)","background-image":"","background-repeat":"repeat","background-position":"center center","background-size":"auto","background-attachment":"scroll","background-type":"","background-media":"","overlay-type":"","overlay-color":"","overlay-opacity":"","overlay-gradient":""},"tablet":{"background-color":"var(--ast-global-color-5)","background-image":"","background-repeat":"repeat","background-position":"center center","background-size":"auto","background-attachment":"scroll","background-type":"","background-media":"","overlay-type":"","overlay-color":"","overlay-opacity":"","overlay-gradient":""},"mobile":{"background-color":"var(--ast-global-color-5)","background-image":"","background-repeat":"repeat","background-position":"center center","background-size":"auto","background-attachment":"scroll","background-type":"","background-media":"","overlay-type":"","overlay-color":"","overlay-opacity":"","overlay-gradient":""}}},"product_brand":[],"product_cat":[607,108,112,113],"product_tag":[],"class_list":{"0":"post-443007","1":"product","2":"type-product","3":"status-publish","4":"has-post-thumbnail","6":"product_cat-kaulakorut-fi","7":"product_cat-korut","8":"product_cat-miesten-korut","9":"product_cat-ristiriipukset","10":"pa_marke-kalevala-fi","11":"pa_material-hopea","12":"pa_smyckestyp-kaulakorut","13":"desktop-align-center","14":"tablet-align-center","15":"mobile-align-center","16":"ast-product-gallery-layout-vertical","17":"ast-product-single-variable","18":"ast-product-tabs-layout-horizontal","19":"ast-qv-on-image","21":"first","22":"instock","23":"taxable","24":"shipping-taxable","25":"purchasable","26":"product-type-variable"},"_links":{"self":[{"href":"https:\/\/smedlunds.com\/fi\/wp-json\/wp\/v2\/product\/443007","targetHints":{"allow":["GET"]}}],"collection":[{"href":"https:\/\/smedlunds.com\/fi\/wp-json\/wp\/v2\/product"}],"about":[{"href":"https:\/\/smedlunds.com\/fi\/wp-json\/wp\/v2\/types\/product"}],"wp:featuredmedia":[{"embeddable":true,"href":"https:\/\/smedlunds.com\/fi\/wp-json\/wp\/v2\/media\/448146"}],"wp:attachment":[{"href":"https:\/\/smedlunds.com\/fi\/wp-json\/wp\/v2\/media?parent=443007"}],"wp:term":[{"taxonomy":"product_brand","embeddable":true,"href":"https:\/\/smedlunds.com\/fi\/wp-json\/wp\/v2\/product_brand?post=443007"},{"taxonomy":"product_cat","embeddable":true,"href":"https:\/\/smedlunds.com\/fi\/wp-json\/wp\/v2\/product_cat?post=443007"},{"taxonomy":"product_tag","embeddable":true,"href":"https:\/\/smedlunds.com\/fi\/wp-json\/wp\/v2\/product_tag?post=443007"}],"curies":[{"name":"wp","href":"https:\/\/api.w.org\/{rel}","templated":true}]}}