{"id":442949,"date":"2023-10-03T20:29:43","date_gmt":"2023-10-03T17:29:43","guid":{"rendered":"https:\/\/smedlunds.com\/?post_type=product&#038;p=442949"},"modified":"2026-03-23T13:07:49","modified_gmt":"2026-03-23T11:07:49","slug":"kalevala-illusioni-riipus","status":"publish","type":"product","link":"https:\/\/smedlunds.com\/fi\/tuote\/kalevala-illusioni-riipus\/","title":{"rendered":"KALEVALA ILLUSIONI RIIPUS 2262002"},"content":{"rendered":"","protected":false},"excerpt":{"rendered":"<p><strong>Kalevala Illusioni riipus<\/strong><\/p>\n<ul>\n<li>Ketjun pituus: 42\/45cm<\/li>\n<li>Korun korkeus: 30mm<\/li>\n<li>Materiaali: Hopea<\/li>\n<li>Design: Tony Granholm<\/li>\n<\/ul>\n<p style=\"text-align: center;\"><em>&#8221;Ristiriipus kantaa muistoa el\u00e4m\u00e4n t\u00e4rkeist\u00e4 hetkist\u00e4. Se antaa rohkeutta kulkea eteenp\u00e4in. Anna tuulten puhaltaa ja nostaa sinut siivillesi. Lenn\u00e4 avoimin mielin kohti kiehtovaa seikkailua nimelt\u00e4 el\u00e4m\u00e4. Siipesi kantavat kyll\u00e4 \u2013 ristiriipus muistuttaa sinua siit\u00e4. Illusioni-ristin on saanut innoituksensa 1900-luvun alun jugend-tyylist\u00e4 ja nimens\u00e4 Mika Waltarin romaanista Suuri Illusioni vuodelta 1928.<\/em><em style=\"font-size: 16px;\">&#8221; -Kalevala<\/em><\/p>\n<p>&nbsp;<\/p>\n","protected":false},"featured_media":442951,"template":"","meta":{"site-sidebar-layout":"default","site-content-layout":null,"ast-site-content-layout":"default","site-content-style":"default","site-sidebar-style":"default","ast-global-header-display":"","ast-banner-title-visibility":"","ast-main-header-display":"","ast-hfb-above-header-display":"","ast-hfb-below-header-display":"","ast-hfb-mobile-header-display":"","site-post-title":"","ast-breadcrumbs-content":"","ast-featured-img":"","footer-sml-layout":"","ast-disable-related-posts":"","theme-transparent-header-meta":"default","adv-header-id-meta":null,"stick-header-meta":null,"header-above-stick-meta":null,"header-main-stick-meta":null,"header-below-stick-meta":null,"astra-migrate-meta-layouts":"default","ast-page-background-enabled":"default","ast-page-background-meta":{"desktop":{"background-color":"","background-image":"","background-repeat":"repeat","background-position":"center center","background-size":"auto","background-attachment":"scroll","background-type":"","background-media":"","overlay-type":"","overlay-color":"","overlay-opacity":"","overlay-gradient":""},"tablet":{"background-color":"","background-image":"","background-repeat":"repeat","background-position":"center center","background-size":"auto","background-attachment":"scroll","background-type":"","background-media":"","overlay-type":"","overlay-color":"","overlay-opacity":"","overlay-gradient":""},"mobile":{"background-color":"","background-image":"","background-repeat":"repeat","background-position":"center center","background-size":"auto","background-attachment":"scroll","background-type":"","background-media":"","overlay-type":"","overlay-color":"","overlay-opacity":"","overlay-gradient":""}},"ast-content-background-meta":{"desktop":{"background-color":"var(--ast-global-color-5)","background-image":"","background-repeat":"repeat","background-position":"center center","background-size":"auto","background-attachment":"scroll","background-type":"","background-media":"","overlay-type":"","overlay-color":"","overlay-opacity":"","overlay-gradient":""},"tablet":{"background-color":"var(--ast-global-color-5)","background-image":"","background-repeat":"repeat","background-position":"center center","background-size":"auto","background-attachment":"scroll","background-type":"","background-media":"","overlay-type":"","overlay-color":"","overlay-opacity":"","overlay-gradient":""},"mobile":{"background-color":"var(--ast-global-color-5)","background-image":"","background-repeat":"repeat","background-position":"center center","background-size":"auto","background-attachment":"scroll","background-type":"","background-media":"","overlay-type":"","overlay-color":"","overlay-opacity":"","overlay-gradient":""}}},"product_brand":[],"product_cat":[600,607,108,112,111,113],"product_tag":[],"class_list":{"0":"post-442949","1":"product","2":"type-product","3":"status-publish","4":"has-post-thumbnail","6":"product_cat-kaulakorut","7":"product_cat-kaulakorut-fi","8":"product_cat-korut","9":"product_cat-miesten-korut","10":"product_cat-naisten-korut","11":"product_cat-ristiriipukset","12":"pa_marke-kalevala-fi","13":"pa_material-hopea","14":"pa_smyckestyp-kaulakorut","15":"desktop-align-center","16":"tablet-align-center","17":"mobile-align-center","18":"ast-product-gallery-layout-vertical","19":"ast-product-gallery-with-no-image","20":"ast-product-tabs-layout-horizontal","21":"ast-qv-on-image","23":"first","24":"instock","25":"taxable","26":"shipping-taxable","27":"purchasable","28":"product-type-simple"},"_links":{"self":[{"href":"https:\/\/smedlunds.com\/fi\/wp-json\/wp\/v2\/product\/442949","targetHints":{"allow":["GET"]}}],"collection":[{"href":"https:\/\/smedlunds.com\/fi\/wp-json\/wp\/v2\/product"}],"about":[{"href":"https:\/\/smedlunds.com\/fi\/wp-json\/wp\/v2\/types\/product"}],"wp:featuredmedia":[{"embeddable":true,"href":"https:\/\/smedlunds.com\/fi\/wp-json\/wp\/v2\/media\/442951"}],"wp:attachment":[{"href":"https:\/\/smedlunds.com\/fi\/wp-json\/wp\/v2\/media?parent=442949"}],"wp:term":[{"taxonomy":"product_brand","embeddable":true,"href":"https:\/\/smedlunds.com\/fi\/wp-json\/wp\/v2\/product_brand?post=442949"},{"taxonomy":"product_cat","embeddable":true,"href":"https:\/\/smedlunds.com\/fi\/wp-json\/wp\/v2\/product_cat?post=442949"},{"taxonomy":"product_tag","embeddable":true,"href":"https:\/\/smedlunds.com\/fi\/wp-json\/wp\/v2\/product_tag?post=442949"}],"curies":[{"name":"wp","href":"https:\/\/api.w.org\/{rel}","templated":true}]}}