{"id":35317,"date":"2022-05-20T09:29:31","date_gmt":"2022-05-20T06:29:31","guid":{"rendered":"https:\/\/smedlunds.com\/?post_type=product&#038;p=35317"},"modified":"2022-05-20T10:18:36","modified_gmt":"2022-05-20T07:18:36","slug":"casio-w-800h-1aves","status":"publish","type":"product","link":"https:\/\/smedlunds.com\/fi\/tuote\/casio-w-800h-1aves\/","title":{"rendered":"CASIO W-800H-1AVES"},"content":{"rendered":"","protected":false},"excerpt":{"rendered":"<p><strong>CASIO W-800H-1AVES<\/strong><\/p>\n<div>\n<form id=\"AddToCartForm\" class=\"product_form\" accept-charset=\"UTF-8\" action=\"https:\/\/smedlunds.com\/cart\/add\" enctype=\"multipart\/form-data\" method=\"post\" data-product-form=\" { &quot;money_format&quot;: &quot;\u20ac{{amount_with_comma_separator}}&quot;, &quot;enable_history&quot;: true, &quot;sold_out&quot;: &quot;Sold Out&quot;, &quot;button&quot;: &quot;Add to Cart&quot;, &quot;unavailable&quot;: &quot;Unavailable&quot;, &quot;quickview&quot;: false } \" data-product-id=\"6647535108281\">\n<div>\n<div>\n<ul>\n<li style=\"font-size: 16px;\">Vesitiiveys: 100m<\/li>\n<li style=\"font-size: 16px;\">Rungon leveys: 37mm<\/li>\n<li>LED-valo<\/li>\n<li>Kaksoisaika<\/li>\n<li>Ajanotto\/ sekkari<\/li>\n<li>Multih\u00e4lytys<\/li>\n<li>Tasatuntisignaali<\/li>\n<li>Torkkuher\u00e4tys<\/li>\n<li>Kalenteri<\/li>\n<li>12\/24 tunnin n\u00e4ytt\u00f6<\/li>\n<li>10:n vuoden paristo<\/li>\n<\/ul>\n<\/div>\n<p>Kaikille Casio kelloille my\u00f6nnet\u00e4\u00e4n 2 vuoden takuu.<\/p>\n<\/div>\n<\/form>\n<\/div>\n","protected":false},"featured_media":35319,"template":"","meta":{"site-sidebar-layout":"default","site-content-layout":"default","ast-site-content-layout":"default","site-content-style":"default","site-sidebar-style":"default","ast-global-header-display":"","ast-banner-title-visibility":"","ast-main-header-display":"","ast-hfb-above-header-display":"","ast-hfb-below-header-display":"","ast-hfb-mobile-header-display":"","site-post-title":"","ast-breadcrumbs-content":"","ast-featured-img":"","footer-sml-layout":"","ast-disable-related-posts":"","theme-transparent-header-meta":"default","adv-header-id-meta":"","stick-header-meta":"","header-above-stick-meta":"","header-main-stick-meta":"","header-below-stick-meta":"","astra-migrate-meta-layouts":"default","ast-page-background-enabled":"default","ast-page-background-meta":{"desktop":{"background-color":"","background-image":"","background-repeat":"repeat","background-position":"center center","background-size":"auto","background-attachment":"scroll","background-type":"","background-media":"","overlay-type":"","overlay-color":"","overlay-opacity":"","overlay-gradient":""},"tablet":{"background-color":"","background-image":"","background-repeat":"repeat","background-position":"center center","background-size":"auto","background-attachment":"scroll","background-type":"","background-media":"","overlay-type":"","overlay-color":"","overlay-opacity":"","overlay-gradient":""},"mobile":{"background-color":"","background-image":"","background-repeat":"repeat","background-position":"center center","background-size":"auto","background-attachment":"scroll","background-type":"","background-media":"","overlay-type":"","overlay-color":"","overlay-opacity":"","overlay-gradient":""}},"ast-content-background-meta":{"desktop":{"background-color":"var(--ast-global-color-5)","background-image":"","background-repeat":"repeat","background-position":"center center","background-size":"auto","background-attachment":"scroll","background-type":"","background-media":"","overlay-type":"","overlay-color":"","overlay-opacity":"","overlay-gradient":""},"tablet":{"background-color":"var(--ast-global-color-5)","background-image":"","background-repeat":"repeat","background-position":"center center","background-size":"auto","background-attachment":"scroll","background-type":"","background-media":"","overlay-type":"","overlay-color":"","overlay-opacity":"","overlay-gradient":""},"mobile":{"background-color":"var(--ast-global-color-5)","background-image":"","background-repeat":"repeat","background-position":"center center","background-size":"auto","background-attachment":"scroll","background-type":"","background-media":"","overlay-type":"","overlay-color":"","overlay-opacity":"","overlay-gradient":""}}},"product_brand":[],"product_cat":[102,104],"product_tag":[],"class_list":{"0":"post-35317","1":"product","2":"type-product","3":"status-publish","4":"has-post-thumbnail","6":"product_cat-kellot","7":"product_cat-miesten-kellot","8":"pa_marke-casio-fi","9":"pa_material-muovi","10":"desktop-align-center","11":"tablet-align-center","12":"mobile-align-center","13":"ast-product-gallery-layout-vertical","14":"ast-product-gallery-with-no-image","15":"ast-product-tabs-layout-horizontal","16":"ast-qv-on-image","18":"first","19":"instock","20":"taxable","21":"shipping-taxable","22":"purchasable","23":"product-type-simple"},"_links":{"self":[{"href":"https:\/\/smedlunds.com\/fi\/wp-json\/wp\/v2\/product\/35317","targetHints":{"allow":["GET"]}}],"collection":[{"href":"https:\/\/smedlunds.com\/fi\/wp-json\/wp\/v2\/product"}],"about":[{"href":"https:\/\/smedlunds.com\/fi\/wp-json\/wp\/v2\/types\/product"}],"wp:featuredmedia":[{"embeddable":true,"href":"https:\/\/smedlunds.com\/fi\/wp-json\/wp\/v2\/media\/35319"}],"wp:attachment":[{"href":"https:\/\/smedlunds.com\/fi\/wp-json\/wp\/v2\/media?parent=35317"}],"wp:term":[{"taxonomy":"product_brand","embeddable":true,"href":"https:\/\/smedlunds.com\/fi\/wp-json\/wp\/v2\/product_brand?post=35317"},{"taxonomy":"product_cat","embeddable":true,"href":"https:\/\/smedlunds.com\/fi\/wp-json\/wp\/v2\/product_cat?post=35317"},{"taxonomy":"product_tag","embeddable":true,"href":"https:\/\/smedlunds.com\/fi\/wp-json\/wp\/v2\/product_tag?post=35317"}],"curies":[{"name":"wp","href":"https:\/\/api.w.org\/{rel}","templated":true}]}}