{"id":2242,"date":"2021-05-27T14:50:32","date_gmt":"2021-05-27T14:50:32","guid":{"rendered":"https:\/\/smedlunds.com\/?post_type=product&#038;p=2242"},"modified":"2022-10-24T10:46:04","modified_gmt":"2022-10-24T07:46:04","slug":"casio-g-shock-5","status":"publish","type":"product","link":"https:\/\/smedlunds.com\/fi\/tuote\/casio-g-shock-5\/","title":{"rendered":"CASIO G-SHOCK"},"content":{"rendered":"","protected":false},"excerpt":{"rendered":"<p><strong>CASIO GORILLAZ X G-SHOCK GW-B5600GZ-1ER<\/strong><\/p>\n<div>\n<form id=\"AddToCartForm\" class=\"product_form\" accept-charset=\"UTF-8\" action=\"https:\/\/smedlunds.com\/cart\/add\" enctype=\"multipart\/form-data\" method=\"post\" data-product-form=\" { &quot;money_format&quot;: &quot;\u20ac{{amount_with_comma_separator}}&quot;, &quot;enable_history&quot;: true, &quot;sold_out&quot;: &quot;Sold Out&quot;, &quot;button&quot;: &quot;Add to Cart&quot;, &quot;unavailable&quot;: &quot;Unavailable&quot;, &quot;quickview&quot;: false } \" data-product-id=\"6647265165497\">\n<div>\n<div>\n<ul>\n<li>Iskunkest\u00e4v\u00e4<\/li>\n<li>1\/100 sekunnin ajanotto<\/li>\n<li>Ajastin<\/li>\n<li>Maailmanaika<\/li>\n<li>Multih\u00e4lytys<\/li>\n<li>Automaattinen kalenteri<\/li>\n<li>Lasi: Mineraalilasi<\/li>\n<li>Hiilikuituvahvistettu runko<\/li>\n<li>Rungon leveys: 43mm<\/li>\n<li>Vesitiiveys 200m<\/li>\n<li>Mitat: 51,2 mm x 48,7 mm x 14,1 mm<\/li>\n<\/ul>\n<\/div>\n<p>Kaikille Casio kelloille my\u00f6nnet\u00e4\u00e4n 2 vuoden takuu.<\/p>\n<\/div>\n<\/form>\n<\/div>\n","protected":false},"featured_media":2244,"template":"","meta":{"site-sidebar-layout":"default","site-content-layout":"default","ast-site-content-layout":"default","site-content-style":"default","site-sidebar-style":"default","ast-global-header-display":"","ast-banner-title-visibility":"","ast-main-header-display":"","ast-hfb-above-header-display":"","ast-hfb-below-header-display":"","ast-hfb-mobile-header-display":"","site-post-title":"","ast-breadcrumbs-content":"","ast-featured-img":"","footer-sml-layout":"","ast-disable-related-posts":"","theme-transparent-header-meta":"default","adv-header-id-meta":null,"stick-header-meta":null,"header-above-stick-meta":null,"header-main-stick-meta":null,"header-below-stick-meta":null,"astra-migrate-meta-layouts":"default","ast-page-background-enabled":"default","ast-page-background-meta":{"desktop":{"background-color":"","background-image":"","background-repeat":"repeat","background-position":"center center","background-size":"auto","background-attachment":"scroll","background-type":"","background-media":"","overlay-type":"","overlay-color":"","overlay-opacity":"","overlay-gradient":""},"tablet":{"background-color":"","background-image":"","background-repeat":"repeat","background-position":"center center","background-size":"auto","background-attachment":"scroll","background-type":"","background-media":"","overlay-type":"","overlay-color":"","overlay-opacity":"","overlay-gradient":""},"mobile":{"background-color":"","background-image":"","background-repeat":"repeat","background-position":"center center","background-size":"auto","background-attachment":"scroll","background-type":"","background-media":"","overlay-type":"","overlay-color":"","overlay-opacity":"","overlay-gradient":""}},"ast-content-background-meta":{"desktop":{"background-color":"var(--ast-global-color-5)","background-image":"","background-repeat":"repeat","background-position":"center center","background-size":"auto","background-attachment":"scroll","background-type":"","background-media":"","overlay-type":"","overlay-color":"","overlay-opacity":"","overlay-gradient":""},"tablet":{"background-color":"var(--ast-global-color-5)","background-image":"","background-repeat":"repeat","background-position":"center center","background-size":"auto","background-attachment":"scroll","background-type":"","background-media":"","overlay-type":"","overlay-color":"","overlay-opacity":"","overlay-gradient":""},"mobile":{"background-color":"var(--ast-global-color-5)","background-image":"","background-repeat":"repeat","background-position":"center center","background-size":"auto","background-attachment":"scroll","background-type":"","background-media":"","overlay-type":"","overlay-color":"","overlay-opacity":"","overlay-gradient":""}}},"product_brand":[],"product_cat":[102,104],"product_tag":[],"class_list":{"0":"post-2242","1":"product","2":"type-product","3":"status-publish","4":"has-post-thumbnail","6":"product_cat-kellot","7":"product_cat-miesten-kellot","8":"pa_marke-casio-fi","9":"pa_material-muovi","10":"desktop-align-center","11":"tablet-align-center","12":"mobile-align-center","13":"ast-product-gallery-layout-vertical","14":"ast-product-gallery-with-no-image","15":"ast-product-tabs-layout-horizontal","16":"ast-qv-on-image","18":"first","19":"instock","20":"taxable","21":"shipping-taxable","22":"purchasable","23":"product-type-simple"},"_links":{"self":[{"href":"https:\/\/smedlunds.com\/fi\/wp-json\/wp\/v2\/product\/2242","targetHints":{"allow":["GET"]}}],"collection":[{"href":"https:\/\/smedlunds.com\/fi\/wp-json\/wp\/v2\/product"}],"about":[{"href":"https:\/\/smedlunds.com\/fi\/wp-json\/wp\/v2\/types\/product"}],"wp:featuredmedia":[{"embeddable":true,"href":"https:\/\/smedlunds.com\/fi\/wp-json\/wp\/v2\/media\/2244"}],"wp:attachment":[{"href":"https:\/\/smedlunds.com\/fi\/wp-json\/wp\/v2\/media?parent=2242"}],"wp:term":[{"taxonomy":"product_brand","embeddable":true,"href":"https:\/\/smedlunds.com\/fi\/wp-json\/wp\/v2\/product_brand?post=2242"},{"taxonomy":"product_cat","embeddable":true,"href":"https:\/\/smedlunds.com\/fi\/wp-json\/wp\/v2\/product_cat?post=2242"},{"taxonomy":"product_tag","embeddable":true,"href":"https:\/\/smedlunds.com\/fi\/wp-json\/wp\/v2\/product_tag?post=2242"}],"curies":[{"name":"wp","href":"https:\/\/api.w.org\/{rel}","templated":true}]}}