{"id":638,"date":"2021-05-17T17:33:28","date_gmt":"2021-05-17T17:33:28","guid":{"rendered":"https:\/\/smedlunds.com\/?page_id=638"},"modified":"2022-10-30T20:20:57","modified_gmt":"2022-10-30T18:20:57","slug":"osto-ja-toimitusehdot","status":"publish","type":"page","link":"https:\/\/smedlunds.com\/fi\/osto-ja-toimitusehdot\/","title":{"rendered":"Osto- ja toimitusehdot"},"content":{"rendered":"\t\t<div data-elementor-type=\"wp-page\" data-elementor-id=\"638\" class=\"elementor elementor-638 elementor-68\" data-elementor-post-type=\"page\">\n\t\t\t\t\t\t<section class=\"ob-is-breaking-bad elementor-section elementor-top-section elementor-element elementor-element-89f4421 elementor-section-boxed elementor-section-height-default elementor-section-height-default\" data-id=\"89f4421\" data-element_type=\"section\" data-e-type=\"section\" data-settings=\"{&quot;_ob_bbad_use_it&quot;:&quot;yes&quot;,&quot;_ob_bbad_sssic_use&quot;:&quot;no&quot;,&quot;_ob_glider_is_slider&quot;:&quot;no&quot;}\">\n\t\t\t\t\t\t<div class=\"elementor-container elementor-column-gap-default\">\n\t\t\t\t\t<div class=\"elementor-column elementor-col-100 elementor-top-column elementor-element elementor-element-fc622d5\" data-id=\"fc622d5\" data-element_type=\"column\" data-e-type=\"column\" data-settings=\"{&quot;_ob_bbad_is_stalker&quot;:&quot;no&quot;,&quot;_ob_teleporter_use&quot;:false,&quot;_ob_column_hoveranimator&quot;:&quot;no&quot;,&quot;_ob_column_has_pseudo&quot;:&quot;no&quot;}\">\n\t\t\t<div class=\"elementor-widget-wrap elementor-element-populated\">\n\t\t\t\t\t\t<div class=\"elementor-element elementor-element-29bc00b ob-harakiri-inherit ob-has-background-overlay elementor-widget elementor-widget-heading\" data-id=\"29bc00b\" data-element_type=\"widget\" data-e-type=\"widget\" data-settings=\"{&quot;_ob_use_harakiri&quot;:&quot;yes&quot;,&quot;_ob_harakiri_writing_mode&quot;:&quot;inherit&quot;,&quot;_ob_harakiri_text_clip&quot;:&quot;none&quot;,&quot;_ob_perspektive_use&quot;:&quot;no&quot;,&quot;_ob_poopart_use&quot;:&quot;yes&quot;,&quot;_ob_shadough_use&quot;:&quot;no&quot;,&quot;_ob_allow_hoveranimator&quot;:&quot;no&quot;,&quot;_ob_widget_stalker_use&quot;:&quot;no&quot;}\" data-widget_type=\"heading.default\">\n\t\t\t\t<div class=\"elementor-widget-container\">\n\t\t\t\t\t<h2 class=\"elementor-heading-title elementor-size-default\">Osto- ja toimitusehdot<\/h2>\t\t\t\t<\/div>\n\t\t\t\t<\/div>\n\t\t\t\t<div class=\"elementor-element elementor-element-4139eb2 ob-harakiri-inherit ob-has-background-overlay elementor-widget elementor-widget-text-editor\" data-id=\"4139eb2\" data-element_type=\"widget\" data-e-type=\"widget\" data-settings=\"{&quot;_ob_use_harakiri&quot;:&quot;yes&quot;,&quot;_ob_harakiri_writing_mode&quot;:&quot;inherit&quot;,&quot;_ob_postman_use&quot;:&quot;no&quot;,&quot;_ob_perspektive_use&quot;:&quot;no&quot;,&quot;_ob_poopart_use&quot;:&quot;yes&quot;,&quot;_ob_shadough_use&quot;:&quot;no&quot;,&quot;_ob_allow_hoveranimator&quot;:&quot;no&quot;,&quot;_ob_widget_stalker_use&quot;:&quot;no&quot;}\" data-widget_type=\"text-editor.default\">\n\t\t\t\t<div class=\"elementor-widget-container\">\n\t\t\t\t\t\t\t\t\t<p>N\u00e4m\u00e4 tilaus- ja toimitusehdot koskevat Smedlunds.com -verkkokauppaa.<\/p>\n<p>Smedlundin Kello- ja kultasep\u00e4nliike<br>Isokatu 15<br>68600 Pietarsaari<\/p>\n<p>(06) 7231152<br>info@smedlunds.fi<br><a href=\"http:\/\/www.smedlunds.com\">www.smedlunds.com<\/a><\/p>\n<p><strong>Osta verkkokaupasta:<\/strong><\/p>\n<p>Smedlundin kello- ja kultasep\u00e4nliike myy verkkokaupassa tuotteita vain yli 18-vuotiaille.<\/p>\n<p>Vahvistamalla tilauksesi hyv\u00e4ksyt my\u00f6s ostoehtomme, jotka tekev\u00e4t tilauksesta sitovan.<\/p>\n<p>Asiakas sitoutuu antamaan tilauksen yhteydess\u00e4 oikeat tiedot ja v\u00e4\u00e4rin annetuista tiedoista vastaa tilaaja.<\/p>\n<p>Verkkokaupasta ostettua lahjakorttia voi k\u00e4ytt\u00e4\u00e4 sek\u00e4 verkkokaupassa ett\u00e4 liikkeess\u00e4. Liikkeest\u00e4 ostettuja lahjakortteja voi k\u00e4ytt\u00e4\u00e4 vain liikkeess\u00e4 asioidessa.<\/p>\n<p><strong>Maksutapa:<\/strong><\/p>\n<p>Maksu tapahtuu Klarna Checkout -palvelun kautta. Maksutavaksi voit valita suoramaksun, korttimaksun, laskun tai osamaksun.<\/p>\n<p>J\u00e4tt\u00e4m\u00e4ll\u00e4 tiedot kassalle hyv\u00e4ksyt Klarnan ehdot. Klikkaamalla &#8221;Suorita osto&#8221; vahvistat tilauksen ja hyv\u00e4ksyt meid\u00e4n ehtomme.<\/p>\n<p>Kaikki maksuun liittyv\u00e4 viestint\u00e4 ja maksutiedot tulevat tilaajalle suoraan Klarnalta. Lis\u00e4tietoja maksusta saat ottamalla yhteytt\u00e4 Klarnan asiakaspalveluun.<\/p>\n<p><strong>Toimitustapa, toimitusaika ja kustannukset:<\/strong><\/p>\n<p>Toimituksistamme vastaa Posti. Toimituskulut ovat 5,90 \u20ac postiin tai postin automaattiin ja 14,90 \u20ac kotiinkuljetuksille. Ilmainen toimitus yli 80\u20ac tilauksille.<\/p>\n<p>Verkkokaupassa tehdyn tilauksen voi my\u00f6s noutaa ilmaiseksi liikkeest\u00e4mme. Asiakas saa ilmoituksen tekstiviestin\u00e4 tai s\u00e4hk\u00f6postitse, kun tilaus on valmiina noudettavaksi.<\/p>\n<p>Toimitukset ulkomaille maksavat enemm\u00e4n ja kohdemaan toimituskustannukset n\u00e4ytet\u00e4\u00e4n kassalla.<\/p>\n<p><strong>Toimitukset Suomessa:<\/strong><\/p>\n<p>Varastossa olevat tuotteet: 1-3 arkip\u00e4iv\u00e4\u00e4.<\/p>\n<p>Tilaustuotteet: Tuotteesta riippuen. Lis\u00e4tietoja valitun tuotteen tuotekuvauksessa.<\/p>\n<p>Nouto liikkeest\u00e4: Normaalisti samana p\u00e4iv\u00e4n\u00e4 kun tilaus on tehty, jos kyseess\u00e4 on arkip\u00e4iv\u00e4.<\/p>\n<p><strong>Toimitukset Ruotsiin:<\/strong><\/p>\n<p>Toimitamme tilauksia my\u00f6s Ruotsiin.&nbsp;<\/p>\n<p>Pikapaketti Ruotsiin toimitetaan 3-8 ty\u00f6p\u00e4iv\u00e4ss\u00e4.<\/p>\n<p>Toimituskulut Ruotsiin maksaa 14,90\u20ac. Ilmainen toimitus yli 150\u20ac tilauksille.<\/p>\n<p>Pid\u00e4t\u00e4mme oikeuden kielt\u00e4yty\u00e4 k\u00e4sittelem\u00e4st\u00e4 tilauksia ep\u00e4iltyjen petosten yhteydess\u00e4.<\/p>\n<p>Tilauksesi l\u00e4hett\u00e4misen yhteydess\u00e4 saat antamaasi s\u00e4hk\u00f6postiosoitteeseen tilausvahvistuksen, joka sis\u00e4lt\u00e4\u00e4 tilauksesi tiedot.<\/p>\n<p>Jos tuote on viallinen tai vahingoittunut toimituksen aikana, ota meihin yhteytt\u00e4 s\u00e4hk\u00f6postitse info@smedlunds.com tai puhelimitse numeroon 06-7231152.<\/p>\n<p>Tilauksesi s\u00e4ilyy noutopisteess\u00e4 seitsem\u00e4n p\u00e4iv\u00e4\u00e4 siit\u00e4 p\u00e4iv\u00e4st\u00e4, kun olet saanut ilmoituksen, ett\u00e4 tilauksesi on noudettavissa. Jos tilausta ei noudeta, laskutamme asiakasta kustannuksista, jotka koostuvat valitun toimitustavan hinnasta ja palautusmaksusta<\/p>\n<p><strong>Palautus- ja vaihto-oikeus<\/strong><\/p>\n<p>Yksityishenkil\u00f6ill\u00e4 on oikeus palauttaa tuotteet ilmaiseksi 14 p\u00e4iv\u00e4n kuluessa niiden vastaanottamisesta.<\/p>\n<p>Tavaroiden on oltava virheett\u00f6mi\u00e4, k\u00e4ytt\u00e4m\u00e4tt\u00f6mi\u00e4 ja alkuper\u00e4isess\u00e4 pakkauksessaan.<\/p>\n<p>Jos haluat palauttaa tilatut tuotteet, ota yhteytt\u00e4 info@smedlunds.fi.<\/p>\n<p>L\u00e4het\u00e4mme sinulle palautuskoodi, joka on otettava mukaan Postin palautuspisteeseen, palautusta tehdess\u00e4. Koodin kanssa palautus on ilmainen ja paketti l\u00e4hetet\u00e4\u00e4n takaisin meille.<\/p>\n<p>Tilaus sis\u00e4lt\u00e4\u00e4 palautuslomakkeen, johon ilmoitetaan palautuksen syy ja mitk\u00e4 tuotteet palautetaan. Palautuslappu on kiinnitett\u00e4v\u00e4 palautuspakettiin. Pid\u00e4 palautuspisteest\u00e4 saamasi kuitti tallessa, kunnes olemme vastaanottaneet ja rekister\u00f6ineet palautuksesi.<\/p>\n<p><strong>Takuu ja huolto:<\/strong><\/p>\n<p>Autamme mielell\u00e4mme takuuhuoltoa, palautuksia ja valituksia koskevissa kysymyksiss\u00e4.<\/p>\n<p>Takuu kattaa kaikki valmistusvirheet ja kellojen koneistot.<\/p>\n<p>Takuu ei kata rannekellon ranneketta eik\u00e4 lasia, eik\u00e4 my\u00f6sk\u00e4\u00e4n tuotteiden normaalia kulumista, naarmuuntumista tai huolimattoman k\u00e4yt\u00f6n aiheuttamia vahinkoja, esim. tuote on pudonnut maahan.<\/p>\n<p>Laatutuotteistamme huolimatta jotain voi joskus menn\u00e4 pieleen. Olemme ottaneet t\u00e4m\u00e4n huomioon ja teemme aina parhaamme selvitt\u00e4\u00e4ksemme ilmenev\u00e4t ongelmat mahdollisimman nopeasti.<\/p>\n<p>Valituksia varten voit ottaa meihin yhteytt\u00e4 s\u00e4hk\u00f6postitse info@smedlunds.fi tai puhelimitse 06-7231152.<\/p>\t\t\t\t\t\t\t\t<\/div>\n\t\t\t\t<\/div>\n\t\t\t\t\t<\/div>\n\t\t<\/div>\n\t\t\t\t\t<\/div>\n\t\t<\/section>\n\t\t\t\t<\/div>\n\t\t","protected":false},"excerpt":{"rendered":"<p>Osto- ja toimitusehdot N\u00e4m\u00e4 tilaus- ja toimitusehdot koskevat Smedlunds.com -verkkokauppaa. Smedlundin Kello- ja kultasep\u00e4nliikeIsokatu 1568600 Pietarsaari (06) 7231152info@smedlunds.fiwww.smedlunds.com Osta verkkokaupasta: Smedlundin kello- ja kultasep\u00e4nliike myy verkkokaupassa tuotteita vain yli 18-vuotiaille. Vahvistamalla tilauksesi hyv\u00e4ksyt my\u00f6s ostoehtomme, jotka tekev\u00e4t tilauksesta sitovan. Asiakas sitoutuu antamaan tilauksen yhteydess\u00e4 oikeat tiedot ja v\u00e4\u00e4rin annetuista tiedoista vastaa tilaaja. Verkkokaupasta ostettua lahjakorttia [&hellip;]<\/p>\n","protected":false},"author":1,"featured_media":0,"parent":0,"menu_order":0,"comment_status":"closed","ping_status":"closed","template":"elementor_header_footer","meta":{"site-sidebar-layout":"no-sidebar","site-content-layout":"page-builder","ast-site-content-layout":"default","site-content-style":"default","site-sidebar-style":"default","ast-global-header-display":"","ast-banner-title-visibility":"","ast-main-header-display":"","ast-hfb-above-header-display":"","ast-hfb-below-header-display":"","ast-hfb-mobile-header-display":"","site-post-title":"disabled","ast-breadcrumbs-content":"","ast-featured-img":"disabled","footer-sml-layout":"","ast-disable-related-posts":"","theme-transparent-header-meta":"default","adv-header-id-meta":"","stick-header-meta":"","header-above-stick-meta":"","header-main-stick-meta":"","header-below-stick-meta":"","astra-migrate-meta-layouts":"default","ast-page-background-enabled":"default","ast-page-background-meta":{"desktop":{"background-color":"","background-image":"","background-repeat":"repeat","background-position":"center center","background-size":"auto","background-attachment":"scroll","background-type":"","background-media":"","overlay-type":"","overlay-color":"","overlay-opacity":"","overlay-gradient":""},"tablet":{"background-color":"","background-image":"","background-repeat":"repeat","background-position":"center center","background-size":"auto","background-attachment":"scroll","background-type":"","background-media":"","overlay-type":"","overlay-color":"","overlay-opacity":"","overlay-gradient":""},"mobile":{"background-color":"","background-image":"","background-repeat":"repeat","background-position":"center center","background-size":"auto","background-attachment":"scroll","background-type":"","background-media":"","overlay-type":"","overlay-color":"","overlay-opacity":"","overlay-gradient":""}},"ast-content-background-meta":{"desktop":{"background-color":"var(--ast-global-color-5)","background-image":"","background-repeat":"repeat","background-position":"center center","background-size":"auto","background-attachment":"scroll","background-type":"","background-media":"","overlay-type":"","overlay-color":"","overlay-opacity":"","overlay-gradient":""},"tablet":{"background-color":"var(--ast-global-color-5)","background-image":"","background-repeat":"repeat","background-position":"center center","background-size":"auto","background-attachment":"scroll","background-type":"","background-media":"","overlay-type":"","overlay-color":"","overlay-opacity":"","overlay-gradient":""},"mobile":{"background-color":"var(--ast-global-color-5)","background-image":"","background-repeat":"repeat","background-position":"center center","background-size":"auto","background-attachment":"scroll","background-type":"","background-media":"","overlay-type":"","overlay-color":"","overlay-opacity":"","overlay-gradient":""}},"footnotes":""},"class_list":["post-638","page","type-page","status-publish","hentry"],"_links":{"self":[{"href":"https:\/\/smedlunds.com\/fi\/wp-json\/wp\/v2\/pages\/638","targetHints":{"allow":["GET"]}}],"collection":[{"href":"https:\/\/smedlunds.com\/fi\/wp-json\/wp\/v2\/pages"}],"about":[{"href":"https:\/\/smedlunds.com\/fi\/wp-json\/wp\/v2\/types\/page"}],"author":[{"embeddable":true,"href":"https:\/\/smedlunds.com\/fi\/wp-json\/wp\/v2\/users\/1"}],"replies":[{"embeddable":true,"href":"https:\/\/smedlunds.com\/fi\/wp-json\/wp\/v2\/comments?post=638"}],"version-history":[{"count":0,"href":"https:\/\/smedlunds.com\/fi\/wp-json\/wp\/v2\/pages\/638\/revisions"}],"wp:attachment":[{"href":"https:\/\/smedlunds.com\/fi\/wp-json\/wp\/v2\/media?parent=638"}],"curies":[{"name":"wp","href":"https:\/\/api.w.org\/{rel}","templated":true}]}}