{"id":451459,"date":"2024-10-11T10:35:09","date_gmt":"2024-10-11T07:35:09","guid":{"rendered":"https:\/\/smedlunds.com\/?page_id=451459"},"modified":"2024-10-11T12:47:26","modified_gmt":"2024-10-11T09:47:26","slug":"tietosuojaseloste","status":"publish","type":"page","link":"https:\/\/smedlunds.com\/fi\/tietosuojaseloste\/","title":{"rendered":"Tietosuojaseloste"},"content":{"rendered":"\t\t<div data-elementor-type=\"wp-page\" data-elementor-id=\"451459\" class=\"elementor elementor-451459 elementor-451435\" data-elementor-post-type=\"page\">\n\t\t\t\t\t\t<section class=\"ob-is-breaking-bad elementor-section elementor-top-section elementor-element elementor-element-ecf9bc6 elementor-section-boxed elementor-section-height-default elementor-section-height-default\" data-id=\"ecf9bc6\" data-element_type=\"section\" data-e-type=\"section\" data-settings=\"{&quot;_ob_bbad_use_it&quot;:&quot;yes&quot;,&quot;_ob_bbad_sssic_use&quot;:&quot;no&quot;,&quot;_ob_glider_is_slider&quot;:&quot;no&quot;}\">\n\t\t\t\t\t\t<div class=\"elementor-container elementor-column-gap-default\">\n\t\t\t\t\t<div class=\"elementor-column elementor-col-100 elementor-top-column elementor-element elementor-element-3954665\" data-id=\"3954665\" data-element_type=\"column\" data-e-type=\"column\" data-settings=\"{&quot;_ob_bbad_is_stalker&quot;:&quot;no&quot;,&quot;_ob_teleporter_use&quot;:false,&quot;_ob_column_hoveranimator&quot;:&quot;no&quot;,&quot;_ob_column_has_pseudo&quot;:&quot;no&quot;}\">\n\t\t\t<div class=\"elementor-widget-wrap elementor-element-populated\">\n\t\t\t\t\t\t<div class=\"elementor-element elementor-element-6f19677 ob-harakiri-inherit ob-has-background-overlay elementor-widget elementor-widget-heading\" data-id=\"6f19677\" data-element_type=\"widget\" data-e-type=\"widget\" data-settings=\"{&quot;_ob_use_harakiri&quot;:&quot;yes&quot;,&quot;_ob_harakiri_writing_mode&quot;:&quot;inherit&quot;,&quot;_ob_harakiri_text_clip&quot;:&quot;none&quot;,&quot;_ob_perspektive_use&quot;:&quot;no&quot;,&quot;_ob_poopart_use&quot;:&quot;yes&quot;,&quot;_ob_shadough_use&quot;:&quot;no&quot;,&quot;_ob_allow_hoveranimator&quot;:&quot;no&quot;,&quot;_ob_widget_stalker_use&quot;:&quot;no&quot;}\" data-widget_type=\"heading.default\">\n\t\t\t\t<div class=\"elementor-widget-container\">\n\t\t\t\t\t<h1 class=\"elementor-heading-title elementor-size-default\">Tietosuojaseloste<\/h1>\t\t\t\t<\/div>\n\t\t\t\t<\/div>\n\t\t\t\t<div class=\"elementor-element elementor-element-852c99a ob-harakiri-inherit ob-has-background-overlay elementor-widget elementor-widget-text-editor\" data-id=\"852c99a\" data-element_type=\"widget\" data-e-type=\"widget\" data-settings=\"{&quot;_ob_use_harakiri&quot;:&quot;yes&quot;,&quot;_ob_harakiri_writing_mode&quot;:&quot;inherit&quot;,&quot;_ob_postman_use&quot;:&quot;no&quot;,&quot;_ob_perspektive_use&quot;:&quot;no&quot;,&quot;_ob_poopart_use&quot;:&quot;yes&quot;,&quot;_ob_shadough_use&quot;:&quot;no&quot;,&quot;_ob_allow_hoveranimator&quot;:&quot;no&quot;,&quot;_ob_widget_stalker_use&quot;:&quot;no&quot;}\" data-widget_type=\"text-editor.default\">\n\t\t\t\t<div class=\"elementor-widget-container\">\n\t\t\t\t\t\t\t\t\t<h4>1. Rekisterinpit\u00e4j\u00e4<\/h4><p>Smedlunds Uraff\u00e4r Ab<\/p><p>Y-tunnus: 1064081-0<\/p><p>Osoite: <span style=\"font-size: 16px;\">Isokatu 15, 68600 Pietarsaari<\/span><\/p><p>Puhelin: 06 723 1152<\/p><p>S\u00e4hk\u00f6posti: info@smedlunds.fi<\/p><h4>2. Henkil\u00f6rekisterin nimi<\/h4><p>Smedlundin asiakas- ja markkinointirekisteri<\/p><h4>\u00a0<\/h4><h4>3. Mit\u00e4 henkil\u00f6tietoja k\u00e4sittelemme?<\/h4><p>Ker\u00e4\u00e4mme henkil\u00f6tietoja, jotka l\u00e4het\u00e4t meille, kun esimerkiksi rekister\u00f6idyt verkkokauppamme asiakkaaksi, tilaat tuotteita ja otat yhteytt\u00e4 asiakaspalveluumme. Tiedot, joita k\u00e4sittelemme ovat nimi, kotiosoite, toimitusosoite tai ty\u00f6paikan osoite, postinumero ja -toimipaikka, s\u00e4hk\u00f6postiosoite, puhelinnumero, tilaushistoria, tekniset tiedot (k\u00e4ytt\u00e4j\u00e4n IP-osoite ja k\u00e4ytett\u00e4v\u00e4 selain) sek\u00e4 ev\u00e4stetiedot. Lis\u00e4ksi voimme ker\u00e4t\u00e4 tiettyj\u00e4 henkil\u00f6tietoja, kuten luottotietoja ja osoitteenmuutoksia, ulkoisista l\u00e4hteist\u00e4.<\/p><p>Tietoja voidaan p\u00e4ivitt\u00e4\u00e4 my\u00f6s viranomaisl\u00e4hteist\u00e4 sek\u00e4 muilta yrityksilt\u00e4 lain sallimissa rajoissa.<\/p><h4>\u00a0<\/h4><h4>4. Miten k\u00e4yt\u00e4mme henkil\u00f6tietojasi?<\/h4><p>Tietoja voidaan k\u00e4ytt\u00e4\u00e4 asiakkuutesi ja tilaustesi hallinnointiin, tunnistautumiseen, suoramarkkinointiin, asiakastutkimuksiin, analyysi- ja profilointitarkoituksiin sek\u00e4 tilastointiin. Tietoja voidaan k\u00e4ytt\u00e4\u00e4 my\u00f6s markkinointimateriaalin l\u00e4hett\u00e4miseen postilla, tekstiviesteill\u00e4 ja s\u00e4hk\u00f6postilla sek\u00e4 yhteydenottoihin puhelimitse, ellet ole itse kielt\u00e4nyt t\u00e4t\u00e4. Tietoja voidaan k\u00e4ytt\u00e4\u00e4 my\u00f6s sinulle merkityksellisen tiedon v\u00e4litt\u00e4miseen ja markkinoinnin kohdentamiseen sek\u00e4 palveluidemme parantamiseen.<\/p><p>Smedlunds Uraff\u00e4r Ab voi k\u00e4ytt\u00e4\u00e4 alihankkijoita tai palveluntarjoajia palvelujen yll\u00e4pitoon, paino- ja jakeluteht\u00e4viin, asiakaspalveluun, maksunv\u00e4litykseen ja luotonanto ja -maksupalveluihin, k\u00e4ytt\u00e4j\u00e4tietojen hallinnointiin ja analysointiin, tutkimuksiin, asiakasviestint\u00e4\u00e4n sek\u00e4 kampanjoiden toteuttamiseen. Smedlunds Uraff\u00e4r Ab:n alihankkijat ja palveluntarjoajat voivat k\u00e4ytt\u00e4\u00e4 henkil\u00f6tietojasi vain tarkoituksiin, jotka on m\u00e4\u00e4ritelty t\u00e4ss\u00e4 tietosuojaselosteessa.<\/p><p>Yll\u00e4 mainitut kolmannet osapuolet eiv\u00e4t voi k\u00e4ytt\u00e4\u00e4 tietojasi muuhun, kuin t\u00e4ss\u00e4 selosteessa mainittuihin tarkoituksiin sek\u00e4 Smedlunds Uraff\u00e4r Ab:n m\u00e4\u00e4rittelemiin tarkoituksiin. Smedlunds Uraff\u00e4r Ab velvoittaa kolmansia osapuolia pit\u00e4m\u00e4\u00e4n tietosi salassa ja varmistamaan riitt\u00e4v\u00e4n tietosuojan tason, jotta tietosi ovat turvassa.<\/p><p><strong>Tietojen siirto EU\/ETA \u2013alueen ulkopuolelle<\/strong><\/p><p>Tietoja ei luovuteta EU \/ ETA maiden ulkopuolelle, ellei se ole Smedlunds Uraff\u00e4r Ab:n tai yhteisty\u00f6kumppanin palvelun teknisen toteutuksen vuoksi tarpeellista. T\u00e4ll\u00f6in Smedlunds Uraff\u00e4r Ab huolehtii riitt\u00e4v\u00e4sti tietosuojan tasosta.<\/p><p>Henkil\u00f6tietojasi voidaan luovuttaa viranomaisille n\u00e4in vaadittaessa tai laissa m\u00e4\u00e4riteltyihin tarkoituksiin.<\/p><h4>\u00a0<\/h4><h4>5. Miten suojaamme henkil\u00f6tietosi?<\/h4><p>Smedlunds Uraff\u00e4r Ab pit\u00e4\u00e4 rekister\u00f6ityjen tietojen huolellista suojaamista eritt\u00e4in t\u00e4rke\u00e4n\u00e4. Tiedot tallennetaan s\u00e4hk\u00f6iseen j\u00e4rjestelm\u00e4\u00e4n, jota suojaavat palomuurit, salasanat ja muut tarvittavat tekniset ratkaisut. Vain m\u00e4\u00e4ritetyill\u00e4 Smedlunds Uraff\u00e4r Ab palveluksessa olevilla henkil\u00f6ill\u00e4 sek\u00e4 henkil\u00f6ill\u00e4, jotka tarvitsevat tietoja teht\u00e4viens\u00e4 hoitoon, on p\u00e4\u00e4sy rekisterin tietoihin. Kaikkia, jotka k\u00e4ytt\u00e4v\u00e4t rekisterin tietoja, koskee salassapitovelvollisuus.<\/p><h4>\u00a0<\/h4><h4><strong>6. Miten pitk\u00e4\u00e4n henkil\u00f6tietojani s\u00e4\u00e4stet\u00e4\u00e4n?<\/strong><\/h4><p>Henkil\u00f6tietojasi pidet\u00e4\u00e4n rekisteriss\u00e4 vain niin pitk\u00e4\u00e4n kuin se on v\u00e4ltt\u00e4m\u00e4t\u00f6nt\u00e4, ett\u00e4 t\u00e4ss\u00e4 selosteessa m\u00e4\u00e4ritelty k\u00e4ytt\u00f6tarkoitus on t\u00e4ytetty ja mit\u00e4 laki m\u00e4\u00e4r\u00e4\u00e4 tietojen s\u00e4ilytt\u00e4misest\u00e4. Lain m\u00e4\u00e4r\u00e4\u00e4m\u00e4n velvoitteen mukaisesti Smedlunds Uraff\u00e4r Ab voi joutua s\u00e4ilytt\u00e4m\u00e4\u00e4n tietoja pidemp\u00e4\u00e4n kuin edell\u00e4 mainittu ajanjakso edellytt\u00e4\u00e4.<\/p><p>Vanhentuneet ja tarpeettomat tiedot tuhotaan asianmukaisella tavalla. Henkil\u00f6tiedot vied\u00e4\u00e4n rekisteriin siin\u00e4 muodossa, miss\u00e4 rekister\u00f6it\u00e4v\u00e4 on antanut ne ja p\u00e4ivityksen voi tehd\u00e4 joko rekister\u00f6ity itse tai Smedlunds Uraff\u00e4r Ab rekister\u00f6idyn tekem\u00e4n pyynn\u00f6n perusteella.<\/p><h4>\u00a0<\/h4><h4>7. Henkil\u00f6tietojesi tarkastaminen, p\u00e4ivitys, korjaaminen ja poistaminen<\/h4><p>Asiakkaana sinulla on oikeus tarkistaa, mit\u00e4 tietoja sinusta on tallennettu Smedlunds Uraff\u00e4r Ab:n asiakas- ja suoramarkkinointirekisteriin. Tarkastusoikeus voidaan ev\u00e4t\u00e4 laissa s\u00e4\u00e4detyin perustein. Tarkastusoikeuden k\u00e4ytt\u00e4minen on l\u00e4ht\u00f6kohtaisesti maksutonta. Sinulla on oikeus koska tahansa vastustaa tietojesi k\u00e4sittely\u00e4, mik\u00e4li koet, ett\u00e4 Smedlunds Uraff\u00e4r Ab on k\u00e4sitellyt tietoja lainvastaisesti tai ett\u00e4 Smedlunds Uraff\u00e4r Ab ei ole oikeutta k\u00e4sitell\u00e4 rekister\u00f6idyn tietoja. Vastustamisoikeus ei koske sellaista tietojen k\u00e4sittely\u00e4, johon laki velvoittaa Smedlunds Uraff\u00e4r Ab.<\/p><p>Sinulla on oikeus saada virheelliset tiedot oikaistuiksi tai puutteelliset tiedot t\u00e4ydennetyiksi sek\u00e4 oikeus vaatia tietojesi poistamista asiakas- ja suoramarkkinointirekisterist\u00e4mme. Poisto-oikeutta ei kuitenkaan ole silt\u00e4 osin kuin tietojen k\u00e4sittely ja s\u00e4ilytt\u00e4minen rekisteriss\u00e4 on v\u00e4ltt\u00e4m\u00e4t\u00f6nt\u00e4 Smedlunds Uraff\u00e4r Ab:n koskevan lakis\u00e4\u00e4teisen velvoitteen noudattamiseksi tai muun laissa s\u00e4\u00e4detyn perusteen johdosta.<\/p><p>Silt\u00e4 osin kun olet itse toimittanut asiakas- ja suoramarkkinointirekisteriimme tietoja, joita k\u00e4sitell\u00e4\u00e4n antamasi suostumuksen tai toimeksiannon nojalla, sinulla on oikeus saada t\u00e4llaiset tiedot p\u00e4\u00e4s\u00e4\u00e4nt\u00f6isesti koneluettavassa muodossa ja oikeus siirt\u00e4\u00e4 n\u00e4m\u00e4 tiedot toiselle rekisterinpit\u00e4j\u00e4lle.<\/p><p>Sinulla on oikeus milloin tahansa vastustaa tietojesi k\u00e4sittely\u00e4 suoramarkkinointitarkoituksiin. Sinulla on oikeus ottaa meihin yhteytt\u00e4 ja vaatia Smedlunds Uraff\u00e4r Ab sek\u00e4 kaikkia kolmansia osapuolia poistamaan ker\u00e4tyt, sinulle kuuluvat henkil\u00f6tiedot.<\/p><p>Mik\u00e4li tietojasi k\u00e4sitell\u00e4\u00e4n suostumukseesi perustuen, sinulla on oikeus peruuttaa suostumus ilmoittamalla t\u00e4st\u00e4 meille t\u00e4m\u00e4n tietosuojaselosteen mukaisesti.<\/p><p>Sinun tulee l\u00e4hett\u00e4\u00e4 oikeuksiasi koskevat pyynn\u00f6t kirjallisena tai s\u00e4hk\u00f6postitse kohdassa 1 mainittuun osoitteeseen. Smedlunds Uraff\u00e4r Ab voi pyyt\u00e4\u00e4 rekister\u00f6ity\u00e4 tarkentamaan pyynt\u00f6\u00e4\u00e4n ja varmentamaan henkil\u00f6llisyyden ennen pyynn\u00f6n k\u00e4sittelemist\u00e4. Smedlunds Uraff\u00e4r Ab voi kielt\u00e4yty\u00e4 pyynn\u00f6n toteuttamisesta sovellettavassa laissa s\u00e4\u00e4detyll\u00e4 perusteella. Smedlunds Uraff\u00e4r Ab vastaa pyynt\u00f6ihin yhden (1) kuukauden sis\u00e4ll\u00e4 pyynn\u00f6n esitt\u00e4misest\u00e4, ellei ole erityisi\u00e4 syit\u00e4 pident\u00e4\u00e4 vastaamisaikaa.<\/p><p>Sinulla on oikeus valittaa viranomaiselle, mik\u00e4li Smedlunds Uraff\u00e4r Ab ei ole noudattanut tietosuojalains\u00e4\u00e4d\u00e4nt\u00f6\u00e4.<\/p><h4>\u00a0<\/h4><h4>8. Linkit<\/h4><p>Verkkokauppamme smedlunds.com voi sis\u00e4lt\u00e4\u00e4 linkkej\u00e4 muihin verkko-osoitteisiin. T\u00e4m\u00e4 tietosuojaseloste koskee vain smedlunds.com -kotisivu. Kun siirryt toiseen verkko-osoitteeseen, kehotamme sinua lukemaan kyseist\u00e4 sivustoa koskevan tietosuojaselosteen. Huomioithan, ett\u00e4 Smedlunds Uraff\u00e4r Ab ei vastaa siit\u00e4, miten muut verkkopalvelut k\u00e4sittelev\u00e4t henkil\u00f6tietojasi.<\/p><h4>\u00a0<\/h4><h4>9. Ev\u00e4steet<\/h4><p>K\u00e4yt\u00e4mme sivustollamme\u00a0ev\u00e4steit\u00e4\u00a0ja muita vastaavia tekniikoita. Ev\u00e4ste on pieni tekstitiedosto, jonka selain tallentaa k\u00e4ytt\u00e4j\u00e4n p\u00e4\u00e4telaitteelle. Ev\u00e4steet sis\u00e4lt\u00e4v\u00e4t nimett\u00f6m\u00e4n, yksil\u00f6llisen tunnisteen, jonka avulla voimme tunnistaa ja laskea sivustollamme vierailevat eri selaimet. Ev\u00e4steiden ja muiden vastaavien tekniikoiden k\u00e4yt\u00f6n tarkoituksena on analysoida ja kehitt\u00e4\u00e4 palvelujamme edelleen k\u00e4ytt\u00e4ji\u00e4 paremmin palveleviksi sek\u00e4 kohdentaa mainontaa. K\u00e4ytt\u00e4j\u00e4 voi est\u00e4\u00e4 ev\u00e4steiden k\u00e4yt\u00f6n tai tyhjent\u00e4\u00e4 ev\u00e4steet selaimen asetuksista.<\/p><h4>\u00a0<\/h4><h4>10. Tietosuojaselosteen muutokset<\/h4><p>Smedlunds Uraff\u00e4r Ab kehitt\u00e4\u00e4 toimintaansa jatkuvasti ja pid\u00e4tt\u00e4\u00e4 siksi oikeuden muuttaa tietosuojaselostetta ilmoittamalla siit\u00e4 verkkosivuillaan. Muutokset voivat perustua my\u00f6s muutoksiin lains\u00e4\u00e4d\u00e4nn\u00f6ss\u00e4. Suosittelemme, ett\u00e4 tutustut s\u00e4\u00e4nn\u00f6llisesti tietosuojaselosteen sis\u00e4lt\u00f6\u00f6n.<\/p>\t\t\t\t\t\t\t\t<\/div>\n\t\t\t\t<\/div>\n\t\t\t\t\t<\/div>\n\t\t<\/div>\n\t\t\t\t\t<\/div>\n\t\t<\/section>\n\t\t\t\t<\/div>\n\t\t","protected":false},"excerpt":{"rendered":"<p>Tietosuojaseloste 1. Rekisterinpit\u00e4j\u00e4 Smedlunds Uraff\u00e4r Ab Y-tunnus: 1064081-0 Osoite: Isokatu 15, 68600 Pietarsaari Puhelin: 06 723 1152 S\u00e4hk\u00f6posti: info@smedlunds.fi 2. Henkil\u00f6rekisterin nimi Smedlundin asiakas- ja markkinointirekisteri \u00a0 3. Mit\u00e4 henkil\u00f6tietoja k\u00e4sittelemme? Ker\u00e4\u00e4mme henkil\u00f6tietoja, jotka l\u00e4het\u00e4t meille, kun esimerkiksi rekister\u00f6idyt verkkokauppamme asiakkaaksi, tilaat tuotteita ja otat yhteytt\u00e4 asiakaspalveluumme. Tiedot, joita k\u00e4sittelemme ovat nimi, kotiosoite, toimitusosoite tai [&hellip;]<\/p>\n","protected":false},"author":1,"featured_media":0,"parent":0,"menu_order":0,"comment_status":"closed","ping_status":"closed","template":"","meta":{"site-sidebar-layout":"no-sidebar","site-content-layout":"page-builder","ast-site-content-layout":"full-width-container","site-content-style":"default","site-sidebar-style":"default","ast-global-header-display":"","ast-banner-title-visibility":"","ast-main-header-display":"","ast-hfb-above-header-display":"","ast-hfb-below-header-display":"","ast-hfb-mobile-header-display":"","site-post-title":"disabled","ast-breadcrumbs-content":"","ast-featured-img":"disabled","footer-sml-layout":"","ast-disable-related-posts":"","theme-transparent-header-meta":"","adv-header-id-meta":"","stick-header-meta":"","header-above-stick-meta":"","header-main-stick-meta":"","header-below-stick-meta":"","astra-migrate-meta-layouts":"set","ast-page-background-enabled":"default","ast-page-background-meta":{"desktop":{"background-color":"","background-image":"","background-repeat":"repeat","background-position":"center center","background-size":"auto","background-attachment":"scroll","background-type":"","background-media":"","overlay-type":"","overlay-color":"","overlay-opacity":"","overlay-gradient":""},"tablet":{"background-color":"","background-image":"","background-repeat":"repeat","background-position":"center center","background-size":"auto","background-attachment":"scroll","background-type":"","background-media":"","overlay-type":"","overlay-color":"","overlay-opacity":"","overlay-gradient":""},"mobile":{"background-color":"","background-image":"","background-repeat":"repeat","background-position":"center center","background-size":"auto","background-attachment":"scroll","background-type":"","background-media":"","overlay-type":"","overlay-color":"","overlay-opacity":"","overlay-gradient":""}},"ast-content-background-meta":{"desktop":{"background-color":"var(--ast-global-color-5)","background-image":"","background-repeat":"repeat","background-position":"center center","background-size":"auto","background-attachment":"scroll","background-type":"","background-media":"","overlay-type":"","overlay-color":"","overlay-opacity":"","overlay-gradient":""},"tablet":{"background-color":"var(--ast-global-color-5)","background-image":"","background-repeat":"repeat","background-position":"center center","background-size":"auto","background-attachment":"scroll","background-type":"","background-media":"","overlay-type":"","overlay-color":"","overlay-opacity":"","overlay-gradient":""},"mobile":{"background-color":"var(--ast-global-color-5)","background-image":"","background-repeat":"repeat","background-position":"center center","background-size":"auto","background-attachment":"scroll","background-type":"","background-media":"","overlay-type":"","overlay-color":"","overlay-opacity":"","overlay-gradient":""}},"footnotes":""},"class_list":["post-451459","page","type-page","status-publish","hentry"],"_links":{"self":[{"href":"https:\/\/smedlunds.com\/fi\/wp-json\/wp\/v2\/pages\/451459","targetHints":{"allow":["GET"]}}],"collection":[{"href":"https:\/\/smedlunds.com\/fi\/wp-json\/wp\/v2\/pages"}],"about":[{"href":"https:\/\/smedlunds.com\/fi\/wp-json\/wp\/v2\/types\/page"}],"author":[{"embeddable":true,"href":"https:\/\/smedlunds.com\/fi\/wp-json\/wp\/v2\/users\/1"}],"replies":[{"embeddable":true,"href":"https:\/\/smedlunds.com\/fi\/wp-json\/wp\/v2\/comments?post=451459"}],"version-history":[{"count":0,"href":"https:\/\/smedlunds.com\/fi\/wp-json\/wp\/v2\/pages\/451459\/revisions"}],"wp:attachment":[{"href":"https:\/\/smedlunds.com\/fi\/wp-json\/wp\/v2\/media?parent=451459"}],"curies":[{"name":"wp","href":"https:\/\/api.w.org\/{rel}","templated":true}]}}